{"id":1,"date":"2014-09-02T05:16:41","date_gmt":"2014-09-02T08:16:41","guid":{"rendered":"https:\/\/2014.riodejaneiro.wordcamp.org\/?page_id=1"},"modified":"2014-09-19T11:22:14","modified_gmt":"2014-09-19T14:22:14","slug":"programacao","status":"publish","type":"page","link":"https:\/\/riodejaneiro.wordcamp.org\/2014\/programacao\/","title":{"rendered":"Programa\u00e7\u00e3o"},"content":{"rendered":"<h4>Legenda tipo de evento<\/h4>\n<ul class=\"legenda-eventos\">\n<li class=\"evento-administrativo\">Administrativo<\/li>\n<li class=\"evento-painel\">Painel<\/li>\n<li class=\"evento-palestra\">Palestra<\/li>\n<li class=\"evento-small_talk\">Small Talk<\/li>\n<\/ul>\n<table class=\"programacao\">\n<thead>\n<tr>\n<th width=\"180\">Hor\u00e1rio<\/th>\n<th width=\"275\">Programa\u00e7\u00e3o<\/th>\n<th>Palestra<\/th>\n<\/tr>\n<\/thead>\n<tbody>\n<tr class=\"evento-administrativo\">\n<th>8h &#8211; 8:40h<\/th>\n<th colspan=\"2\">Credenciamento<\/th>\n<\/tr>\n<tr class=\"evento-administrativo\">\n<th>8:40h &#8211; 9h<\/th>\n<th>Abertura<\/th>\n<th class=\"white\"><a href=\"https:\/\/2014.riodejaneiro.wordcamp.org\/palestrantes\/#wcorg-speaker-guga-alves\">Guga Alves<\/a><\/th>\n<\/tr>\n<tr class=\"evento-painel\">\n<th>9h &#8211; 10h<\/th>\n<th><a href=\"https:\/\/2014.riodejaneiro.wordcamp.org\/palestrantes\/#wcorg-speaker-cristianoweb\">Cristiano Santos &#8211; Moderador<\/a><br \/>\n<a href=\"https:\/\/2014.riodejaneiro.wordcamp.org\/palestrantes\/#wcorg-speaker-mauricio-samy-maujor\">Mauricio Samy &#8220;Maujor&#8221;<\/a><br \/>\n<a href=\"https:\/\/2014.riodejaneiro.wordcamp.org\/palestrantes\/#wcorg-speaker-rafael-burity\">Rafael Burity<\/a><br \/>\n<a href=\"https:\/\/2014.riodejaneiro.wordcamp.org\/palestrantes\/#wcorg-speaker-richard-barros\">Richard Barros<\/a><br \/>\n<a href=\"https:\/\/2014.riodejaneiro.wordcamp.org\/palestrantes\/#wcorg-speaker-andre-barcellos\">Andr\u00e9 Barcellos<\/a><\/th>\n<th>Design para WordPress<\/th>\n<\/tr>\n<tr class=\"evento-palestra\">\n<th>10h &#8211; 10:45h<\/th>\n<th><a href=\"https:\/\/2014.riodejaneiro.wordcamp.org\/palestrantes\/#wcorg-speaker-herick-correa\">Herick Correa<\/a><\/th>\n<th>Como desenvolver templates com design original e exclusivo para WP, e tamb\u00e9m ter um Admin amig\u00e1vel para o seu cliente.<\/th>\n<\/tr>\n<tr class=\"evento-small_talk\">\n<th>10:45h &#8211; 11h<\/th>\n<th><a href=\"https:\/\/2014.riodejaneiro.wordcamp.org\/palestrantes\/#wcorg-speaker-valerio-souza\">Val\u00e9rio Souza<\/a><\/th>\n<th>Jetpack, deixando seu WordPress um jato em 15 minutos<\/th>\n<\/tr>\n<tr class=\"evento-small_talk\">\n<th>11h &#8211; 11:15h<\/th>\n<th><a href=\"https:\/\/2014.riodejaneiro.wordcamp.org\/palestrantes\/#wcorg-speaker-rafael-funchal\">Rafael Funchal<\/a><\/th>\n<th>Newsletters no WordPress<\/th>\n<\/tr>\n<tr class=\"evento-small_talk\">\n<th>11:15h &#8211; 11:30h<\/th>\n<th><a href=\"https:\/\/2014.riodejaneiro.wordcamp.org\/palestrantes\/#wcorg-speaker-fernando-ticon\">Fernando Ticon<\/a><\/th>\n<th>Podcast no WordPress! Aprenda como publicar seu podcast e criar um feed no iTunes, utilizando a plataforma WordPress e seus plugins!<\/th>\n<\/tr>\n<tr class=\"evento-small_talk\">\n<th>11:30h &#8211; 11:45h<\/th>\n<th><a href=\"https:\/\/2014.riodejaneiro.wordcamp.org\/palestrantes\/#wcorg-speaker-anilton-veiga\">Anilton Veiga<\/a><\/th>\n<th>WooCommerce, muito al\u00e9m de um plugin. Um case brasileiro de sucesso com o WooCommerce.<\/th>\n<\/tr>\n<tr class=\"evento-administrativo\">\n<th>11:45h &#8211; 13:30<\/th>\n<th colspan=\"2\">Almo\u00e7o<\/th>\n<\/tr>\n<tr class=\"evento-painel\">\n<th>13:30h &#8211; 14:30h<\/th>\n<th><a href=\"https:\/\/2014.riodejaneiro.wordcamp.org\/palestrantes\/#wcorg-speaker-flavio-lamenza\">Fl\u00e1vio Lamenza<\/a>, Kibeloco e Chongas<br \/>\n<a href=\"https:\/\/2014.riodejaneiro.wordcamp.org\/palestrantes\/#wcorg-speaker-carlos-alberto-ferreira\">Carlos Alberto Ferreira<\/a>, Rede Globo<br \/>\n<a href=\"https:\/\/2014.riodejaneiro.wordcamp.org\/palestrantes\/#wcorg-speaker-mauro-amaral\">Mauro Amaral<\/a>, Cont\u00e9m Conte\u00fado<br \/>\n<a href=\"https:\/\/2014.riodejaneiro.wordcamp.org\/palestrantes\/#wcorg-speaker-denise-dambros\">Denise Dambros<\/a>, Toviassu (Casseta e Planeta)<br \/>\n<a href=\"https:\/\/2014.riodejaneiro.wordcamp.org\/palestrantes\/#wcorg-speaker-nick-ellis\">Nick Ellis<\/a> &#8211; Meio Bit (Moderador)<\/th>\n<th>Conte\u00fado Web<\/th>\n<\/tr>\n<tr class=\"evento-palestra\">\n<th>14:30h &#8211; 15:15h<\/th>\n<th><a href=\"https:\/\/2014.riodejaneiro.wordcamp.org\/palestrantes\/#wcorg-speaker-rodrigo-primo\">Rodrigo Primo<\/a><\/th>\n<th>Introdu\u00e7\u00e3o ao WP-CLI, uma interface de linha de comando que auxilia nas tarefas de desenvolvimento e manuten\u00e7\u00e3o de um site WordPress.<\/th>\n<\/tr>\n<tr class=\"evento-palestra\">\n<th>15:15h &#8211; 16h<\/th>\n<th><a href=\"https:\/\/2014.riodejaneiro.wordcamp.org\/palestrantes\/#wcorg-speaker-claudio-sanches\">Claudio Sanches<\/a><\/th>\n<th>WooCommerce como solu\u00e7\u00e3o para pequenos e grandes e-commerces<\/th>\n<\/tr>\n<tr class=\"evento-administrativo\">\n<th>16h &#8211; 16:30h<\/th>\n<th colspan=\"2\">Coffee Break<\/th>\n<\/tr>\n<tr class=\"evento-small_talk\">\n<th>16:30h &#8211; 16:45h<\/th>\n<th><a href=\"https:\/\/2014.riodejaneiro.wordcamp.org\/palestrantes\/#wcorg-speaker-michele-dos-santos-da-silva\">Michele dos Santos da Silva<\/a><\/th>\n<th>15 coisas sobre PHP para saber antes de morrer<\/th>\n<\/tr>\n<tr class=\"evento-small_talk\">\n<th>16:45h &#8211; 17h<\/th>\n<th><a href=\"https:\/\/2014.riodejaneiro.wordcamp.org\/palestrantes\/#wcorg-speaker-leo-baiano\">Leo Baiano<\/a><\/th>\n<th>Montando um ambiente de desenvolvimento WordPress utilizando Composer e Git<\/th>\n<\/tr>\n<tr class=\"evento-small_talk\">\n<th>17h &#8211; 17:15h<\/th>\n<th><a href=\"https:\/\/2014.riodejaneiro.wordcamp.org\/palestrantes\/#wcorg-speaker-cayo-medeiros\">Cayo Medeiros (yogodoshi)<\/a><\/th>\n<th>Tem uma ideia de um projeto? Voc\u00ea pode desenvolve-lo em apenas 1 final de semana!<\/th>\n<\/tr>\n<tr class=\"evento-palestra\">\n<th>17:15h &#8211; 18h<\/th>\n<th><a href=\"https:\/\/2014.riodejaneiro.wordcamp.org\/palestrantes\/#wcorg-speaker-fellyph-cintra\">Fellyph Cintra<\/a><\/th>\n<th>Dicas para Workflow WordPress + JavaScript, boas pr\u00e1ticas e dicas de produtividade para o desenvolvimento de temas com JavaScript<\/th>\n<\/tr>\n<tr class=\"evento-palestra\">\n<th>18h &#8211; 18:45h<\/th>\n<th><a href=\"https:\/\/2014.riodejaneiro.wordcamp.org\/palestrantes\/#wcorg-speaker-deblyn-prado\">Deblyn Prado<\/a><\/th>\n<th>Comunidade e Contribui\u00e7\u00f5es<\/th>\n<\/tr>\n<tr class=\"evento-administrativo\">\n<th>18:45h &#8211; 19h<\/th>\n<th colspan=\"2\">Encerramento<\/th>\n<\/tr>\n<\/tbody>\n<\/table>\n","protected":false},"excerpt":{"rendered":"<p>Legenda tipo de evento Administrativo Painel Palestra Small Talk Hor\u00e1rio Programa\u00e7\u00e3o Palestra 8h &#8211; 8:40h Credenciamento 8:40h &#8211; 9h Abertura Guga Alves 9h &#8211; 10h Cristiano Santos &#8211; Moderador Mauricio Samy &#8220;Maujor&#8221; Rafael Burity Richard Barros Andr\u00e9 Barcellos Design para WordPress 10h &#8211; 10:45h Herick Correa Como desenvolver templates com design original e exclusivo para &hellip; <a href=\"https:\/\/riodejaneiro.wordcamp.org\/2014\/programacao\/\" class=\"more-link\">Continue lendo <span class=\"screen-reader-text\">Programa\u00e7\u00e3o<\/span> <span class=\"meta-nav\">&rarr;<\/span><\/a><\/p>\n","protected":false},"author":6896930,"featured_media":0,"parent":0,"menu_order":1,"comment_status":"closed","ping_status":"closed","template":"","meta":{"jetpack_post_was_ever_published":false,"footnotes":""},"class_list":["post-1","page","type-page","status-publish","hentry"],"jetpack_likes_enabled":true,"jetpack_sharing_enabled":false,"_links":{"self":[{"href":"https:\/\/riodejaneiro.wordcamp.org\/2014\/wp-json\/wp\/v2\/pages\/1","targetHints":{"allow":["GET"]}}],"collection":[{"href":"https:\/\/riodejaneiro.wordcamp.org\/2014\/wp-json\/wp\/v2\/pages"}],"about":[{"href":"https:\/\/riodejaneiro.wordcamp.org\/2014\/wp-json\/wp\/v2\/types\/page"}],"author":[{"embeddable":true,"href":"https:\/\/riodejaneiro.wordcamp.org\/2014\/wp-json\/wp\/v2\/users\/6896930"}],"replies":[{"embeddable":true,"href":"https:\/\/riodejaneiro.wordcamp.org\/2014\/wp-json\/wp\/v2\/comments?post=1"}],"version-history":[{"count":34,"href":"https:\/\/riodejaneiro.wordcamp.org\/2014\/wp-json\/wp\/v2\/pages\/1\/revisions"}],"predecessor-version":[{"id":555384,"href":"https:\/\/riodejaneiro.wordcamp.org\/2014\/wp-json\/wp\/v2\/pages\/1\/revisions\/555384"}],"wp:attachment":[{"href":"https:\/\/riodejaneiro.wordcamp.org\/2014\/wp-json\/wp\/v2\/media?parent=1"}],"curies":[{"name":"wp","href":"https:\/\/api.w.org\/{rel}","templated":true}]}}