{"id":4,"date":"2014-08-08T15:05:38","date_gmt":"2014-08-08T18:05:38","guid":{"rendered":"https:\/\/2014.riodejaneiro.wordcamp.org\/?page_id=4"},"modified":"2014-09-08T11:16:17","modified_gmt":"2014-09-08T14:16:17","slug":"patrocinar-o-evento","status":"publish","type":"page","link":"https:\/\/riodejaneiro.wordcamp.org\/2014\/patrocinar-o-evento\/","title":{"rendered":"Patrocinar o Evento"},"content":{"rendered":"<p>O WordCamp \u00e9 organizado por volunt\u00e1rios e n\u00e3o possui fins lucrativos. Todos os fundos provenientes de patroc\u00ednio ser\u00e3o 100% revertidos para cobrir os custos do evento.<\/p>\n<p>Estes volunt\u00e1rios s\u00e3o empreendedores, programadores, designers, engenheiros, publicit\u00e1rios, profissionais de marketing, educadores e empres\u00e1rios. Eles possuem forma\u00e7\u00e3o em diversas \u00e1reas e s\u00e3o membros da comunidade local de usu\u00e1rios de WordPress.<\/p>\n<p>Muitos desses volunt\u00e1rios possuem sites pr\u00f3prios com milhares ou at\u00e9 milh\u00f5es de visitas por m\u00eas.<\/p>\n<p>S\u00e3o especialistas, formadores de opini\u00e3o e at\u00e9 mesmo tomadores de decis\u00f5es em suas empresas.<\/p>\n<h2>Modalidades de Patroc\u00ednio<\/h2>\n<h3>Corcovado &#8211; R$ 2.000 (Cota Esgotada)<\/h3>\n<ul>\n<li>05 ingressos para o WordCamp Rio de Janeiro<\/li>\n<li>Espa\u00e7o para stand no evento, de at\u00e9 4m\u00b2<\/li>\n<li>Distribui\u00e7\u00e3o de brindes<\/li>\n<li>Logo e link no site oficial<\/li>\n<li>Logo no programa do evento (impresso)<\/li>\n<li>Logo nos banners do evento<\/li>\n<li>Logo no tel\u00e3o do evento nos intervalos entre as palestras<\/li>\n<li>Post com an\u00fancio oficial de seu patroc\u00ednio no blog, Twitter e Facebook do evento<\/li>\n<li>Agradecimento no encerramento do evento<\/li>\n<\/ul>\n<h4>P\u00e3o de A\u00e7\u00facar &#8211; R$ 1.500 (1 cota dispon\u00edvel)<\/h4>\n<ul>\n<li>04 ingressos para o WordCamp Rio de Janeiro<\/li>\n<li>Espa\u00e7o para stand no evento, de at\u00e9 4m\u00b2<\/li>\n<li>Distribui\u00e7\u00e3o de brindes<\/li>\n<li>Logo e link no site oficial<\/li>\n<li>Logo no programa do evento (impresso)<\/li>\n<li>Logo nos banners do evento<\/li>\n<li>Logo no tel\u00e3o do evento nos intervalos entre as palestras<\/li>\n<li>Post com an\u00fancio oficial de seu patroc\u00ednio no blog, Twitter e Facebook do evento<\/li>\n<li>Agradecimento no encerramento do evento<\/li>\n<\/ul>\n<h4>Copacabana &#8211; R$ 1.000 (3 cotas dispon\u00edveis)<\/h4>\n<ul>\n<li>03 ingressos para o WordCamp Rio de Janeiro<\/li>\n<li>Distribui\u00e7\u00e3o de brindes<\/li>\n<li><span style=\"line-height: 1.5\">Logo e link no site oficial<\/span><\/li>\n<li>Logo nos banners do evento<\/li>\n<li>Post com an\u00fancio oficial de seu patroc\u00ednio no blog, Twitter e Facebook do evento<\/li>\n<li>Agradecimento no encerramento do evento<\/li>\n<\/ul>\n<h4><span style=\"line-height: 1.5\">Maracan\u00e3 &#8211; R$ 500,00 (4 cotas dispon\u00edveis)<\/span><\/h4>\n<ul>\n<li>02 ingressos para o WordCamp Rio de Janeiro<\/li>\n<li>Logo e link no site oficial<\/li>\n<li>Logo nos banners do evento<\/li>\n<li>Post com an\u00fancio oficial de seu patroc\u00ednio no blog, Twitter e Facebook do evento<\/li>\n<li>Agradecimento no encerramento do evento<\/li>\n<\/ul>\n<h3>Outras Formas de Apoio<\/h3>\n<p>N\u00f3s n\u00e3o buscamos apenas patroc\u00ednio em dinheiro. Voc\u00ea tamb\u00e9m pode apoiar o WordCamp Rio de Janeiro oferecendo alguns dos itens a seguir:<\/p>\n<ul>\n<li>Coffee-break para 240 pessoas;<\/li>\n<li>Caf\u00e9 e \u00e1gua para serem servidos durante o evento;<\/li>\n<li>Lanches e\/ou guloseimas para serem servidos durante o evento;<\/li>\n<li>Comunica\u00e7\u00e3o visual: crach\u00e1s, panfletos da programa\u00e7\u00e3o etc;<\/li>\n<li>Cobertura em v\u00eddeo;<\/li>\n<li>Cobertura fotogr\u00e1fica;<\/li>\n<li>Camisetas, canecas, mousepads, porta-copos ou adesivos;<\/li>\n<\/ul>\n<p>Se for gratuito (e n\u00e3o tiver o logo de sua empresa), provavelmente n\u00f3s aceitaremos.<\/p>\n<p>Gostou? Ent\u00e3o <a href=\"https:\/\/2014.riodejaneiro.wordcamp.org\/fale-conosco\/\">fale conosco<\/a>! <\/p>\n","protected":false},"excerpt":{"rendered":"<p>O WordCamp \u00e9 organizado por volunt\u00e1rios e n\u00e3o possui fins lucrativos. Todos os fundos provenientes de patroc\u00ednio ser\u00e3o 100% revertidos para cobrir os custos do evento. Estes volunt\u00e1rios s\u00e3o empreendedores, programadores, designers, engenheiros, publicit\u00e1rios, profissionais de marketing, educadores e empres\u00e1rios. Eles possuem forma\u00e7\u00e3o em diversas \u00e1reas e s\u00e3o membros da comunidade local de usu\u00e1rios de &hellip; <a href=\"https:\/\/riodejaneiro.wordcamp.org\/2014\/patrocinar-o-evento\/\" class=\"more-link\">Continue lendo <span class=\"screen-reader-text\">Patrocinar o Evento<\/span> <span class=\"meta-nav\">&rarr;<\/span><\/a><\/p>\n","protected":false},"author":13665834,"featured_media":0,"parent":0,"menu_order":3,"comment_status":"closed","ping_status":"closed","template":"","meta":{"jetpack_post_was_ever_published":false,"footnotes":""},"class_list":["post-4","page","type-page","status-publish","hentry"],"jetpack_likes_enabled":true,"jetpack_sharing_enabled":true,"_links":{"self":[{"href":"https:\/\/riodejaneiro.wordcamp.org\/2014\/wp-json\/wp\/v2\/pages\/4","targetHints":{"allow":["GET"]}}],"collection":[{"href":"https:\/\/riodejaneiro.wordcamp.org\/2014\/wp-json\/wp\/v2\/pages"}],"about":[{"href":"https:\/\/riodejaneiro.wordcamp.org\/2014\/wp-json\/wp\/v2\/types\/page"}],"author":[{"embeddable":true,"href":"https:\/\/riodejaneiro.wordcamp.org\/2014\/wp-json\/wp\/v2\/users\/13665834"}],"replies":[{"embeddable":true,"href":"https:\/\/riodejaneiro.wordcamp.org\/2014\/wp-json\/wp\/v2\/comments?post=4"}],"version-history":[{"count":12,"href":"https:\/\/riodejaneiro.wordcamp.org\/2014\/wp-json\/wp\/v2\/pages\/4\/revisions"}],"predecessor-version":[{"id":555002,"href":"https:\/\/riodejaneiro.wordcamp.org\/2014\/wp-json\/wp\/v2\/pages\/4\/revisions\/555002"}],"wp:attachment":[{"href":"https:\/\/riodejaneiro.wordcamp.org\/2014\/wp-json\/wp\/v2\/media?parent=4"}],"curies":[{"name":"wp","href":"https:\/\/api.w.org\/{rel}","templated":true}]}}