{"id":554157,"date":"2014-08-08T13:58:58","date_gmt":"2014-08-08T16:58:58","guid":{"rendered":"https:\/\/2014.riodejaneiro.wordcamp.org\/?page_id=554157"},"modified":"2014-09-02T18:00:35","modified_gmt":"2014-09-02T21:00:35","slug":"sobre","status":"publish","type":"page","link":"https:\/\/riodejaneiro.wordcamp.org\/2014\/sobre\/","title":{"rendered":"Sobre o evento"},"content":{"rendered":"<p>O WordCamp Rio de Janeiro \u00e9 uma confer\u00eancia anual para usu\u00e1rios WordPress, como blogueiros, designers e programadores, residentes em todo o Estado do Rio de Janeiro. No evento ocorrem palestras e debates relacionados ao que h\u00e1 de mais atual na comunidade mundial de WordPress.<\/p>\n<p>O WordPress \u00e9 o sistema de gerenciamento de conte\u00fado (CMS) mais popular do mundo, usado por mais de 22% de todos os sites existentes atualmente.<\/p>\n<p>Alguns dos participantes s\u00e3o profissionais e usu\u00e1rios mais not\u00e1veis do mercado, incluindo designers, programadores, criadores de conte\u00fados digitais e blogueiros.<\/p>\n<p><img data-recalc-dims=\"1\" loading=\"lazy\" decoding=\"async\" src=\"https:\/\/i0.wp.com\/2014.riodejaneiro.wordcamp.org\/files\/2014\/08\/thumb-sobre-wordcamps-pelo-mundo.jpg?resize=860%2C400&#038;ssl=1\" alt=\"WordCamps pelo mundo\" width=\"860\" height=\"400\" class=\"aligncenter size-full wp-image-554843\" srcset=\"https:\/\/i0.wp.com\/riodejaneiro.wordcamp.org\/2014\/files\/2014\/08\/thumb-sobre-wordcamps-pelo-mundo.jpg?w=860&amp;ssl=1 860w, https:\/\/i0.wp.com\/riodejaneiro.wordcamp.org\/2014\/files\/2014\/08\/thumb-sobre-wordcamps-pelo-mundo.jpg?resize=300%2C139&amp;ssl=1 300w, https:\/\/i0.wp.com\/riodejaneiro.wordcamp.org\/2014\/files\/2014\/08\/thumb-sobre-wordcamps-pelo-mundo.jpg?resize=500%2C232&amp;ssl=1 500w\" sizes=\"auto, (max-width: 860px) 100vw, 860px\" \/><\/p>\n<p>O WordPress \u00e9 usado por milhares de pessoas e empresas em todo mundo, como NASA, New York Times, CNN, Forbes, GM, Sony, TechCrunch, Mashable, dentre outros.<\/p>\n<p><strong>O WordCamp \u00e9 organizado por volunt\u00e1rios e n\u00e3o possui fins lucrativos. Todos os fundos provenientes de patroc\u00ednio ser\u00e3o 100% revertidos para cobrir os custos do evento.<\/strong><\/p>\n<p>Estes volunt\u00e1rios s\u00e3o programadores, designers, engenheiros, publicit\u00e1rios, profissionais de marketing, educadores e empres\u00e1rios. Eles possuem forma\u00e7\u00e3o em diversas \u00e1reas e s\u00e3o membros da comunidade local de usu\u00e1rios de WordPress.<\/p>\n<p>Muitos desses volunt\u00e1rios possuem sites pr\u00f3prios com milhares ou at\u00e9 milh\u00f5es de visitas por m\u00eas. <\/p>\n<p>S\u00e3o especialistas, formadores de opini\u00e3o e at\u00e9 mesmo tomadores de decis\u00f5es em suas empresas.<\/p>\n","protected":false},"excerpt":{"rendered":"<p>O WordCamp Rio de Janeiro \u00e9 uma confer\u00eancia anual para usu\u00e1rios WordPress, como blogueiros, designers e programadores, residentes em todo o Estado do Rio de Janeiro. No evento ocorrem palestras e debates relacionados ao que h\u00e1 de mais atual na comunidade mundial de WordPress. O WordPress \u00e9 o sistema de gerenciamento de conte\u00fado (CMS) mais &hellip; <a href=\"https:\/\/riodejaneiro.wordcamp.org\/2014\/sobre\/\" class=\"more-link\">Continue lendo <span class=\"screen-reader-text\">Sobre o evento<\/span> <span class=\"meta-nav\">&rarr;<\/span><\/a><\/p>\n","protected":false},"author":6896930,"featured_media":0,"parent":0,"menu_order":0,"comment_status":"closed","ping_status":"closed","template":"","meta":{"jetpack_post_was_ever_published":false,"footnotes":""},"class_list":["post-554157","page","type-page","status-publish","hentry"],"jetpack_likes_enabled":true,"jetpack_sharing_enabled":true,"_links":{"self":[{"href":"https:\/\/riodejaneiro.wordcamp.org\/2014\/wp-json\/wp\/v2\/pages\/554157","targetHints":{"allow":["GET"]}}],"collection":[{"href":"https:\/\/riodejaneiro.wordcamp.org\/2014\/wp-json\/wp\/v2\/pages"}],"about":[{"href":"https:\/\/riodejaneiro.wordcamp.org\/2014\/wp-json\/wp\/v2\/types\/page"}],"author":[{"embeddable":true,"href":"https:\/\/riodejaneiro.wordcamp.org\/2014\/wp-json\/wp\/v2\/users\/6896930"}],"replies":[{"embeddable":true,"href":"https:\/\/riodejaneiro.wordcamp.org\/2014\/wp-json\/wp\/v2\/comments?post=554157"}],"version-history":[{"count":9,"href":"https:\/\/riodejaneiro.wordcamp.org\/2014\/wp-json\/wp\/v2\/pages\/554157\/revisions"}],"predecessor-version":[{"id":554844,"href":"https:\/\/riodejaneiro.wordcamp.org\/2014\/wp-json\/wp\/v2\/pages\/554157\/revisions\/554844"}],"wp:attachment":[{"href":"https:\/\/riodejaneiro.wordcamp.org\/2014\/wp-json\/wp\/v2\/media?parent=554157"}],"curies":[{"name":"wp","href":"https:\/\/api.w.org\/{rel}","templated":true}]}}