{"id":554644,"date":"2014-09-02T08:01:48","date_gmt":"2014-09-02T11:01:48","guid":{"rendered":"https:\/\/2014.riodejaneiro.wordcamp.org\/?page_id=554644"},"modified":"2014-09-20T00:41:52","modified_gmt":"2014-09-20T03:41:52","slug":"patrocinadores","status":"publish","type":"page","link":"https:\/\/riodejaneiro.wordcamp.org\/2014\/patrocinadores\/","title":{"rendered":"Patrocinadores"},"content":{"rendered":"<div class='event-good-guys'>\n<div class='row sponsor-level-title'>\n<div class='col-md-12'>\n<h3>Patrocinadores Corcovado<\/h3>\n<\/p><\/div>\n<\/div>\n<div class='row sponsor-level-corcovado'>\n<div class='col-md-6 sponsor-name-mailpoet'>\n\t\t<a href='https:\/\/2014.riodejaneiro.wordcamp.org\/sponsor\/mailpoet\/' target=\"_blank\" class='sponsor-image' rel=\"nofollow\"><\/a>\n\t<\/div>\n<div class='col-md-6 sponsor-name-psafe'>\n\t\t<a href='https:\/\/2014.riodejaneiro.wordcamp.org\/sponsor\/psafe\/' target=\"_blank\" class='sponsor-image' rel=\"nofollow\"><\/a>\n\t<\/div>\n<div class='col-md-6 sponsor-name-jetpack'>\n\t\t<a href='https:\/\/2014.riodejaneiro.wordcamp.org\/sponsor\/jetpack\/' target=\"_blank\" class='sponsor-image' rel=\"nofollow\"><\/a>\n\t<\/div>\n<div class='col-md-6 sponsor-name-bluehost'>\n\t\t<a href='https:\/\/2014.riodejaneiro.wordcamp.org\/sponsor\/bluehost\/' target=\"_blank\" class='sponsor-image' rel=\"nofollow\"><\/a>\n\t<\/div>\n<div class='col-md-6 sponsor-name-wpml'>\n\t\t<a href='https:\/\/2014.riodejaneiro.wordcamp.org\/sponsor\/wpml\/' target=\"_blank\" class='sponsor-image' rel=\"nofollow\"><\/a>\n\t<\/div>\n<\/div>\n<div class='row sponsor-level-title'>\n<div class='col-md-12'>\n<h3>Patrocinadores P\u00e3o de A\u00e7\u00facar<\/h3>\n<\/p><\/div>\n<\/div>\n<div class='row sponsor-level-pao_de_acucar'>\n<div class='col-md-4 sponsor-name-nic_br'>\n\t\t<a href='https:\/\/2014.riodejaneiro.wordcamp.org\/sponsor\/nic-br\/' target=\"_blank\" class='sponsor-image' rel=\"nofollow\"><\/a>\n\t<\/div>\n<div class='col-md-4 sponsor-name-caelum'>\n\t\t<a href='https:\/\/2014.riodejaneiro.wordcamp.org\/sponsor\/caelum\/' target=\"_blank\" class='sponsor-image' rel=\"nofollow\"><\/a>\n\t<\/div>\n<div class='col-md-4 sponsor-name-nameless'>\n\t\t<a href='https:\/\/2014.riodejaneiro.wordcamp.org\/patrocinar-o-evento\/' target=\"_blank\" class='sponsor-image' rel=\"nofollow\"><\/a><\/p>\n<h4><\/h4>\n<div class='sponsor-content'>\n\t\t<\/div>\n<\/p><\/div>\n<\/div>\n<div class='row sponsor-level-title'>\n<div class='col-md-12'>\n<h3>Patrocinadores Maracan\u00e3<\/h3>\n<\/p><\/div>\n<\/div>\n<div class='row sponsor-level-maracana'>\n<div class='col-md-2 sponsor-name-wattz'>\n\t\t<a href='https:\/\/2014.riodejaneiro.wordcamp.org\/sponsor\/agencia-wattz\/' target=\"_blank\" class='sponsor-image'><\/a>\n\t<\/div>\n<div class='col-md-2 sponsor-name-nameless'>\n\t\t<a href='https:\/\/2014.riodejaneiro.wordcamp.org\/patrocinar-o-evento\/' target=\"_blank\" class='sponsor-image' rel=\"nofollow\"><\/a>\n\t<\/div>\n<div class='col-md-2 sponsor-name-nameless'>\n\t\t<a href='https:\/\/2014.riodejaneiro.wordcamp.org\/patrocinar-o-evento\/' target=\"_blank\" class='sponsor-image' rel=\"nofollow\"><\/a>\n\t<\/div>\n<div class='col-md-2 sponsor-name-nameless'>\n\t\t<a href='https:\/\/2014.riodejaneiro.wordcamp.org\/patrocinar-o-evento\/' target=\"_blank\" class='sponsor-image' rel=\"nofollow\"><\/a>\n\t<\/div>\n<div class='col-md-2 sponsor-name-nameless'>\n\t\t<a href='https:\/\/2014.riodejaneiro.wordcamp.org\/patrocinar-o-evento\/' target=\"_blank\" class='sponsor-image' rel=\"nofollow\"><\/a>\n\t<\/div>\n<div class='col-md-2 sponsor-name-nameless'>\n\t\t<a href='https:\/\/2014.riodejaneiro.wordcamp.org\/patrocinar-o-evento\/' target=\"_blank\" class='sponsor-image' rel=\"nofollow\"><\/a>\n\t<\/div>\n<\/div>\n<div class='row sponsor-level-title'>\n<div class='col-md-12'>\n<h3>Patrocinadores Lapa<\/h3>\n<\/p><\/div>\n<\/div>\n<div class='row sponsor-level-lapa'>\n<div class='col-md-12'>\n\t\t<a href='https:\/\/www.facebook.com\/adautosilvaguitar' target=\"_blank\" class='sponsor-link-inline' rel=\"nofollow\">Adauto Silva<\/a>,<br \/>\n\t\t<a href='https:\/\/twitter.com\/CoelhoSRodrigo' target=\"_blank\" class='sponsor-link-inline' rel=\"nofollow\">Rodrigo Coelho<\/a>,<br \/>\n\t\t<a href='https:\/\/www.facebook.com\/marciamattosmachado' target=\"_blank\" class='sponsor-link-inline' rel=\"nofollow\">Marcia Machado<\/a>,<br \/>\n\t\t<a href='https:\/\/www.linkedin.com\/in\/carolinamaciel' target=\"_blank\" class='sponsor-link-inline' rel=\"nofollow\">Carolina Maciel<\/a>,<br \/>\n\t\t<a href='#sem-link' target=\"_blank\" class='sponsor-link-inline' rel=\"nofollow\">Rogerio Figueiredo<\/a>,<br \/>\n\t\t<a href='http:\/\/www.artescafe.com.br\/' target=\"_blank\" class='sponsor-link-inline' rel=\"nofollow\">Sonia Peyroton<\/a>,<br \/>\n\t\t<a href='http:\/\/twitter.com\/rudwolf' target=\"_blank\" class='sponsor-link-inline' rel=\"nofollow\">Rodolfo Rodrigues<\/a>,<br \/>\n\t\t<a href='http:\/\/issuu.com\/jorgeacruz' target=\"_blank\" class='sponsor-link-inline' rel=\"nofollow\">Jorge Cruz<\/a>,<br \/>\n\t\t<a href='http:\/\/twitter.com\/tsrocha' target=\"_blank\" class='sponsor-link-inline' rel=\"nofollow\">Tiago Sampaio<\/a>,<br \/>\n\t\t<a href='http:\/\/purisco.com' target=\"_blank\" class='sponsor-link-inline' rel=\"nofollow\">Jan Purisco<\/a>,<br \/>\n\t\t<a href='http:\/\/github.com\/guilhermemarconi' target=\"_blank\" class='sponsor-link-inline' rel=\"nofollow\">Guilherme Marconi<\/a>,<br \/>\n\t\t<a href='http:\/\/en.gravatar.com\/moraleida' target=\"_blank\" class='sponsor-link-inline' rel=\"nofollow\">Ricardo Moraleida<\/a>,<br \/>\n\t\t<a href='http:\/\/www.facebook.com\/candango' target=\"_blank\" class='sponsor-link-inline' rel=\"nofollow\">Marcus Rocha<\/a>,<br \/>\n\t\t<a href='https:\/\/www.facebook.com\/rafams.silva' target=\"_blank\" class='sponsor-link-inline' rel=\"nofollow\">Rafael Meneses da Silva<\/a>,<br \/>\n\t\t<a href='https:\/\/www.facebook.com\/pablo.santos.ribeiro' target=\"_blank\" class='sponsor-link-inline' rel=\"nofollow\">Pablo Ribeiro<\/a>,<br \/>\n\t\t<a href='https:\/\/www.facebook.com\/marcio.jose.908347' target=\"_blank\" class='sponsor-link-inline' rel=\"nofollow\">Marcio Jos\u00e9 dos Santos Silva Silva<\/a>,<br \/>\n\t\t<a href='http:\/\/twitter.com\/_digoribeiro' target=\"_blank\" class='sponsor-link-inline' rel=\"nofollow\">Rodrigo Ribeiro<\/a>,<br \/>\n\t\t<a href='https:\/\/www.facebook.com\/miguel.sneto' target=\"_blank\" class='sponsor-link-inline' rel=\"nofollow\">Miguel Silva<\/a>,<br \/>\n\t\t<a href='http:\/\/profiles.wordpress.org\/leobaiano\/' target=\"_blank\" class='sponsor-link-inline' rel=\"nofollow\">Leo Baiano<\/a> e<br \/>\n\t\t<a href='https:\/\/www.facebook.com\/waltinhojaworski' target=\"_blank\" class='sponsor-link-inline' rel=\"nofollow\">Walter Jaworski<\/a>\n\t<\/div>\n<\/div>\n<\/div>\n","protected":false},"excerpt":{"rendered":"<p>Patrocinadores Corcovado Patrocinadores P\u00e3o de A\u00e7\u00facar Patrocinadores Maracan\u00e3 Patrocinadores Lapa Adauto Silva, Rodrigo Coelho, Marcia Machado, Carolina Maciel, Rogerio Figueiredo, Sonia Peyroton, Rodolfo Rodrigues, Jorge Cruz, Tiago Sampaio, Jan Purisco, Guilherme Marconi, Ricardo Moraleida, Marcus Rocha, Rafael Meneses da Silva, Pablo Ribeiro, Marcio Jos\u00e9 dos Santos Silva Silva, Rodrigo Ribeiro, Miguel Silva, Leo Baiano e &hellip; <a href=\"https:\/\/riodejaneiro.wordcamp.org\/2014\/patrocinadores\/\" class=\"more-link\">Continue lendo <span class=\"screen-reader-text\">Patrocinadores<\/span> <span class=\"meta-nav\">&rarr;<\/span><\/a><\/p>\n","protected":false},"author":13665834,"featured_media":0,"parent":0,"menu_order":3,"comment_status":"closed","ping_status":"closed","template":"","meta":{"jetpack_post_was_ever_published":false,"footnotes":""},"class_list":["post-554644","page","type-page","status-publish","hentry"],"jetpack_likes_enabled":true,"jetpack_sharing_enabled":true,"_links":{"self":[{"href":"https:\/\/riodejaneiro.wordcamp.org\/2014\/wp-json\/wp\/v2\/pages\/554644","targetHints":{"allow":["GET"]}}],"collection":[{"href":"https:\/\/riodejaneiro.wordcamp.org\/2014\/wp-json\/wp\/v2\/pages"}],"about":[{"href":"https:\/\/riodejaneiro.wordcamp.org\/2014\/wp-json\/wp\/v2\/types\/page"}],"author":[{"embeddable":true,"href":"https:\/\/riodejaneiro.wordcamp.org\/2014\/wp-json\/wp\/v2\/users\/13665834"}],"replies":[{"embeddable":true,"href":"https:\/\/riodejaneiro.wordcamp.org\/2014\/wp-json\/wp\/v2\/comments?post=554644"}],"version-history":[{"count":43,"href":"https:\/\/riodejaneiro.wordcamp.org\/2014\/wp-json\/wp\/v2\/pages\/554644\/revisions"}],"predecessor-version":[{"id":555412,"href":"https:\/\/riodejaneiro.wordcamp.org\/2014\/wp-json\/wp\/v2\/pages\/554644\/revisions\/555412"}],"wp:attachment":[{"href":"https:\/\/riodejaneiro.wordcamp.org\/2014\/wp-json\/wp\/v2\/media?parent=554644"}],"curies":[{"name":"wp","href":"https:\/\/api.w.org\/{rel}","templated":true}]}}