{"id":554679,"date":"2014-09-02T08:34:07","date_gmt":"2014-09-02T11:34:07","guid":{"rendered":"https:\/\/2014.riodejaneiro.wordcamp.org\/?page_id=554679"},"modified":"2014-09-10T10:52:12","modified_gmt":"2014-09-10T13:52:12","slug":"guia-de-sobrevivencia","status":"publish","type":"page","link":"https:\/\/riodejaneiro.wordcamp.org\/2014\/guia-de-sobrevivencia\/","title":{"rendered":"Guia de Sobrevivencia"},"content":{"rendered":"<p>Preparamos um Guia de Sobreviv\u00eancia para voc\u00ea que vem de um bairro mais distante, de outra cidade, e t\u00e9 mesmo de um<br \/>\noutro estado. N\u00e3o tem desculpa para n\u00e3o vir hein!<\/p>\n<h3>Senac Flamengo<\/h3>\n<p><img data-recalc-dims=\"1\" loading=\"lazy\" decoding=\"async\" src=\"https:\/\/i0.wp.com\/2014.riodejaneiro.wordcamp.org\/files\/2014\/09\/thumb-guia-de-sobrevivencia.jpg?resize=780%2C400&#038;ssl=1\" alt=\"Guia de sobreviv\u00eancia do WordCampRJ 2014\" width=\"780\" height=\"400\" class=\"aligncenter size-full wp-image-554769\" srcset=\"https:\/\/i0.wp.com\/riodejaneiro.wordcamp.org\/2014\/files\/2014\/09\/thumb-guia-de-sobrevivencia.jpg?w=780&amp;ssl=1 780w, https:\/\/i0.wp.com\/riodejaneiro.wordcamp.org\/2014\/files\/2014\/09\/thumb-guia-de-sobrevivencia.jpg?resize=300%2C153&amp;ssl=1 300w, https:\/\/i0.wp.com\/riodejaneiro.wordcamp.org\/2014\/files\/2014\/09\/thumb-guia-de-sobrevivencia.jpg?resize=500%2C256&amp;ssl=1 500w\" sizes=\"auto, (max-width: 780px) 100vw, 780px\" \/><\/p>\n<p>Rua Marqu\u00eas de Abrantes, 99, Flamengo &#8211; Rio de Janeiro &#8211; RJ<\/p>\n<hr \/>\n<div class='row'>\n<div class='col-xs-4'>\n<h4>Como chegar<\/h4>\n<p><a href=\"https:\/\/2014.riodejaneiro.wordcamp.org\/sobre\/guia-de-sobrevivencia\/como-chegar\/\" title=\"Como Chegar\"><img data-recalc-dims=\"1\" loading=\"lazy\" decoding=\"async\" src=\"https:\/\/i0.wp.com\/2014.riodejaneiro.wordcamp.org\/files\/2014\/09\/thumb-guia-de-sobrevivencia-como-chegar.jpg?resize=240%2C200&#038;ssl=1\" alt=\"Guia de Sobreviv\u00eancia - Como chegar\" width=\"240\" height=\"200\" class=\"alignnone size-full wp-image-554766\" \/><\/a><\/p>\n<p>Guia com os principais acessos de chegada ao local do evento contemplando todo tipo de transporte.\n<\/p><\/div>\n<div class='col-xs-4'>\n<h4>Onde se hospedar<\/h4>\n<p><a href=\"https:\/\/2014.riodejaneiro.wordcamp.org\/sobre\/guia-de-sobrevivencia\/hoteis\/\" title=\"Onde se Hospedar\"><img data-recalc-dims=\"1\" loading=\"lazy\" decoding=\"async\" src=\"https:\/\/i0.wp.com\/2014.riodejaneiro.wordcamp.org\/files\/2014\/09\/thumb-guia-de-sobrevivencia-onde-ficar.jpg?resize=240%2C200&#038;ssl=1\" alt=\"Guia de Sobreviv\u00eancia - Onde ficar\" width=\"240\" height=\"200\" class=\"alignnone size-full wp-image-554768\" \/><\/a><\/p>\n<p>Se voc\u00ea vem de outra cidade ou estado (e at\u00e9 de outro pa\u00eds), n\u00e3o se preocupe, ajudamos voc\u00ea encontrar uma \u00f3tima hospedagem.\n<\/p><\/div>\n<div class='col-xs-4'>\n<h4>Onde Almo\u00e7ar<\/h4>\n<p><a href=\"https:\/\/2014.riodejaneiro.wordcamp.org\/sobre\/guia-de-sobrevivencia\/almoco\/\" title=\"Locais Indicados para o Almo\u00e7o\"><img data-recalc-dims=\"1\" loading=\"lazy\" decoding=\"async\" src=\"https:\/\/i0.wp.com\/2014.riodejaneiro.wordcamp.org\/files\/2014\/09\/thumb-guia-de-sobrevivencia-onde-comer.jpg?resize=240%2C200&#038;ssl=1\" alt=\"Guia de Sobreviv\u00eancia - Onde comer\" width=\"240\" height=\"200\" class=\"alignnone size-full wp-image-554767\" \/><\/a><\/p>\n<p>O dia inteiro assistindo v\u00e1rias palestras e claro pensamos tamb\u00e9m onde voc\u00ea pode fazer uma refei\u00e7\u00e3o para aguentar a maratorna de conhecimento.\n<\/p><\/div>\n<\/div>\n","protected":false},"excerpt":{"rendered":"<p>Preparamos um Guia de Sobreviv\u00eancia para voc\u00ea que vem de um bairro mais distante, de outra cidade, e t\u00e9 mesmo de um outro estado. N\u00e3o tem desculpa para n\u00e3o vir hein! Senac Flamengo Rua Marqu\u00eas de Abrantes, 99, Flamengo &#8211; Rio de Janeiro &#8211; RJ Como chegar Guia com os principais acessos de chegada ao &hellip; <a href=\"https:\/\/riodejaneiro.wordcamp.org\/2014\/guia-de-sobrevivencia\/\" class=\"more-link\">Continue lendo <span class=\"screen-reader-text\">Guia de Sobrevivencia<\/span> <span class=\"meta-nav\">&rarr;<\/span><\/a><\/p>\n","protected":false},"author":13665834,"featured_media":0,"parent":0,"menu_order":5,"comment_status":"closed","ping_status":"closed","template":"","meta":{"jetpack_post_was_ever_published":false,"footnotes":""},"class_list":["post-554679","page","type-page","status-publish","hentry"],"jetpack_likes_enabled":true,"jetpack_sharing_enabled":true,"_links":{"self":[{"href":"https:\/\/riodejaneiro.wordcamp.org\/2014\/wp-json\/wp\/v2\/pages\/554679","targetHints":{"allow":["GET"]}}],"collection":[{"href":"https:\/\/riodejaneiro.wordcamp.org\/2014\/wp-json\/wp\/v2\/pages"}],"about":[{"href":"https:\/\/riodejaneiro.wordcamp.org\/2014\/wp-json\/wp\/v2\/types\/page"}],"author":[{"embeddable":true,"href":"https:\/\/riodejaneiro.wordcamp.org\/2014\/wp-json\/wp\/v2\/users\/13665834"}],"replies":[{"embeddable":true,"href":"https:\/\/riodejaneiro.wordcamp.org\/2014\/wp-json\/wp\/v2\/comments?post=554679"}],"version-history":[{"count":16,"href":"https:\/\/riodejaneiro.wordcamp.org\/2014\/wp-json\/wp\/v2\/pages\/554679\/revisions"}],"predecessor-version":[{"id":555084,"href":"https:\/\/riodejaneiro.wordcamp.org\/2014\/wp-json\/wp\/v2\/pages\/554679\/revisions\/555084"}],"wp:attachment":[{"href":"https:\/\/riodejaneiro.wordcamp.org\/2014\/wp-json\/wp\/v2\/media?parent=554679"}],"curies":[{"name":"wp","href":"https:\/\/api.w.org\/{rel}","templated":true}]}}