{"id":6,"date":"2014-08-08T14:50:36","date_gmt":"2014-08-08T17:50:36","guid":{"rendered":"https:\/\/2014.riodejaneiro.wordcamp.org\/?page_id=6"},"modified":"2014-09-02T17:47:28","modified_gmt":"2014-09-02T20:47:28","slug":"organizacao","status":"publish","type":"page","link":"https:\/\/riodejaneiro.wordcamp.org\/2014\/sobre\/organizacao\/","title":{"rendered":"Organiza\u00e7\u00e3o"},"content":{"rendered":"<p>Depois de participarem de v\u00e1rios eventos, seja como palestrantes ou como expectadores, esse pequeno grupo de amigos apaixonados pelo WordPress resolveu arrega\u00e7ar as mangas e criar a primeira edi\u00e7\u00e3o carioca do WordCamp. <\/p>\n<p><strong>A cidade maravilhosa agradece!<\/strong><\/p>\n\t<div class=\"wcorg-organizers\">\n\n\t\t\n\t\t\t<div class=\"wcorg-organizer\">\n\t\t\t\t<h2>@cristianoweb<\/h2>\n\t\t\t\t<div class=\"wcorg-organizer-description\">\n\t\t\t\t\t\t\t\t\t\t<img alt='' src='https:\/\/secure.gravatar.com\/avatar\/17b64cbe17098ca63a72927a4d779fae739d36650d85599c6e863c795a240098?s=145&#038;d=mm&#038;r=g' srcset='https:\/\/secure.gravatar.com\/avatar\/17b64cbe17098ca63a72927a4d779fae739d36650d85599c6e863c795a240098?s=290&#038;d=mm&#038;r=g 2x' class='avatar avatar-145 photo' height='145' width='145' \/>\t\t\t\t\t<p>Designer web especializado na cria\u00e7\u00e3o de sites em WordPress baseados em neg\u00f3cios. Palestrante de GTD (<em>Getting Things Done<\/em>), WordPress e Presen\u00e7a online, al\u00e9m de editor do site Carreira Solo e FalaFreela.<\/p>\n\t\t\t\t<\/div>\n\t\t\t<\/div>\n\n\t\t\n\t\t\t<div class=\"wcorg-organizer\">\n\t\t\t\t<h2>Cadu de Castro Alves<\/h2>\n\t\t\t\t<div class=\"wcorg-organizer-description\">\n\t\t\t\t\t\t\t\t\t\t<img alt='' src='https:\/\/secure.gravatar.com\/avatar\/9abbedda84eb6eafdda6a9a472701f43c7e34c2f5881386d74905247a5dfcab5?s=145&#038;d=mm&#038;r=g' srcset='https:\/\/secure.gravatar.com\/avatar\/9abbedda84eb6eafdda6a9a472701f43c7e34c2f5881386d74905247a5dfcab5?s=290&#038;d=mm&#038;r=g 2x' class='avatar avatar-145 photo' height='145' width='145' \/>\t\t\t\t\t<p>S\u00f3cio-fundador da Blue Factory Solu\u00e7\u00f5es e do Geeks On Beer. Trabalha com internet h\u00e1 12 anos, 10 deles dedicados ao WordPress, desenvolvendo websites de todos os tamanhos e at\u00e9 aplicativos m\u00f3veis.<br \/>\n\u00c9 palestrante e evangelista de WordPress, start-ups e empreendedorismo.<\/p>\n\t\t\t\t<\/div>\n\t\t\t<\/div>\n\n\t\t\n\t\t\t<div class=\"wcorg-organizer\">\n\t\t\t\t<h2>Bordoni<\/h2>\n\t\t\t\t<div class=\"wcorg-organizer-description\">\n\t\t\t\t\t\t\t\t\t\t<img alt='' src='https:\/\/secure.gravatar.com\/avatar\/e3171496e198834c638911ad3c3220bec77871cdf6557eaa9e2a58d16600a1a1?s=145&#038;d=mm&#038;r=g' srcset='https:\/\/secure.gravatar.com\/avatar\/e3171496e198834c638911ad3c3220bec77871cdf6557eaa9e2a58d16600a1a1?s=290&#038;d=mm&#038;r=g 2x' class='avatar avatar-145 photo' height='145' width='145' \/>\t\t\t\t\t<p>Desenvolvedor WordPress a 7 anos. Hoje trabalhando para a MailPoet e contribuidor do Core do WordPress.<\/p>\n\t\t\t\t<\/div>\n\t\t\t<\/div>\n\n\t\t\n\t\t\t<div class=\"wcorg-organizer\">\n\t\t\t\t<h2>Guga Alves<\/h2>\n\t\t\t\t<div class=\"wcorg-organizer-description\">\n\t\t\t\t\t\t\t\t\t\t<img alt='' src='https:\/\/secure.gravatar.com\/avatar\/2bb28470352c969615480bad9545226701104d2ca26a6f2015261d4b4866c5d4?s=145&#038;d=mm&#038;r=g' srcset='https:\/\/secure.gravatar.com\/avatar\/2bb28470352c969615480bad9545226701104d2ca26a6f2015261d4b4866c5d4?s=290&#038;d=mm&#038;r=g 2x' class='avatar avatar-145 photo' height='145' width='145' \/>\t\t\t\t\t<p>CEO da Ag\u00eancia  Wattz, Analista de Sistemas, P\u00f3s graduado em Gest\u00e3o Estrat\u00e9gica em Marketing Digital. Idealizador do site Tudo Para WordPress, \u00c9 conhecido por ser especialista em SEO e uma das refer\u00eancias em desenvolvimento WordPress, no cen\u00e1rio brasileiro. Palestrante de eventos como Campus Party, Rio Info e WordCamp\u2019s Porto Alegre, S\u00e3o Paulo e Belo Horizonte, al\u00e9m de organizador do WordCamp Rio de Janeiro.<\/p>\n\t\t\t\t<\/div>\n\t\t\t<\/div>\n\n\t\t\n\t<\/div><!-- .wcorg-organizers -->\n\t\n","protected":false},"excerpt":{"rendered":"<p>Depois de participarem de v\u00e1rios eventos, seja como palestrantes ou como expectadores, esse pequeno grupo de amigos apaixonados pelo WordPress resolveu arrega\u00e7ar as mangas e criar a primeira edi\u00e7\u00e3o carioca do WordCamp. A cidade maravilhosa agradece!<\/p>\n","protected":false},"author":6896930,"featured_media":0,"parent":554157,"menu_order":2,"comment_status":"closed","ping_status":"closed","template":"","meta":{"jetpack_post_was_ever_published":false,"footnotes":""},"class_list":["post-6","page","type-page","status-publish","hentry"],"jetpack_likes_enabled":true,"jetpack_sharing_enabled":false,"_links":{"self":[{"href":"https:\/\/riodejaneiro.wordcamp.org\/2014\/wp-json\/wp\/v2\/pages\/6","targetHints":{"allow":["GET"]}}],"collection":[{"href":"https:\/\/riodejaneiro.wordcamp.org\/2014\/wp-json\/wp\/v2\/pages"}],"about":[{"href":"https:\/\/riodejaneiro.wordcamp.org\/2014\/wp-json\/wp\/v2\/types\/page"}],"author":[{"embeddable":true,"href":"https:\/\/riodejaneiro.wordcamp.org\/2014\/wp-json\/wp\/v2\/users\/6896930"}],"replies":[{"embeddable":true,"href":"https:\/\/riodejaneiro.wordcamp.org\/2014\/wp-json\/wp\/v2\/comments?post=6"}],"version-history":[{"count":8,"href":"https:\/\/riodejaneiro.wordcamp.org\/2014\/wp-json\/wp\/v2\/pages\/6\/revisions"}],"predecessor-version":[{"id":554762,"href":"https:\/\/riodejaneiro.wordcamp.org\/2014\/wp-json\/wp\/v2\/pages\/6\/revisions\/554762"}],"up":[{"embeddable":true,"href":"https:\/\/riodejaneiro.wordcamp.org\/2014\/wp-json\/wp\/v2\/pages\/554157"}],"wp:attachment":[{"href":"https:\/\/riodejaneiro.wordcamp.org\/2014\/wp-json\/wp\/v2\/media?parent=6"}],"curies":[{"name":"wp","href":"https:\/\/api.w.org\/{rel}","templated":true}]}}