{"id":7,"date":"2014-08-07T23:48:22","date_gmt":"2014-08-08T02:48:22","guid":{"rendered":"https:\/\/2014.riodejaneiro.wordcamp.org\/?page_id=7"},"modified":"2014-09-30T08:09:31","modified_gmt":"2014-09-30T11:09:31","slug":"inscricoes","status":"publish","type":"page","link":"https:\/\/riodejaneiro.wordcamp.org\/2014\/inscricoes\/","title":{"rendered":"Fa\u00e7a sua inscri\u00e7\u00e3o"},"content":{"rendered":"<p>Seja bem-vindo a p\u00e1gina de inscri\u00e7\u00e3o do WordCamp Rio de Janeiro 2014. Aqui, voc\u00ea encontrar\u00e1 todas as modalidades de inscri\u00e7\u00e3o dispon\u00edveis.<\/p>\n<p>S\u00e3o elas:<\/p>\n<h2>Inscri\u00e7\u00e3o Lapa<\/h2>\n<p>Modalidade de inscri\u00e7\u00e3o em forma de micro-patrocinio para <strong>pessoas f\u00edsicas<\/strong> que desejam participar e apoiar o evento. Este ingresso d\u00e1 direito aos seguintes itens:<\/p>\n<ul>\n<li>01 ingresso para o WordCamp Rio de Janeiro;<\/li>\n<li>01 camisa e 01 caneca oficial;<\/li>\n<li>Nome destacado no site com link para seu perfil online (Facebook, Twitter,\u00a0LinkedIn, Google+ ou Github).<\/li>\n<\/ul>\n<h2>Inscri\u00e7\u00e3o padr\u00e3o<\/h2>\n<p>Modalidade de inscri\u00e7\u00e3o padr\u00e3o para os conferencistas do evento. Este ingresso d\u00e1 direito aos seguintes itens:<\/p>\n<ul>\n<li>01 ingresso para o WordCamp Rio de Janeiro;<\/li>\n<li>01 camisa ;<\/li>\n<\/ul>\n<h2>Inscreva-se j\u00e1<\/h2>\n<p>Escolheu a inscri\u00e7\u00e3o que mais se encaixa com voc\u00ea? Ent\u00e3o aproveita que voc\u1ebd t\u00e1 aqui e se inscreve logo, as vagas s\u00e3o limitadas!<\/p>\n<h1>Aten\u00e7\u00e3o<\/h1>\n<p>Para as vagas da modalidade <strong>LAST CHANCE<\/strong>, abertas na v\u00e9spera do evento, <strong>\u00e9 necess\u00e1rio levar o comprovante de pagamento<\/strong> para ser apresentado no credenciamento do evento. N\u00e3o d\u00e1 tempo de esperar compensa\u00e7\u00e3o banc\u00e1ria, ent\u00e3o esta \u00e9 a \u00fanica forma de comprovar seu pagamento.<br \/>\n<a href=\"https:\/\/riodejaneiro.wordcamp.org\/2014\/inscricoes\/\">Please view this page in a browser to purchase or manage tickets.<\/a><\/p>\n","protected":false},"excerpt":{"rendered":"<p>Seja bem-vindo a p\u00e1gina de inscri\u00e7\u00e3o do WordCamp Rio de Janeiro 2014. Aqui, voc\u00ea encontrar\u00e1 todas as modalidades de inscri\u00e7\u00e3o dispon\u00edveis. S\u00e3o elas: Inscri\u00e7\u00e3o Lapa Modalidade de inscri\u00e7\u00e3o em forma de micro-patrocinio para pessoas f\u00edsicas que desejam participar e apoiar o evento. Este ingresso d\u00e1 direito aos seguintes itens: 01 ingresso para o WordCamp Rio &hellip; <a href=\"https:\/\/riodejaneiro.wordcamp.org\/2014\/inscricoes\/\" class=\"more-link\">Continue lendo <span class=\"screen-reader-text\">Fa\u00e7a sua inscri\u00e7\u00e3o<\/span> <span class=\"meta-nav\">&rarr;<\/span><\/a><\/p>\n","protected":false},"author":6896930,"featured_media":0,"parent":0,"menu_order":4,"comment_status":"closed","ping_status":"closed","template":"","meta":{"jetpack_post_was_ever_published":false,"footnotes":""},"class_list":["post-7","page","type-page","status-publish","hentry"],"jetpack_likes_enabled":true,"jetpack_sharing_enabled":true,"_links":{"self":[{"href":"https:\/\/riodejaneiro.wordcamp.org\/2014\/wp-json\/wp\/v2\/pages\/7","targetHints":{"allow":["GET"]}}],"collection":[{"href":"https:\/\/riodejaneiro.wordcamp.org\/2014\/wp-json\/wp\/v2\/pages"}],"about":[{"href":"https:\/\/riodejaneiro.wordcamp.org\/2014\/wp-json\/wp\/v2\/types\/page"}],"author":[{"embeddable":true,"href":"https:\/\/riodejaneiro.wordcamp.org\/2014\/wp-json\/wp\/v2\/users\/6896930"}],"replies":[{"embeddable":true,"href":"https:\/\/riodejaneiro.wordcamp.org\/2014\/wp-json\/wp\/v2\/comments?post=7"}],"version-history":[{"count":14,"href":"https:\/\/riodejaneiro.wordcamp.org\/2014\/wp-json\/wp\/v2\/pages\/7\/revisions"}],"predecessor-version":[{"id":555370,"href":"https:\/\/riodejaneiro.wordcamp.org\/2014\/wp-json\/wp\/v2\/pages\/7\/revisions\/555370"}],"wp:attachment":[{"href":"https:\/\/riodejaneiro.wordcamp.org\/2014\/wp-json\/wp\/v2\/media?parent=7"}],"curies":[{"name":"wp","href":"https:\/\/api.w.org\/{rel}","templated":true}]}}