{"id":49,"date":"2015-07-13T05:16:41","date_gmt":"2015-07-13T05:16:41","guid":{"rendered":"https:\/\/riodejaneiro.wordcamp.org\/2014\/?page_id=1"},"modified":"2015-08-28T11:04:18","modified_gmt":"2015-08-28T14:04:18","slug":"programacao","status":"publish","type":"page","link":"https:\/\/riodejaneiro.wordcamp.org\/2015\/programacao\/","title":{"rendered":"Programa\u00e7\u00e3o"},"content":{"rendered":"<ul class=\"legenda-eventos\">\n<li class=\"evento-administrativo\">Administrativo<\/li>\n<li class=\"evento-painel\">Painel<\/li>\n<li class=\"evento-palestra\">Palestra<\/li>\n<li class=\"evento-small_talk\">Small Talk<\/li>\n<li class=\"evento-detalhes\"><a class=\"evento-tipos\" title=\"Que tipos de palestras teremos no evento?\" href=\"https:\/\/2015.riodejaneiro.wordcamp.org\/que-tipos-de-palestras-teremos-no-evento\/\" target=\"_blank\">Entenda a diferen\u00e7a dos tipos de palestra<\/a><\/li>\n<\/ul>\n<table class=\"programacao\">\n<thead>\n<tr>\n<th width=\"180\">Hor\u00e1rio<\/th>\n<p>raphael<\/p>\n<th width=\"275\">Programa\u00e7\u00e3o<\/th>\n<th>Palestra<\/th>\n<\/tr>\n<\/thead>\n<tbody>\n<tr class=\"evento-administrativo\">\n<th>8:00h &#8211; 8:40h<\/th>\n<th colspan=\"2\">Credenciamento<\/th>\n<\/tr>\n<tr class=\"evento-administrativo\">\n<th>8:40h &#8211; 9:00h<\/th>\n<th>Abertura<\/th>\n<th><a href=\"https:\/\/2015.riodejaneiro.wordcamp.org\/speaker\/cristianoweb\/\" target=\"_blank\">Cristiano Santos<\/a><\/th>\n<\/tr>\n<tr class=\"evento-painel\">\n<th>9:00h &#8211; 10:00h<\/th>\n<th><a href=\"https:\/\/2015.riodejaneiro.wordcamp.org\/speaker\/carlos-paulo\/\" target=\"_blank\">Carlos Paulo<\/a><br \/>\n<a href=\"https:\/\/2015.riodejaneiro.wordcamp.org\/speaker\/horacio-soares\/\" target=\"_blank\">Hor\u00e1cio Soares<\/a><br \/>\n<a href=\"https:\/\/2015.riodejaneiro.wordcamp.org\/speaker\/felipe-vinha\/\" target=\"_blank\">Felipe Vinha<\/a><br \/>\n[Moderador] <a href=\"https:\/\/2015.riodejaneiro.wordcamp.org\/speaker\/guga-alves\/\" target=\"_blank\">Guga Alves<\/a><\/th>\n<th>Projeto de Sucesso com WordPress &#8211; de A a Z<\/th>\n<\/tr>\n<tr class=\"evento-palestra\">\n<th>10:05h &#8211; 10:50h<\/th>\n<th><a href=\"https:\/\/2015.riodejaneiro.wordcamp.org\/speaker\/raphael-amorim\/\" target=\"_blank\">Raphael Amorim<\/a><\/th>\n<th>500 Days of Open Source<\/th>\n<\/tr>\n<tr class=\"evento-palestra\">\n<th>10:55h &#8211; 11:40h<\/th>\n<th><a href=\"https:\/\/2015.riodejaneiro.wordcamp.org\/speaker\/gustavo-bordoni\/\" target=\"_blank\">Gustavo Bordoni<\/a><\/th>\n<th>Entenda como funciona um bom servidor para o seu neg\u00f3cio em WordPress<\/th>\n<\/tr>\n<tr class=\"evento-small_talk\">\n<th>11:45h &#8211; 12:00h<\/th>\n<th><a href=\"https:\/\/2015.riodejaneiro.wordcamp.org\/speaker\/bruno-figueiredo\/\" target=\"_blank\">Bruno Figueiredo<\/a><\/th>\n<th>Estrat\u00e9gia de conte\u00fado para SEO: lapidando a relev\u00e2ncia de palavras-chave<\/th>\n<\/tr>\n<tr class=\"evento-small_talk\">\n<th>12:05h &#8211; 12:20h<\/th>\n<th><a href=\"https:\/\/2015.riodejaneiro.wordcamp.org\/speaker\/leandro-ciccarelli\/\" target=\"_blank\">Leandro Ciccarelli<\/a><\/th>\n<th>A import\u00e2ncia do Design\/UX para os desenvolvedores de WordPress<\/th>\n<\/tr>\n<tr class=\"evento-administrativo\">\n<th>12:20h &#8211; 12:30h<\/th>\n<th colspan=\"2\">Foto Oficial do WordCamp RJ 2015<\/th>\n<\/tr>\n<tr class=\"evento-administrativo\">\n<th>12:30h &#8211; 14:00h<\/th>\n<th colspan=\"2\">Almo\u00e7o<\/th>\n<\/tr>\n<tr class=\"evento-painel\">\n<th>14:00h &#8211; 15:00h<\/th>\n<th><a href=\"https:\/\/2015.riodejaneiro.wordcamp.org\/speaker\/claudio-sanches\/\" target=\"_blank\">Claudio Sanches<\/a><br \/>\n<a href=\"https:\/\/2015.riodejaneiro.wordcamp.org\/speaker\/rafael-ehlers\/\" target=\"_blank\">Rafael Ehlers<\/a><br \/>\n<a href=\"https:\/\/2015.riodejaneiro.wordcamp.org\/speaker\/amure-pinho\/\" target=\"_blank\">Amure Pinho<\/a><br \/>\n[Moderador] <a href=\"https:\/\/2015.riodejaneiro.wordcamp.org\/speaker\/cadu-de-castro-alves\/\" target=\"_blank\">Cadu de Castro Alves<\/a><\/th>\n<th>Mercado de Trabalho do WordPress &#8211; Brasil e Mundo<\/th>\n<\/tr>\n<tr class=\"evento-palestra\">\n<th>15:05h &#8211; 15:50h<\/th>\n<th><img decoding=\"async\" src=\"https:\/\/2015.riodejaneiro.wordcamp.org\/files\/2015\/08\/icon-en.png\" alt=\"Palestra em ingl\u00eas\" \/>\u00a0\u00a0<a href=\"https:\/\/2015.riodejaneiro.wordcamp.org\/speaker\/karen-arnold\/\" target=\"_blank\">Karen Arnold<\/a> e <a href=\"https:\/\/2015.riodejaneiro.wordcamp.org\/speaker\/erica-varlese\/\" target=\"_blank\">Erica Varlese<\/a><\/th>\n<th>Engineering happiness: bridging the gap between developers and customers<\/th>\n<\/tr>\n<tr class=\"evento-palestra\">\n<th>15:55h &#8211; 16:40h<\/th>\n<th><a href=\"https:\/\/2015.riodejaneiro.wordcamp.org\/speaker\/valerio-souza\/\" target=\"_blank\">Val\u00e9rio Souza<\/a><\/th>\n<th>Seja onipresente como um Deus no gerenciamento de sites WordPress.<\/th>\n<\/tr>\n<tr class=\"evento-administrativo\">\n<th>16:45h &#8211; 17:15h<\/th>\n<th colspan=\"2\">Coffee Break<\/th>\n<\/tr>\n<tr class=\"evento-small_talk\">\n<th>17:15h &#8211; 17:30h<\/th>\n<th><a href=\"https:\/\/2015.riodejaneiro.wordcamp.org\/speaker\/vinicius-lourenco\/\" target=\"_blank\">Vin\u00edcius Louren\u00e7o<\/a><\/th>\n<th>Desenvolvendo plugins para automatiza\u00e7\u00f5es<\/th>\n<\/tr>\n<tr class=\"evento-small_talk\">\n<th>17:35h &#8211; 17:50h<\/th>\n<th><a href=\"https:\/\/2015.riodejaneiro.wordcamp.org\/speaker\/hans-paul-mosl-junior\/\" target=\"_blank\">Hans Paul<\/a><\/th>\n<th>Dicas para projetar um site Responsivo de qualidade<\/th>\n<\/tr>\n<tr class=\"evento-palestra\">\n<th>17:55h &#8211; 18:40h<\/th>\n<th><a href=\"https:\/\/2015.riodejaneiro.wordcamp.org\/speaker\/rodrigo-primo\/\" target=\"_blank\">Rodrigo Primo<\/a><\/th>\n<th>Contribuindo com o\u00a0Core do WordPress<\/th>\n<\/tr>\n<tr class=\"evento-administrativo\">\n<th>18:40h &#8211; 19:00h<\/th>\n<th>Encerramento<\/th>\n<th><a href=\"https:\/\/2015.riodejaneiro.wordcamp.org\/speaker\/guga-alves\/\" target=\"_blank\">Guga Alves<\/a><\/th>\n<\/tr>\n<\/tbody>\n<\/table>\n","protected":false},"excerpt":{"rendered":"<p>Administrativo Painel Palestra Small Talk Entenda a diferen\u00e7a dos tipos de palestra Hor\u00e1rio raphael Programa\u00e7\u00e3o Palestra 8:00h &#8211; 8:40h Credenciamento 8:40h &#8211; 9:00h Abertura Cristiano Santos 9:00h &#8211; 10:00h Carlos Paulo Hor\u00e1cio Soares Felipe Vinha [Moderador] Guga Alves Projeto de Sucesso com WordPress &#8211; de A a Z 10:05h &#8211; 10:50h Raphael Amorim 500 Days &hellip; <a href=\"https:\/\/riodejaneiro.wordcamp.org\/2015\/programacao\/\" class=\"more-link\">Continue lendo <span class=\"screen-reader-text\">Programa\u00e7\u00e3o<\/span> <span class=\"meta-nav\">&rarr;<\/span><\/a><\/p>\n","protected":false},"author":6896930,"featured_media":0,"parent":0,"menu_order":1,"comment_status":"closed","ping_status":"closed","template":"","meta":{"jetpack_post_was_ever_published":false,"footnotes":""},"class_list":["post-49","page","type-page","status-publish","hentry"],"jetpack_sharing_enabled":false,"jetpack_shortlink":"https:\/\/wp.me\/P6r9fy-N","jetpack_likes_enabled":true,"_links":{"self":[{"href":"https:\/\/riodejaneiro.wordcamp.org\/2015\/wp-json\/wp\/v2\/pages\/49","targetHints":{"allow":["GET"]}}],"collection":[{"href":"https:\/\/riodejaneiro.wordcamp.org\/2015\/wp-json\/wp\/v2\/pages"}],"about":[{"href":"https:\/\/riodejaneiro.wordcamp.org\/2015\/wp-json\/wp\/v2\/types\/page"}],"author":[{"embeddable":true,"href":"https:\/\/riodejaneiro.wordcamp.org\/2015\/wp-json\/wp\/v2\/users\/6896930"}],"replies":[{"embeddable":true,"href":"https:\/\/riodejaneiro.wordcamp.org\/2015\/wp-json\/wp\/v2\/comments?post=49"}],"version-history":[{"count":45,"href":"https:\/\/riodejaneiro.wordcamp.org\/2015\/wp-json\/wp\/v2\/pages\/49\/revisions"}],"predecessor-version":[{"id":556885,"href":"https:\/\/riodejaneiro.wordcamp.org\/2015\/wp-json\/wp\/v2\/pages\/49\/revisions\/556885"}],"wp:attachment":[{"href":"https:\/\/riodejaneiro.wordcamp.org\/2015\/wp-json\/wp\/v2\/media?parent=49"}],"curies":[{"name":"wp","href":"https:\/\/api.w.org\/{rel}","templated":true}]}}