{"id":52,"date":"2015-07-13T18:35:21","date_gmt":"2015-07-13T18:35:21","guid":{"rendered":"https:\/\/riodejaneiro.wordcamp.org\/2014\/location\/"},"modified":"2015-07-15T02:03:32","modified_gmt":"2015-07-15T02:03:32","slug":"como-chegar","status":"publish","type":"page","link":"https:\/\/riodejaneiro.wordcamp.org\/2015\/sobre\/guia-de-sobrevivencia\/como-chegar\/","title":{"rendered":"Como Chegar"},"content":{"rendered":"<p>O evento acontecer\u00e1 no <strong>Senac Flamengo<\/strong>, na <strong>Rua Marqu\u00eas de Abrantes, 99 &#8211; Flamengo &#8211; Rio de Janeiro, RJ<\/strong>, no dia 29 de agosto de 2015.<\/p>\n<div class=\"googlemaps\">\n\t\t\t\t<iframe loading=\"lazy\" width=\"1040\" height=\"550\" frameborder=\"0\" scrolling=\"no\" marginheight=\"0\" marginwidth=\"0\"  src=\"https:\/\/www.google.com\/maps\/embed?pb=!1m18!1m12!1m3!1d3674.3721961456795!2d-43.17729549999999!3d-22.9365159!2m3!1f0!2f0!3f0!3m2!1i1024!2i768!4f13.1!3m3!1m2!1s0x997f88f435624f:0x83ed42214af802dd!2sR.%20Marqu\u00eas%20de%20Abrantes,%2099%20-%20Flamengo,%20Rio%20de%20Janeiro%20-%20RJ,%2022230-061,%20Brazil!5e0!3m2!1sen!2sbr!4v1436633841857\"><\/iframe>\n\t\t\t<\/div>\n<h2>Aeroporto Santos Dumont &#8211; Senac Flamengo<\/h2>\n<p>Pela curta dist\u00e2ncia, voc\u00ea pode pegar um taxi diretamente para o local do evento, ou um taxi at\u00e9 a esta\u00e7\u00e3o de metr\u00f4 <strong>Cinel\u00e3ndia<\/strong> e de l\u00e1 pegar o metr\u00f4 at\u00e9 a esta\u00e7\u00e3o <strong>Flamengo<strong>\u00a0(sentido zona sul)<\/strong>.<\/strong><\/p>\n<p><strong>Tempo Estimado:<\/strong> 30 minutos<\/p>\n<p><a href=\"https:\/\/www.google.com.br\/maps\/dir\/Aeroporto+do+Rio+de+Janeiro+-+Santos+Dumont+-+Pra%C3%A7a+Sen.+Salgado+Filho,+s%2Fn+-+Centro,+Rio+de+Janeiro+-+RJ,+20021-340\/Rua+Marqu%C3%AAs+de+Abrantes,+127+-+Flamengo,+RJ,+22230-061\/@-22.9244571,-43.1894715,14z\/data=!4m15!4m14!1m5!1m1!1s0x9981dc9dddeb7b:0xe5dd62143d35dcc7!2m2!1d-43.164876!2d-22.911144!1m5!1m1!1s0x997f8903b81f0d:0x96cc5f861df62730!2m2!1d-43.1775206!2d-22.9375966!3e3!5i1\" target=\"_blank\">Veja as rotas poss\u00edveis no Google Maps<\/a><\/p>\n<h2>Aeroporto Internacional\u00a0&#8211; Senac Flamengo<\/h2>\n<p>O Aeroporto Internacional j\u00e1 fica um pouco mais longe, mas tem uma alternativa barata para ir direto para o evento, ou para o centro, para se encaminhar para seu hotel caso ele fique no centro ou zona sul.<\/p>\n<p>Voc\u00ea poder\u00e1 pegar o \u00f4nibus 2101 no aeroporto e saltar na esta\u00e7\u00e3o de metr\u00f4 Cinel\u00e2ndia. Dela, basta pegar o metr\u00f4 at\u00e9 a esta\u00e7\u00e3o <strong>Flamengo (sentido zona sul)\u00a0<\/strong>ou se dirigir para o endere\u00e7o de seu hotel (indicaremos alguns em postagem futura).<\/p>\n<p><strong>Tempo Estimado:<\/strong>\u00a01 hora e 37 minutos. Em hor\u00e1rio de rush (dias de semana entre 17 e 19 horas), o tempo tende a ser bem maior.<\/p>\n<p><a href=\"https:\/\/www.google.com.br\/maps\/dir\/Aeroporto+Internacional+do+Rio+de+Janeiro%2FGale%C3%A3o+-+Ant%C3%B4nio+Carlos+Jobim+-+Avenida+Vinte+de+Janeiro,+Gale%C3%A3o,+Rio+de+Janeiro\/Rua+Marqu%C3%AAs+de+Abrantes,+127+-+Flamengo,+RJ,+22230-061\/@-22.8757861,-43.2798552,12z\/data=!3m1!4b1!4m12!4m11!1m3!2m2!1d-43.2494233!2d-22.8134098!1m5!1m1!1s0x997f8903b81f0d:0x96cc5f861df62730!2m2!1d-43.1775206!2d-22.9375966!3e3\" target=\"_blank\">Vejas as rotas poss\u00edveis no Google Maps<\/a><\/p>\n<h2>Rodovi\u00e1ria &#8211; Senac Flamengo<\/h2>\n<p>A rota mais r\u00e1pida daqui \u00e9 pegar o \u00f4nibus 178 no terminal rodovi\u00e1rio ao lado da Rodovi\u00e1ria Novo Rio.<\/p>\n<p><strong>Tempo Estimado:<\/strong>\u00a043 minutos (mas \u00f4nibus em fim de semana podem demorar mais do que o habitual para chegar no terminal rodovi\u00e1rio e seguir viagem).<\/p>\n<p><a href=\"https:\/\/www.google.com.br\/maps\/dir\/Rodovi%C3%A1ria+Novo+Rio+-+Santo+Cristo,+Rio+de+Janeiro+-+RJ\/Rua+Marqu%C3%AAs+de+Abrantes,+127+-+Flamengo,+RJ,+22230-061\/@-22.9186297,-43.2134735,14z\/data=!3m1!4b1!4m14!4m13!1m5!1m1!1s0x997f19265f15eb:0x545efa63ee9aeacb!2m2!1d-43.2078498!2d-22.8990886!1m5!1m1!1s0x997f8903b81f0d:0x96cc5f861df62730!2m2!1d-43.1775206!2d-22.9375966!3e3\" target=\"_blank\">Veja as rotas poss\u00edveis no Google Maps<\/a><\/p>\n<h2>Barcas &#8211; Senac Flamengo<\/h2>\n<p>Daqui, a melhor op\u00e7\u00e3o \u00e9 se dirigir para a esta\u00e7\u00e3o do metr\u00f4 Carioca e seguir no metr\u00f4 at\u00e9 a esta\u00e7\u00e3o <strong>Flamengo (sentido zona sul).<\/strong><\/p>\n<p><strong>Tempo Estimado:<\/strong> 32 minutos<\/p>\n<p><a href=\"https:\/\/www.google.com.br\/maps\/dir\/Barcas+S%2FA+Transportes+Mar%C3%ADtimos+-+Pra%C3%A7a+Quinze+de+Novembro,+21,+Sobrado,+Rio+de+Janeiro+-+RJ,+20010-010\/Rua+Marqu%C3%AAs+de+Abrantes,+127+-+Flamengo,+RJ,+22230-061\/@-22.9207007,-43.1905359,14z\/data=!3m1!4b1!4m14!4m13!1m5!1m1!1s0x9981e3d26677a1:0x88def2ef460aa004!2m2!1d-43.172112!2d-22.902881!1m5!1m1!1s0x997f8903b81f0d:0x96cc5f861df62730!2m2!1d-43.1775206!2d-22.9375966!3e3\" target=\"_blank\">Veja as rotas poss\u00edveis no Google Maps<\/a><\/p>\n<h2>Zona sul &#8211; Senac Flamengo<\/h2>\n<p>De qualquer bairro da zona sul do RJ, se dirija a esta\u00e7\u00e3o de metr\u00f4 mais pr\u00f3xima e pegue o metr\u00f4 para esta\u00e7\u00e3o <strong>Flamengo (sentido Centro\/Tijuca)<\/strong><\/p>\n<h2>Estacionamento<\/h2>\n<p>Segundo o site Encontra Flamengo, existem 4 estacionamentos pr\u00f3ximos ao Senac. Confiram em <a href=\"http:\/\/www.encontraflamengo.com.br\/e\/estacionamentos-no-bairro-flamengo.shtml\">http:\/\/www.encontraflamengo.com.br\/e\/estacionamentos-no-bairro-flamengo.shtml<\/a><\/p>\n<p>D\u00favidas? <a href=\"https:\/\/2015.riodejaneiro.wordcamp.org\/fale-conosco\/\">Fale conosco<\/a>!<\/p>\n","protected":false},"excerpt":{"rendered":"<p>O evento acontecer\u00e1 no Senac Flamengo, na Rua Marqu\u00eas de Abrantes, 99 &#8211; Flamengo &#8211; Rio de Janeiro, RJ, no dia 29 de agosto de 2015. Aeroporto Santos Dumont &#8211; Senac Flamengo Pela curta dist\u00e2ncia, voc\u00ea pode pegar um taxi diretamente para o local do evento, ou um taxi at\u00e9 a esta\u00e7\u00e3o de metr\u00f4 Cinel\u00e3ndia &hellip; <a href=\"https:\/\/riodejaneiro.wordcamp.org\/2015\/sobre\/guia-de-sobrevivencia\/como-chegar\/\" class=\"more-link\">Continue lendo <span class=\"screen-reader-text\">Como Chegar<\/span> <span class=\"meta-nav\">&rarr;<\/span><\/a><\/p>\n","protected":false},"author":6896930,"featured_media":0,"parent":554679,"menu_order":1,"comment_status":"closed","ping_status":"closed","template":"","meta":{"jetpack_post_was_ever_published":false,"footnotes":""},"class_list":["post-52","page","type-page","status-publish","hentry"],"jetpack_sharing_enabled":true,"jetpack_shortlink":"https:\/\/wp.me\/P6r9fy-Q","jetpack_likes_enabled":true,"_links":{"self":[{"href":"https:\/\/riodejaneiro.wordcamp.org\/2015\/wp-json\/wp\/v2\/pages\/52","targetHints":{"allow":["GET"]}}],"collection":[{"href":"https:\/\/riodejaneiro.wordcamp.org\/2015\/wp-json\/wp\/v2\/pages"}],"about":[{"href":"https:\/\/riodejaneiro.wordcamp.org\/2015\/wp-json\/wp\/v2\/types\/page"}],"author":[{"embeddable":true,"href":"https:\/\/riodejaneiro.wordcamp.org\/2015\/wp-json\/wp\/v2\/users\/6896930"}],"replies":[{"embeddable":true,"href":"https:\/\/riodejaneiro.wordcamp.org\/2015\/wp-json\/wp\/v2\/comments?post=52"}],"version-history":[{"count":7,"href":"https:\/\/riodejaneiro.wordcamp.org\/2015\/wp-json\/wp\/v2\/pages\/52\/revisions"}],"predecessor-version":[{"id":555686,"href":"https:\/\/riodejaneiro.wordcamp.org\/2015\/wp-json\/wp\/v2\/pages\/52\/revisions\/555686"}],"up":[{"embeddable":true,"href":"https:\/\/riodejaneiro.wordcamp.org\/2015\/wp-json\/wp\/v2\/pages\/554679"}],"wp:attachment":[{"href":"https:\/\/riodejaneiro.wordcamp.org\/2015\/wp-json\/wp\/v2\/media?parent=52"}],"curies":[{"name":"wp","href":"https:\/\/api.w.org\/{rel}","templated":true}]}}