{"id":53,"date":"2015-07-13T14:50:36","date_gmt":"2015-07-13T14:50:36","guid":{"rendered":"https:\/\/riodejaneiro.wordcamp.org\/2014\/?page_id=6"},"modified":"2015-07-20T16:35:25","modified_gmt":"2015-07-20T19:35:25","slug":"organizacao","status":"publish","type":"page","link":"https:\/\/riodejaneiro.wordcamp.org\/2015\/sobre\/organizacao\/","title":{"rendered":"Organiza\u00e7\u00e3o"},"content":{"rendered":"<p>Depois de participarem de v\u00e1rios eventos, seja como palestrantes ou como espectadores, esse pequeno grupo de amigos apaixonados pelo WordPress resolveu arrega\u00e7ar as mangas e criar a segunda edi\u00e7\u00e3o carioca do WordCamp. <\/p>\n<p><strong>Conhe\u00e7a o nosso time:<\/strong><\/p>\n\t<div class=\"wcorg-organizers\">\n\n\t\t\n\t\t\t<div class=\"wcorg-organizer\">\n\t\t\t\t<h2>Rud\u00e1 Almeida<\/h2>\n\t\t\t\t<div class=\"wcorg-organizer-description\">\n\t\t\t\t\t\t\t\t\t\t<img alt='' src='https:\/\/secure.gravatar.com\/avatar\/d3c21878841dd054f50a6154e1d82ba3aa1d71411c37fe51656ebecc4e981be0?s=145&#038;d=mm&#038;r=g' srcset='https:\/\/secure.gravatar.com\/avatar\/d3c21878841dd054f50a6154e1d82ba3aa1d71411c37fe51656ebecc4e981be0?s=290&#038;d=mm&#038;r=g 2x' class='avatar avatar-145 photo' height='145' width='145' \/>\t\t\t\t\t<p>Aficcionado por tecnologia, apaixonado pela web e entusiasta do WordPress. J\u00e1 palestrou no WordCamp S\u00e3o Paulo e em Meetups do Rio de Janeiro. Atualmente, integra a equipe de Tecnologia da Informa\u00e7\u00e3o da Universidade Federal do Rio de Janeiro e atua como freelancer em projetos web.<\/p>\n\t\t\t\t<\/div>\n\t\t\t<\/div>\n\n\t\t\n\t\t\t<div class=\"wcorg-organizer\">\n\t\t\t\t<h2>Cristiano Santos<\/h2>\n\t\t\t\t<div class=\"wcorg-organizer-description\">\n\t\t\t\t\t\t\t\t\t\t<img alt='' src='https:\/\/secure.gravatar.com\/avatar\/17b64cbe17098ca63a72927a4d779fae739d36650d85599c6e863c795a240098?s=145&#038;d=mm&#038;r=g' srcset='https:\/\/secure.gravatar.com\/avatar\/17b64cbe17098ca63a72927a4d779fae739d36650d85599c6e863c795a240098?s=290&#038;d=mm&#038;r=g 2x' class='avatar avatar-145 photo' height='145' width='145' \/>\t\t\t\t\t<p>Designer web especializado em sites WordPress focado em neg\u00f3cio. Palestrante de produtividade, WordPress, Presen\u00e7a online e professor de e-mail marketing do curso iLearn al\u00e9m de editor do Carreira Solo e podcaster do FalaFreela.<\/p>\n\t\t\t\t<\/div>\n\t\t\t<\/div>\n\n\t\t\n\t\t\t<div class=\"wcorg-organizer\">\n\t\t\t\t<h2>Guga Alves<\/h2>\n\t\t\t\t<div class=\"wcorg-organizer-description\">\n\t\t\t\t\t\t\t\t\t\t<img alt='' src='https:\/\/secure.gravatar.com\/avatar\/2bb28470352c969615480bad9545226701104d2ca26a6f2015261d4b4866c5d4?s=145&#038;d=mm&#038;r=g' srcset='https:\/\/secure.gravatar.com\/avatar\/2bb28470352c969615480bad9545226701104d2ca26a6f2015261d4b4866c5d4?s=290&#038;d=mm&#038;r=g 2x' class='avatar avatar-145 photo' height='145' width='145' \/>\t\t\t\t\t<p>S\u00f3cio-Fundador da Ag\u00eancia Wattz, Analista de Sistemas, P\u00f3s graduado em Gest\u00e3o Estrat\u00e9gica em Marketing Digital. Idealizador do site <a href=\"http:\/\/tudoparawp.com.br\" target=\"_blank\">Tudo Para WordPress<\/a>, Guga \u00e9 conhecido por ser especialista em SEO e uma das refer\u00eancias em desenvolvimento WordPress no cen\u00e1rio brasileiro. Palestrante de eventos como Campus Party, Rio Info e WordCamp\u2019s Porto Alegre, S\u00e3o Paulo e Belo Horizonte, al\u00e9m de organizador do WordCamp Rio de Janeiro 2014 e 2015, e dos meetups cariocas.<\/p>\n<p>Guga acredita que ajudar ao pr\u00f3ximo \u00e9 ajudar tamb\u00e9m a si mesmo, e atua como t\u00e9cnico desse time de craques do WordPress carioca.<\/p>\n\t\t\t\t<\/div>\n\t\t\t<\/div>\n\n\t\t\n\t\t\t<div class=\"wcorg-organizer\">\n\t\t\t\t<h2>Felipe Pav\u00e3o<\/h2>\n\t\t\t\t<div class=\"wcorg-organizer-description\">\n\t\t\t\t\t\t\t\t\t\t<img alt='' src='https:\/\/secure.gravatar.com\/avatar\/272ad3f64125d455e0d9dd8b4a1aad50d23e9b1b1a85f7b9a7ee482b7f1fbd8c?s=145&#038;d=mm&#038;r=g' srcset='https:\/\/secure.gravatar.com\/avatar\/272ad3f64125d455e0d9dd8b4a1aad50d23e9b1b1a85f7b9a7ee482b7f1fbd8c?s=290&#038;d=mm&#038;r=g 2x' class='avatar avatar-145 photo' height='145' width='145' \/>\t\t\t\t\t<p>Desenvolvedor de software\u00a0h\u00e1 12 anos, \u00e9 s\u00f3cio-fundador\u00a0da <a href=\"https:\/\/www.xdevs.com.br\/suporte-wordpress\" target=\"_blank\">Xdevs<\/a>.<br \/>\nAo\u00a0lado do @cristianoweb, \u00e9 idealizador do podcast\u00a0<a href=\"http:\/\/www.mercadowp.com.br\" target=\"_blank\">Mercado WP<\/a>,\u00a0que\u00a0fala sobre nossa ferramenta preferida. Tem como miss\u00e3o compartilhar um pouco de sua experi\u00eancia\u00a0no dia-a-dia com o WordPress.<\/p>\n<p>&nbsp;<\/p>\n\t\t\t\t<\/div>\n\t\t\t<\/div>\n\n\t\t\n\t\t\t<div class=\"wcorg-organizer\">\n\t\t\t\t<h2>Anderson Nascimento<\/h2>\n\t\t\t\t<div class=\"wcorg-organizer-description\">\n\t\t\t\t\t\t\t\t\t\t<img alt='' src='https:\/\/secure.gravatar.com\/avatar\/5783f1be9dcbb01f3a84df2468c528d9355706113ed1dba2181691b98c38c4aa?s=145&#038;d=mm&#038;r=g' srcset='https:\/\/secure.gravatar.com\/avatar\/5783f1be9dcbb01f3a84df2468c528d9355706113ed1dba2181691b98c38c4aa?s=290&#038;d=mm&#038;r=g 2x' class='avatar avatar-145 photo' height='145' width='145' \/>\t\t\t\t\t<p>Estudante de Ci\u00eancia da Computa\u00e7\u00e3o; trabalha atualmente como Desenvolvedor Web na Ag\u00eancia VX Comunica\u00e7\u00e3o. Co-organizador do WordPress Meetup RJ e WordCamp RJ. Entusiasta da plataforma, incentiva a sua utiliza\u00e7\u00e3o por meio de palestras e artigos onde compartilha t\u00e9cnicas assimiladas.<\/p>\n\t\t\t\t<\/div>\n\t\t\t<\/div>\n\n\t\t\n\t\t\t<div class=\"wcorg-organizer\">\n\t\t\t\t<h2>Mario Ernesto<\/h2>\n\t\t\t\t<div class=\"wcorg-organizer-description\">\n\t\t\t\t\t\t\t\t\t\t<img alt='' src='https:\/\/secure.gravatar.com\/avatar\/7104ad9627afb06bb0d6d51c4d7c7756a0ef4da75f3a1793dba685da6dda6c40?s=145&#038;d=mm&#038;r=g' srcset='https:\/\/secure.gravatar.com\/avatar\/7104ad9627afb06bb0d6d51c4d7c7756a0ef4da75f3a1793dba685da6dda6c40?s=290&#038;d=mm&#038;r=g 2x' class='avatar avatar-145 photo' height='145' width='145' \/>\t\t\t\t\t<p>Programador Web com quase 10 anos de experi\u00eancia no desenvolvimento de Sites, Hotsites e Sistemas. Adoro l\u00f3gica e estrutura de codifica\u00e7\u00e3o, E escolhi o PHP como linguagem m\u00e3e, por ser simples, mas ao mesmo tempo robusto. Hoje divido meus projetos entre WordPress e Laravel. \u00a0E nas horas vagas fil\u00f3sofia, poesia e muita Proscrastina\u00e7\u00e3o.<\/p>\n\t\t\t\t<\/div>\n\t\t\t<\/div>\n\n\t\t\n\t\t\t<div class=\"wcorg-organizer\">\n\t\t\t\t<h2>Cadu de Castro Alves<\/h2>\n\t\t\t\t<div class=\"wcorg-organizer-description\">\n\t\t\t\t\t\t\t\t\t\t<img alt='' src='https:\/\/secure.gravatar.com\/avatar\/9abbedda84eb6eafdda6a9a472701f43c7e34c2f5881386d74905247a5dfcab5?s=145&#038;d=mm&#038;r=g' srcset='https:\/\/secure.gravatar.com\/avatar\/9abbedda84eb6eafdda6a9a472701f43c7e34c2f5881386d74905247a5dfcab5?s=290&#038;d=mm&#038;r=g 2x' class='avatar avatar-145 photo' height='145' width='145' \/>\t\t\t\t\t<p>CEO e s\u00f3cio-fundador do <a href=\"http:\/\/deskovery.net\" target=\"_blank\">Deskovery<\/a>. Trabalha com internet h\u00e1 12 anos, 10 deles dedicados ao WordPress, desenvolvendo websites de todos os tamanhos e at\u00e9 aplicativos m\u00f3veis. \u00c9 palestrante e evangelista de WordPress, start-ups e empreendedorismo.<\/p>\n\t\t\t\t<\/div>\n\t\t\t<\/div>\n\n\t\t\n\t\t\t<div class=\"wcorg-organizer\">\n\t\t\t\t<h2>Breno Alves<\/h2>\n\t\t\t\t<div class=\"wcorg-organizer-description\">\n\t\t\t\t\t\t\t\t\t\t<img alt='' src='https:\/\/secure.gravatar.com\/avatar\/d5db0cf4c28a2301cfaa2c215242906fcae87bc265c27a452207f1703e383197?s=145&#038;d=mm&#038;r=g' srcset='https:\/\/secure.gravatar.com\/avatar\/d5db0cf4c28a2301cfaa2c215242906fcae87bc265c27a452207f1703e383197?s=290&#038;d=mm&#038;r=g 2x' class='avatar avatar-145 photo' height='145' width='145' \/>\t\t\t\t\t<p>Desenvolvedor full-stack, entusiasta de UX design e meio-campista. Contribui para algumas comunidades e projetos open-source. Atualmente, pode dar-se ao luxo de trabalhar somente com projetos em WordPress. Al\u00e9m dos c\u00f3digos, gosta de viajar e trocar experi\u00eancias.<\/p>\n\t\t\t\t<\/div>\n\t\t\t<\/div>\n\n\t\t\n\t<\/div><!-- .wcorg-organizers -->\n\t\n","protected":false},"excerpt":{"rendered":"<p>Depois de participarem de v\u00e1rios eventos, seja como palestrantes ou como espectadores, esse pequeno grupo de amigos apaixonados pelo WordPress resolveu arrega\u00e7ar as mangas e criar a segunda edi\u00e7\u00e3o carioca do WordCamp. Conhe\u00e7a o nosso time:<\/p>\n","protected":false},"author":6896930,"featured_media":0,"parent":554157,"menu_order":2,"comment_status":"closed","ping_status":"closed","template":"","meta":{"jetpack_post_was_ever_published":false,"footnotes":""},"class_list":["post-53","page","type-page","status-publish","hentry"],"jetpack_sharing_enabled":false,"jetpack_shortlink":"https:\/\/wp.me\/P6r9fy-R","jetpack_likes_enabled":true,"_links":{"self":[{"href":"https:\/\/riodejaneiro.wordcamp.org\/2015\/wp-json\/wp\/v2\/pages\/53","targetHints":{"allow":["GET"]}}],"collection":[{"href":"https:\/\/riodejaneiro.wordcamp.org\/2015\/wp-json\/wp\/v2\/pages"}],"about":[{"href":"https:\/\/riodejaneiro.wordcamp.org\/2015\/wp-json\/wp\/v2\/types\/page"}],"author":[{"embeddable":true,"href":"https:\/\/riodejaneiro.wordcamp.org\/2015\/wp-json\/wp\/v2\/users\/6896930"}],"replies":[{"embeddable":true,"href":"https:\/\/riodejaneiro.wordcamp.org\/2015\/wp-json\/wp\/v2\/comments?post=53"}],"version-history":[{"count":9,"href":"https:\/\/riodejaneiro.wordcamp.org\/2015\/wp-json\/wp\/v2\/pages\/53\/revisions"}],"predecessor-version":[{"id":555923,"href":"https:\/\/riodejaneiro.wordcamp.org\/2015\/wp-json\/wp\/v2\/pages\/53\/revisions\/555923"}],"up":[{"embeddable":true,"href":"https:\/\/riodejaneiro.wordcamp.org\/2015\/wp-json\/wp\/v2\/pages\/554157"}],"wp:attachment":[{"href":"https:\/\/riodejaneiro.wordcamp.org\/2015\/wp-json\/wp\/v2\/media?parent=53"}],"curies":[{"name":"wp","href":"https:\/\/api.w.org\/{rel}","templated":true}]}}