{"id":24,"date":"2015-07-13T20:29:24","date_gmt":"2015-07-13T23:29:24","guid":{"rendered":"https:\/\/2015.riodejaneiro.wordcamp.org\/sessions\/"},"modified":"2016-09-03T15:17:31","modified_gmt":"2016-09-03T18:17:31","slug":"programacao","status":"publish","type":"page","link":"https:\/\/riodejaneiro.wordcamp.org\/2016\/programacao\/","title":{"rendered":"Programa\u00e7\u00e3o"},"content":{"rendered":"<h2>Audit\u00f3rio<\/h2>\n<p>No\u00a0palco principal teremos as principais palestras\u00a0no formato de 45 minutos. O foco do conte\u00fado \u00e9\u00a0mostrar toda a capacidade do WordPress como plataforma de\u00a0comunica\u00e7\u00e3o. Veja a programa\u00e7\u00e3o:<\/p>\n<table class=\"wcpt-schedule\" border=\"0\"><thead><tr><th class=\"wcpt-col-time\">Hora<\/th><th class=\"wcpt-col-track\"> <span class=\"wcpt-track-name\">Palco Principal<\/span> <span class=\"wcpt-track-description\"><\/span> <\/th><\/tr><\/thead><tbody><tr class=\"wcpt-time-0800 global-session credenciamento\"><td class=\"wcpt-time\">08:00<\/td><td colspan=\"1\" class=\"wcb-track-palco-principal wcpt-session-type-custom wcb-session-credenciamento\" data-track-title=\"Palco Principal\" data-session-id=\"558145\"><div class=\"wcb-session-cell-content\"><span class=\"wcpt-session-title\">Credenciamento<\/span><\/div><\/td><\/tr><tr class=\"wcpt-time-0830 global-session abertura\"><td class=\"wcpt-time\">08:30<\/td><td colspan=\"1\" class=\"wcb-speaker-cristiano-santos wcb-track-palco-principal wcpt-session-type-custom wcb-session-abertura\" data-track-title=\"Palco Principal\" data-session-id=\"558147\"><div class=\"wcb-session-cell-content\"><span class=\"wcpt-session-title\">Abertura<\/span> <span class=\"wcpt-session-speakers\">Cristiano Santos<\/span><\/div><\/td><\/tr><tr class=\"wcpt-time-0900 global-session painel-trabalho-remoto-com-wordpress\"><td class=\"wcpt-time\">09:00<\/td><td colspan=\"1\" class=\"wcb-speaker-davi-alves wcb-speaker-breno-alves wcb-speaker-nicholas-de-oliveira wcb-speaker-felipe-pavao wcb-track-palco-principal wcpt-session-type-session wcb-session-painel-trabalho-remoto-com-wordpress\" data-track-title=\"Palco Principal\" data-session-id=\"558032\"><div class=\"wcb-session-cell-content\"><a class=\"wcpt-session-title\" href=\"https:\/\/riodejaneiro.wordcamp.org\/2016\/session\/painel-trabalho-remoto-com-wordpress\/\">Painel &#8211; Trabalho Remoto com WordPress<\/a> <span class=\"wcpt-session-speakers\">Davi Alves, Breno Alves, N\u00edcholas Andr\u00e9, Felipe Pav\u00e3o (Moderador)<\/span><\/div><div class=\"wcb-session-favourite-icon\"><a href=\"#\" role=\"button\" class=\"fav-session-button\" aria-pressed=\"false\"><span class=\"screen-reader-text\">Palestra favorita: Painel &#8211; Trabalho Remoto com WordPress<\/span><span class=\"dashicons dashicons-star-filled\"><\/span><\/a><\/div><\/td><\/tr><tr class=\"wcpt-time-1000 global-session o-que-eu-preciso-saber-para-comear-a-criar-temas-e-plugins-para-wordpress\"><td class=\"wcpt-time\">10:00<\/td><td colspan=\"1\" class=\"wcb-speaker-leo-baiano wcb-track-palco-principal wcpt-session-type-session wcb-session-o-que-eu-preciso-saber-para-comecar-a-criar-temas-e-plugins-para-wordpress\" data-track-title=\"Palco Principal\" data-session-id=\"558038\"><div class=\"wcb-session-cell-content\"><a class=\"wcpt-session-title\" href=\"https:\/\/riodejaneiro.wordcamp.org\/2016\/session\/o-que-eu-preciso-saber-para-comecar-a-criar-temas-e-plugins-para-wordpress\/\">O que eu preciso saber para come\u00e7ar a criar temas e plugins para WordPress?<\/a> <span class=\"wcpt-session-speakers\">Leo Baiano<\/span><\/div><div class=\"wcb-session-favourite-icon\"><a href=\"#\" role=\"button\" class=\"fav-session-button\" aria-pressed=\"false\"><span class=\"screen-reader-text\">Palestra favorita: O que eu preciso saber para come\u00e7ar a criar temas e plugins para WordPress?<\/span><span class=\"dashicons dashicons-star-filled\"><\/span><\/a><\/div><\/td><\/tr><tr class=\"wcpt-time-1100 global-session woocommerce-e-wordpress-lojas-virtuais-descomplicadas\"><td class=\"wcpt-time\">11:00<\/td><td colspan=\"1\" class=\"wcb-speaker-vinicius-lourenco wcb-track-palco-principal wcpt-session-type-session wcb-session-woocommerce-e-wordpress-lojas-virtuais-descomplicadas\" data-track-title=\"Palco Principal\" data-session-id=\"558176\"><div class=\"wcb-session-cell-content\"><a class=\"wcpt-session-title\" href=\"https:\/\/riodejaneiro.wordcamp.org\/2016\/session\/woocommerce-e-wordpress-lojas-virtuais-descomplicadas\/\">WooCommerce e WordPress &#8211; Lojas virtuais descomplicadas.<\/a> <span class=\"wcpt-session-speakers\">Vin\u00edcius Louren\u00e7o<\/span><\/div><div class=\"wcb-session-favourite-icon\"><a href=\"#\" role=\"button\" class=\"fav-session-button\" aria-pressed=\"false\"><span class=\"screen-reader-text\">Palestra favorita: WooCommerce e WordPress &#8211; Lojas virtuais descomplicadas.<\/span><span class=\"dashicons dashicons-star-filled\"><\/span><\/a><\/div><\/td><\/tr><tr class=\"wcpt-time-1200 global-session almoo\"><td class=\"wcpt-time\">12:00<\/td><td colspan=\"1\" class=\"wcb-track-palco-principal wcb-track-sala-secundaria wcpt-session-type-custom wcb-session-almoco\" data-track-title=\"Palco Principal, Sala Matt Mullenweg\" data-session-id=\"558149\"><div class=\"wcb-session-cell-content\"><span class=\"wcpt-session-title\">Almo\u00e7o<\/span><\/div><\/td><\/tr><tr class=\"wcpt-time-1300 global-session painel-o-futuro-do-wordpress\"><td class=\"wcpt-time\">13:00<\/td><td colspan=\"1\" class=\"wcb-speaker-eliane-domingos-moderador wcb-speaker-gustavo-bordoni wcb-speaker-claudio-sanches wcb-track-palco-principal wcpt-session-type-session wcb-session-painel-o-futuro-do-wordpress\" data-track-title=\"Palco Principal\" data-session-id=\"558151\"><div class=\"wcb-session-cell-content\"><a class=\"wcpt-session-title\" href=\"https:\/\/riodejaneiro.wordcamp.org\/2016\/session\/painel-o-futuro-do-wordpress\/\">Painel &#8211; O futuro do WordPress?<\/a> <span class=\"wcpt-session-speakers\">Eliane Domingos (Moderador), Gustavo Bordoni, Claudio Sanches<\/span><\/div><div class=\"wcb-session-favourite-icon\"><a href=\"#\" role=\"button\" class=\"fav-session-button\" aria-pressed=\"false\"><span class=\"screen-reader-text\">Palestra favorita: Painel &#8211; O futuro do WordPress?<\/span><span class=\"dashicons dashicons-star-filled\"><\/span><\/a><\/div><\/td><\/tr><tr class=\"wcpt-time-1400 global-session redesign-enxuto-de-sites-wordpress-com-growth-driven-design\"><td class=\"wcpt-time\">14:00<\/td><td colspan=\"1\" class=\"wcb-speaker-vitor-paladini wcb-track-palco-principal wcpt-session-type-session wcb-session-redesign-enxuto-de-sites-wordpress-com-growth-driven-design\" data-track-title=\"Palco Principal\" data-session-id=\"558154\"><div class=\"wcb-session-cell-content\"><a class=\"wcpt-session-title\" href=\"https:\/\/riodejaneiro.wordcamp.org\/2016\/session\/redesign-enxuto-de-sites-wordpress-com-growth-driven-design\/\">Redesign enxuto de sites WordPress com Growth-Driven Design<\/a> <span class=\"wcpt-session-speakers\">Vitor Paladini<\/span><\/div><div class=\"wcb-session-favourite-icon\"><a href=\"#\" role=\"button\" class=\"fav-session-button\" aria-pressed=\"false\"><span class=\"screen-reader-text\">Palestra favorita: Redesign enxuto de sites WordPress com Growth-Driven Design<\/span><span class=\"dashicons dashicons-star-filled\"><\/span><\/a><\/div><\/td><\/tr><tr class=\"wcpt-time-1500 global-session como-criar-aplicativos-com-a-api-rest-do-wordpress\"><td class=\"wcpt-time\">15:00<\/td><td colspan=\"1\" class=\"wcb-speaker-cadu-de-castro-alves wcb-track-palco-principal wcpt-session-type-session wcb-session-como-criar-aplicativos-com-a-api-rest-do-wordpress\" data-track-title=\"Palco Principal\" data-session-id=\"558157\"><div class=\"wcb-session-cell-content\"><a class=\"wcpt-session-title\" href=\"https:\/\/riodejaneiro.wordcamp.org\/2016\/session\/como-criar-aplicativos-com-a-api-rest-do-wordpress\/\">Como Criar Aplicativos com a API REST do WordPress<\/a> <span class=\"wcpt-session-speakers\">Cadu de Castro Alves<\/span><\/div><div class=\"wcb-session-favourite-icon\"><a href=\"#\" role=\"button\" class=\"fav-session-button\" aria-pressed=\"false\"><span class=\"screen-reader-text\">Palestra favorita: Como Criar Aplicativos com a API REST do WordPress<\/span><span class=\"dashicons dashicons-star-filled\"><\/span><\/a><\/div><\/td><\/tr><tr class=\"wcpt-time-1600 global-session apresentaes-do-hackathon\"><td class=\"wcpt-time\">16:00<\/td><td colspan=\"1\" class=\"wcb-speaker-cristiano-santos wcb-track-palco-principal wcpt-session-type-session wcb-session-apresentacoes-do-hackathon\" data-track-title=\"Palco Principal\" data-session-id=\"558159\"><div class=\"wcb-session-cell-content\"><a class=\"wcpt-session-title\" href=\"https:\/\/riodejaneiro.wordcamp.org\/2016\/session\/apresentacoes-do-hackathon\/\">Apresenta\u00e7\u00f5es do Hackathon<\/a> <span class=\"wcpt-session-speakers\">Cristiano Santos<\/span><\/div><div class=\"wcb-session-favourite-icon\"><a href=\"#\" role=\"button\" class=\"fav-session-button\" aria-pressed=\"false\"><span class=\"screen-reader-text\">Palestra favorita: Apresenta\u00e7\u00f5es do Hackathon<\/span><span class=\"dashicons dashicons-star-filled\"><\/span><\/a><\/div><\/td><\/tr><tr class=\"wcpt-time-1630 global-session cerimnia-de-encerramento\"><td class=\"wcpt-time\">16:30<\/td><td colspan=\"1\" class=\"wcb-speaker-cristiano-santos wcb-track-palco-principal wcpt-session-type-custom wcb-session-cerimonia-de-encerramento\" data-track-title=\"Palco Principal\" data-session-id=\"558161\"><div class=\"wcb-session-cell-content\"><span class=\"wcpt-session-title\">Cerim\u00f4nia de Encerramento<\/span> <span class=\"wcpt-session-speakers\">Cristiano Santos<\/span><\/div><\/td><\/tr><\/tbody><\/table>\n\t<div class=\"email-form fav-session-email-form-hide\">\n\t\t<!-- Tab links -->\n\t\t<div class=\"fav-session-share-tab\">\n\t\t\t\t\t\t\t<div class=\"fav-session-tablinks\" id=\"fav-session-btn-email\">\n\t\t\t\t\tE-mail\t\t\t\t<\/div>\n\t\t\t\n\t\t\t<div class=\"fav-session-tablinks\" id=\"fav-session-btn-link\">\n\t\t\t\tLink\t\t\t<\/div>\n\n\t\t\t<div class=\"fav-session-tablinks\" id=\"fav-session-btn-print\">\n\t\t\t\tImprimir\t\t\t<\/div>\n\t\t<\/div>\n\n\t\t<!-- Tab content -->\n\t\t\t\t\t<div id=\"fav-session-tab-email\" class=\"fav-session-share-tabcontent\">\n\t\t\t\t<div id=\"fav-session-email-form\">\n\t\t\t\t\tEnvie-me minhas sess\u00f5es favoritas:\n\t\t\t\t\t<form id=\"fav-sessions-form\">\n\t\t\t\t\t\t<input\n\t\t\t\t\t\t\ttype=\"text\"\n\t\t\t\t\t\t\tname=\"email_address\"\n\t\t\t\t\t\t\tid=\"fav-sessions-email-address\"\n\t\t\t\t\t\t\tplaceholder=\"me@protonmail.com\"\n\t\t\t\t\t\t\/>\n\t\t\t\t\t\t<input type=\"submit\" value=\"Enviar\" \/>\n\t\t\t\t\t<\/form>\n\t\t\t\t<\/div>\n\n\t\t\t\t<div class=\"fav-session-email-wait-spinner\"><\/div>\n\t\t\t\t<div class=\"fav-session-email-result\"><\/div>\n\t\t\t<\/div>\n\t\t\n\t\t<div id=\"fav-session-tab-link\" class=\"fav-session-share-tabcontent\">\n\t\t\tLink compartilh\u00e1vel:\t\t\t<br \/>\n\t\t\t<a id=\"fav-sessions-link\" href=\"\"><\/a>\n\t\t<\/div>\n\n\t\t<div id=\"fav-session-tab-print\" class=\"fav-session-share-tabcontent\">\n\t\t\t<button id=\"fav-session-print\">\n\t\t\t\tImprimir sess\u00f5es favoritas\t\t\t<\/button>\n\t\t<\/div>\n\t<\/div>\n\n\t<a class=\"show-email-form\" href=\"javascript:\">\n\t\t<span class=\"dashicons dashicons-star-filled\"><\/span>\n\t\t<span class=\"dashicons dashicons-email-alt\"><\/span>\n\t<\/a>\n\n\t\n<h2>Sala Matt Mullenweg<\/h2>\n<p>Batizada com o nome do criador do WordPress, aqui o objetivo \u00e9 mostrar conte\u00fados mais focados em determinadas t\u00e9cnicas, conceitos ou metodologias. Ideal para quem est\u00e1 em busca de pequenas solu\u00e7\u00f5es poderosas para os seus projetos. O formato de conte\u00fado \u00e9 de 30 minutos.<\/p>\n<table class=\"wcpt-schedule\" border=\"0\"><thead><tr><th class=\"wcpt-col-time\">Hora<\/th><th class=\"wcpt-col-track\"> <span class=\"wcpt-track-name\">Sala Matt Mullenweg<\/span> <span class=\"wcpt-track-description\"><\/span> <\/th><\/tr><\/thead><tbody><tr class=\"wcpt-time-0900 global-session desenvolvendo-para-wordpress-com-docker-git-e-wp-cli\"><td class=\"wcpt-time\">09:00<\/td><td colspan=\"1\" class=\"wcb-speaker-ruda-almeida wcb-track-sala-secundaria wcpt-session-type-session wcb-session-usando-git-wp-cli-e-docker-com-o-terminal-para-wordpress\" data-track-title=\"Sala Matt Mullenweg\" data-session-id=\"558167\"><div class=\"wcb-session-cell-content\"><a class=\"wcpt-session-title\" href=\"https:\/\/riodejaneiro.wordcamp.org\/2016\/session\/usando-git-wp-cli-e-docker-com-o-terminal-para-wordpress\/\">Desenvolvendo para WordPress com Docker, Git e WP-CLI<\/a> <span class=\"wcpt-session-speakers\">Rud\u00e1 Almeida<\/span><\/div><div class=\"wcb-session-favourite-icon\"><a href=\"#\" role=\"button\" class=\"fav-session-button\" aria-pressed=\"false\"><span class=\"screen-reader-text\">Palestra favorita: Desenvolvendo para WordPress com Docker, Git e WP-CLI<\/span><span class=\"dashicons dashicons-star-filled\"><\/span><\/a><\/div><\/td><\/tr><tr class=\"wcpt-time-0930 global-session acessibilidade-web-agora--obrigatria-estamos-preparados\"><td class=\"wcpt-time\">09:30<\/td><td colspan=\"1\" class=\"wcb-speaker-hans-mosl wcb-track-sala-secundaria wcpt-session-type-session wcb-session-acessibilidade-web-agora-e-obrigatoria-estamos-preparados\" data-track-title=\"Sala Matt Mullenweg\" data-session-id=\"558170\"><div class=\"wcb-session-cell-content\"><a class=\"wcpt-session-title\" href=\"https:\/\/riodejaneiro.wordcamp.org\/2016\/session\/acessibilidade-web-agora-e-obrigatoria-estamos-preparados\/\">Acessibilidade Web agora \u00e9 obrigat\u00f3ria: Estamos preparados?<\/a> <span class=\"wcpt-session-speakers\">Hans M\u00f6sl<\/span><\/div><div class=\"wcb-session-favourite-icon\"><a href=\"#\" role=\"button\" class=\"fav-session-button\" aria-pressed=\"false\"><span class=\"screen-reader-text\">Palestra favorita: Acessibilidade Web agora \u00e9 obrigat\u00f3ria: Estamos preparados?<\/span><span class=\"dashicons dashicons-star-filled\"><\/span><\/a><\/div><\/td><\/tr><tr class=\"wcpt-time-1000 global-session configure-um-servidor-nginx-de-alta-performance-para-wordpress-em-10-minutos\"><td class=\"wcpt-time\">10:00<\/td><td colspan=\"1\" class=\"wcb-speaker-bruno-rodrigo wcb-track-sala-secundaria wcpt-session-type-session wcb-session-configure-um-servidor-nginx-de-alta-performance-para-wordpress-em-10-minutos\" data-track-title=\"Sala Matt Mullenweg\" data-session-id=\"558172\"><div class=\"wcb-session-cell-content\"><a class=\"wcpt-session-title\" href=\"https:\/\/riodejaneiro.wordcamp.org\/2016\/session\/configure-um-servidor-nginx-de-alta-performance-para-wordpress-em-10-minutos\/\">Configure um servidor Nginx de Alta Performance para WordPress em 10 minutos<\/a> <span class=\"wcpt-session-speakers\">Bruno Rodrigo<\/span><\/div><div class=\"wcb-session-favourite-icon\"><a href=\"#\" role=\"button\" class=\"fav-session-button\" aria-pressed=\"false\"><span class=\"screen-reader-text\">Palestra favorita: Configure um servidor Nginx de Alta Performance para WordPress em 10 minutos<\/span><span class=\"dashicons dashicons-star-filled\"><\/span><\/a><\/div><\/td><\/tr><tr class=\"wcpt-time-1030 global-session configurando-o-cloudflare-com-o-wordpress\"><td class=\"wcpt-time\">10:30<\/td><td colspan=\"1\" class=\"wcb-speaker-elton-aquino wcb-track-sala-secundaria wcpt-session-type-session wcb-session-configurando-o-cloudflare-com-o-wordpress\" data-track-title=\"Sala Matt Mullenweg\" data-session-id=\"558174\"><div class=\"wcb-session-cell-content\"><a class=\"wcpt-session-title\" href=\"https:\/\/riodejaneiro.wordcamp.org\/2016\/session\/configurando-o-cloudflare-com-o-wordpress\/\">Configurando o CloudFlare com o WordPress<\/a> <span class=\"wcpt-session-speakers\">Elton Aquino<\/span><\/div><div class=\"wcb-session-favourite-icon\"><a href=\"#\" role=\"button\" class=\"fav-session-button\" aria-pressed=\"false\"><span class=\"screen-reader-text\">Palestra favorita: Configurando o CloudFlare com o WordPress<\/span><span class=\"dashicons dashicons-star-filled\"><\/span><\/a><\/div><\/td><\/tr><tr class=\"wcpt-time-1100 global-session tire-a-sua-ideia-do-papel-utilizando-o-wordpress\"><td class=\"wcpt-time\">11:00<\/td><td colspan=\"1\" class=\"wcb-speaker-leonardo-velozo wcb-track-sala-secundaria wcpt-session-type-session wcb-session-tire-a-sua-ideia-do-papel-utilizando-o-wordpress\" data-track-title=\"Sala Matt Mullenweg\" data-session-id=\"558034\"><div class=\"wcb-session-cell-content\"><a class=\"wcpt-session-title\" href=\"https:\/\/riodejaneiro.wordcamp.org\/2016\/session\/tire-a-sua-ideia-do-papel-utilizando-o-wordpress\/\">Tire a sua ideia do papel utilizando o WordPress<\/a> <span class=\"wcpt-session-speakers\">Leonardo Velozo<\/span><\/div><div class=\"wcb-session-favourite-icon\"><a href=\"#\" role=\"button\" class=\"fav-session-button\" aria-pressed=\"false\"><span class=\"screen-reader-text\">Palestra favorita: Tire a sua ideia do papel utilizando o WordPress<\/span><span class=\"dashicons dashicons-star-filled\"><\/span><\/a><\/div><\/td><\/tr><tr class=\"wcpt-time-1200 global-session almoo\"><td class=\"wcpt-time\">12:00<\/td><td colspan=\"1\" class=\"wcb-track-palco-principal wcb-track-sala-secundaria wcpt-session-type-custom wcb-session-almoco\" data-track-title=\"Palco Principal, Sala Matt Mullenweg\" data-session-id=\"558149\"><div class=\"wcb-session-cell-content\"><span class=\"wcpt-session-title\">Almo\u00e7o<\/span><\/div><\/td><\/tr><tr class=\"wcpt-time-1300 global-session criao-e-utilizao-de-padres-utilizando-flexbox\"><td class=\"wcpt-time\">13:00<\/td><td colspan=\"1\" class=\"wcb-speaker-lucas-murta wcb-track-sala-secundaria wcpt-session-type-session wcb-session-criacao-e-utilizacao-de-padroes-utilizando-flexbox\" data-track-title=\"Sala Matt Mullenweg\" data-session-id=\"558179\"><div class=\"wcb-session-cell-content\"><a class=\"wcpt-session-title\" href=\"https:\/\/riodejaneiro.wordcamp.org\/2016\/session\/criacao-e-utilizacao-de-padroes-utilizando-flexbox\/\">Cria\u00e7\u00e3o e utiliza\u00e7\u00e3o de padr\u00f5es utilizando Flexbox<\/a> <span class=\"wcpt-session-speakers\">Lucas Murta<\/span><\/div><div class=\"wcb-session-favourite-icon\"><a href=\"#\" role=\"button\" class=\"fav-session-button\" aria-pressed=\"false\"><span class=\"screen-reader-text\">Palestra favorita: Cria\u00e7\u00e3o e utiliza\u00e7\u00e3o de padr\u00f5es utilizando Flexbox<\/span><span class=\"dashicons dashicons-star-filled\"><\/span><\/a><\/div><\/td><\/tr><tr class=\"wcpt-time-1330 global-session estendendo-o-buddypress-com-a-classe-bp_component\"><td class=\"wcpt-time\">13:30<\/td><td colspan=\"1\" class=\"wcb-speaker-renato-alves wcb-track-sala-secundaria wcpt-session-type-session wcb-session-estendendo-o-buddypress-com-a-classe-bp_component\" data-track-title=\"Sala Matt Mullenweg\" data-session-id=\"558182\"><div class=\"wcb-session-cell-content\"><a class=\"wcpt-session-title\" href=\"https:\/\/riodejaneiro.wordcamp.org\/2016\/session\/estendendo-o-buddypress-com-a-classe-bp_component\/\">Estendendo o BuddyPress com a classe BP_Component<\/a> <span class=\"wcpt-session-speakers\">Renato Alves<\/span><\/div><div class=\"wcb-session-favourite-icon\"><a href=\"#\" role=\"button\" class=\"fav-session-button\" aria-pressed=\"false\"><span class=\"screen-reader-text\">Palestra favorita: Estendendo o BuddyPress com a classe BP_Component<\/span><span class=\"dashicons dashicons-star-filled\"><\/span><\/a><\/div><\/td><\/tr><tr class=\"wcpt-time-1400 global-session como-criar-contedo-de-qualidade-continuamente-sem-um-burn-out\"><td class=\"wcpt-time\">14:00<\/td><td colspan=\"1\" class=\"wcb-speaker-anna-korkman-lopes wcb-track-sala-secundaria wcpt-session-type-session wcb-session-como-criar-conteudo-de-qualidade-continuamente-sem-um-burn-out\" data-track-title=\"Sala Matt Mullenweg\" data-session-id=\"558184\"><div class=\"wcb-session-cell-content\"><a class=\"wcpt-session-title\" href=\"https:\/\/riodejaneiro.wordcamp.org\/2016\/session\/como-criar-conteudo-de-qualidade-continuamente-sem-um-burn-out\/\">Como criar conte\u00fado de qualidade continuamente sem um burn-out<\/a> <span class=\"wcpt-session-speakers\">Anna Korkman Lopes<\/span><\/div><div class=\"wcb-session-favourite-icon\"><a href=\"#\" role=\"button\" class=\"fav-session-button\" aria-pressed=\"false\"><span class=\"screen-reader-text\">Palestra favorita: Como criar conte\u00fado de qualidade continuamente sem um burn-out<\/span><span class=\"dashicons dashicons-star-filled\"><\/span><\/a><\/div><\/td><\/tr><tr class=\"wcpt-time-1430 global-session quer-fechar-negcio-apresente-o-wordpress-para-os-seus-clientes\"><td class=\"wcpt-time\">14:30<\/td><td colspan=\"1\" class=\"wcb-speaker-raphael-luiz-paim wcb-track-sala-secundaria wcpt-session-type-session wcb-session-quer-fechar-negocio-apresente-o-wordpress-para-os-seus-clientes\" data-track-title=\"Sala Matt Mullenweg\" data-session-id=\"558187\"><div class=\"wcb-session-cell-content\"><a class=\"wcpt-session-title\" href=\"https:\/\/riodejaneiro.wordcamp.org\/2016\/session\/quer-fechar-negocio-apresente-o-wordpress-para-os-seus-clientes\/\">Quer fechar neg\u00f3cio? Apresente o WordPress para os seus clientes!<\/a> <span class=\"wcpt-session-speakers\">Raphael Luiz Paim<\/span><\/div><div class=\"wcb-session-favourite-icon\"><a href=\"#\" role=\"button\" class=\"fav-session-button\" aria-pressed=\"false\"><span class=\"screen-reader-text\">Palestra favorita: Quer fechar neg\u00f3cio? Apresente o WordPress para os seus clientes!<\/span><span class=\"dashicons dashicons-star-filled\"><\/span><\/a><\/div><\/td><\/tr><tr class=\"wcpt-time-1500 global-session direitos-autorais-autopublicao-multimdia-e-a-experincia-de-2-anos-de-quaestio-org-com-wordpress\"><td class=\"wcpt-time\">15:00<\/td><td colspan=\"1\" class=\"wcb-speaker-jorge-americo wcb-track-sala-secundaria wcpt-session-type-session wcb-session-direitos-autorais-autopublicacao-multimidia-e-a-experiencia-de-2-anos-de-quaestioorg-com-wordpress\" data-track-title=\"Sala Matt Mullenweg\" data-session-id=\"558189\"><div class=\"wcb-session-cell-content\"><a class=\"wcpt-session-title\" href=\"https:\/\/riodejaneiro.wordcamp.org\/2016\/session\/direitos-autorais-autopublicacao-multimidia-e-a-experiencia-de-2-anos-de-quaestioorg-com-wordpress\/\">Direitos autorais, autopublica\u00e7\u00e3o, multim\u00eddia e a experi\u00eancia de 2 anos de Quaestio.Org com WordPress<\/a> <span class=\"wcpt-session-speakers\">Jorge Am\u00e9rico<\/span><\/div><div class=\"wcb-session-favourite-icon\"><a href=\"#\" role=\"button\" class=\"fav-session-button\" aria-pressed=\"false\"><span class=\"screen-reader-text\">Palestra favorita: Direitos autorais, autopublica\u00e7\u00e3o, multim\u00eddia e a experi\u00eancia de 2 anos de Quaestio.Org com WordPress<\/span><span class=\"dashicons dashicons-star-filled\"><\/span><\/a><\/div><\/td><\/tr><\/tbody><\/table>\n<p>Sujeito a altera\u00e7\u00f5es sem aviso pr\u00e9vio.<\/p>\n<p>Gostou? Ent\u00e3o <a href=\"https:\/\/2015.riodejaneiro.wordcamp.org\/fale-conosco\/\">fale conosco<\/a>!<\/p>\n","protected":false},"excerpt":{"rendered":"<p>Audit\u00f3rio No\u00a0palco principal teremos as principais palestras\u00a0no formato de 45 minutos. O foco do conte\u00fado \u00e9\u00a0mostrar toda a capacidade do WordPress como plataforma de\u00a0comunica\u00e7\u00e3o. Veja a programa\u00e7\u00e3o: Sala Matt Mullenweg Batizada com o nome do criador do WordPress, aqui o objetivo \u00e9 mostrar conte\u00fados mais focados em determinadas t\u00e9cnicas, conceitos ou metodologias. Ideal para quem &hellip; <a href=\"https:\/\/riodejaneiro.wordcamp.org\/2016\/programacao\/\" class=\"more-link\">Continue lendo <span class=\"screen-reader-text\">Programa\u00e7\u00e3o<\/span> <span class=\"meta-nav\">&rarr;<\/span><\/a><\/p>\n","protected":false},"author":12264864,"featured_media":0,"parent":0,"menu_order":0,"comment_status":"closed","ping_status":"closed","template":"","meta":{"jetpack_post_was_ever_published":false,"footnotes":""},"class_list":["post-24","page","type-page","status-publish","hentry"],"jetpack_sharing_enabled":true,"jetpack_shortlink":"https:\/\/wp.me\/P7Ml29-o","_links":{"self":[{"href":"https:\/\/riodejaneiro.wordcamp.org\/2016\/wp-json\/wp\/v2\/pages\/24","targetHints":{"allow":["GET"]}}],"collection":[{"href":"https:\/\/riodejaneiro.wordcamp.org\/2016\/wp-json\/wp\/v2\/pages"}],"about":[{"href":"https:\/\/riodejaneiro.wordcamp.org\/2016\/wp-json\/wp\/v2\/types\/page"}],"author":[{"embeddable":true,"href":"https:\/\/riodejaneiro.wordcamp.org\/2016\/wp-json\/wp\/v2\/users\/12264864"}],"replies":[{"embeddable":true,"href":"https:\/\/riodejaneiro.wordcamp.org\/2016\/wp-json\/wp\/v2\/comments?post=24"}],"version-history":[{"count":13,"href":"https:\/\/riodejaneiro.wordcamp.org\/2016\/wp-json\/wp\/v2\/pages\/24\/revisions"}],"predecessor-version":[{"id":558274,"href":"https:\/\/riodejaneiro.wordcamp.org\/2016\/wp-json\/wp\/v2\/pages\/24\/revisions\/558274"}],"wp:attachment":[{"href":"https:\/\/riodejaneiro.wordcamp.org\/2016\/wp-json\/wp\/v2\/media?parent=24"}],"curies":[{"name":"wp","href":"https:\/\/api.w.org\/{rel}","templated":true}]}}