{"id":52,"date":"2015-07-13T18:35:21","date_gmt":"2015-07-13T18:35:21","guid":{"rendered":"https:\/\/riodejaneiro.wordcamp.org\/2014\/location\/"},"modified":"2016-09-12T16:59:31","modified_gmt":"2016-09-12T19:59:31","slug":"como-chegar","status":"publish","type":"page","link":"https:\/\/riodejaneiro.wordcamp.org\/2016\/guia-de-sobrevivencia\/como-chegar\/","title":{"rendered":"Como Chegar"},"content":{"rendered":"<p>O evento acontecer\u00e1 no <strong>Universidade Veiga de Almeida<\/strong> <em>(UVA)<\/em>, na <strong>Rua Ibituruna, 108 &#8211; Maracan\u00e3 &#8211; Rio de Janeiro, RJ<\/strong>, no dia 24 de Setembro de 2016.<\/p>\n<div class=\"googlemaps\">\n\t\t\t\t<iframe loading=\"lazy\" width=\"1040\" height=\"550\" frameborder=\"0\" scrolling=\"no\" marginheight=\"0\" marginwidth=\"0\"  src=\"https:\/\/www.google.com\/maps\/d\/embed?mid=1hIjck2KjeDDbxJmR98Y0_p8sc4A\"><\/iframe>\n\t\t\t<\/div>\n<h2><span style=\"text-decoration: underline\"><strong>Aeroporto Santos Dumont &#8211; Universidade Veiga de Almeida<\/strong><\/span><\/h2>\n<p>Pela curta dist\u00e2ncia, recomendamos que voc\u00ea v\u00e1\u00a0de taxi diretamente para o local do evento.<\/p>\n<p><strong>Tempo Estimado:<\/strong> 15 minutos.<\/p>\n<p>Caso a grana esteja curta, voc\u00ea pode pegar um taxi(<strong>ou ir a p\u00e9 mesmo<\/strong>) at\u00e9 a esta\u00e7\u00e3o de metr\u00f4 <strong>Cinel\u00e3ndia<\/strong> e de l\u00e1 pegar o metr\u00f4 at\u00e9 a esta\u00e7\u00e3o <strong>S\u00e3o Crist\u00f3v\u00e3o &#8211; Linha 2 do Metro<strong>\u00a0(sentido zona norte)<\/strong>.<\/strong><\/p>\n<p><strong>Tempo Estimado:<\/strong> 40 minutos.<\/p>\n<p><a href=\"https:\/\/goo.gl\/maps\/hhTR5oax4y32\" target=\"_blank\">Veja as rotas poss\u00edveis no Google Maps<\/a><\/p>\n<h2><span style=\"text-decoration: underline\"><strong>Aeroporto Internacional\u00a0&#8211; Universidade Veiga de Almeida<\/strong><\/span><\/h2>\n<p>O Aeroporto Internacional j\u00e1 fica um pouco mais longe, e pode sair caro para alguns ir de taxi. Existem outras alternativas mais em conta, por\u00e9m com um tempo maior de percurso.<\/p>\n<p>Voc\u00ea poder\u00e1 pegar o \u00f4nibus 2101 no aeroporto e saltar na esta\u00e7\u00e3o de metr\u00f4 <strong>Cinel\u00e2ndia &#8211; Linha 1<\/strong>. Dela, basta pegar o metr\u00f4 at\u00e9 a esta\u00e7\u00e3o <strong>S\u00e3o Crist\u00f3v\u00e3o &#8211; Linha 2<\/strong>, sentido zona norte, ou se dirigir para o endere\u00e7o de seu hotel.<\/p>\n<p><strong>Tempo Estimado:<\/strong> 1 hora e 30 minutos.<\/p>\n<p>Pegar o <strong>BRT Gale\u00e3o &#8211; Alvorada<\/strong> at\u00e9 a esta\u00e7\u00e3o de metr\u00f4 <strong>Vicente de Carvalho &#8211; Linha 2<\/strong> e ir at\u00e9 a esta\u00e7\u00e3o <strong>S\u00e3o Crist\u00f3v\u00e3o &#8211; Linha 2<\/strong> sentido zona sul.<\/p>\n<p><strong>Tempo Estimado:<\/strong> 1 hora e 50 minutos.<\/p>\n<p><a href=\"https:\/\/goo.gl\/maps\/f2Z49boAYGJ2\" target=\"_blank\">Vejas as rotas poss\u00edveis no Google Maps<\/a><\/p>\n<h2><strong><span style=\"text-decoration: underline\">Rodovi\u00e1ria &#8211; Universidade Veiga de Almeida<\/span><\/strong><\/h2>\n<p>A rota mais r\u00e1pida daqui \u00e9 pegar um taxi. O local fica em torno de 5km da rodovi\u00e1ria.<\/p>\n<p><strong>Tempo Estimado:<\/strong>\u00a015 minutos.<\/p>\n<p><a href=\"https:\/\/goo.gl\/maps\/ust2sDUWxKs\" target=\"_blank\">Veja as rotas poss\u00edveis no Google Maps<\/a><\/p>\n<h2><\/h2>\n<p>D\u00favidas? <a href=\"https:\/\/2015.riodejaneiro.wordcamp.org\/fale-conosco\/\">Fale conosco<\/a>!<\/p>\n","protected":false},"excerpt":{"rendered":"<p>O evento acontecer\u00e1 no Universidade Veiga de Almeida (UVA), na Rua Ibituruna, 108 &#8211; Maracan\u00e3 &#8211; Rio de Janeiro, RJ, no dia 24 de Setembro de 2016. Aeroporto Santos Dumont &#8211; Universidade Veiga de Almeida Pela curta dist\u00e2ncia, recomendamos que voc\u00ea v\u00e1\u00a0de taxi diretamente para o local do evento. Tempo Estimado: 15 minutos. Caso a &hellip; <a href=\"https:\/\/riodejaneiro.wordcamp.org\/2016\/guia-de-sobrevivencia\/como-chegar\/\" class=\"more-link\">Continue lendo <span class=\"screen-reader-text\">Como Chegar<\/span> <span class=\"meta-nav\">&rarr;<\/span><\/a><\/p>\n","protected":false},"author":12264864,"featured_media":0,"parent":554679,"menu_order":1,"comment_status":"closed","ping_status":"closed","template":"","meta":{"jetpack_post_was_ever_published":false,"footnotes":""},"class_list":["post-52","page","type-page","status-publish","hentry"],"jetpack_sharing_enabled":true,"jetpack_shortlink":"https:\/\/wp.me\/P7Ml29-Q","_links":{"self":[{"href":"https:\/\/riodejaneiro.wordcamp.org\/2016\/wp-json\/wp\/v2\/pages\/52","targetHints":{"allow":["GET"]}}],"collection":[{"href":"https:\/\/riodejaneiro.wordcamp.org\/2016\/wp-json\/wp\/v2\/pages"}],"about":[{"href":"https:\/\/riodejaneiro.wordcamp.org\/2016\/wp-json\/wp\/v2\/types\/page"}],"author":[{"embeddable":true,"href":"https:\/\/riodejaneiro.wordcamp.org\/2016\/wp-json\/wp\/v2\/users\/12264864"}],"replies":[{"embeddable":true,"href":"https:\/\/riodejaneiro.wordcamp.org\/2016\/wp-json\/wp\/v2\/comments?post=52"}],"version-history":[{"count":7,"href":"https:\/\/riodejaneiro.wordcamp.org\/2016\/wp-json\/wp\/v2\/pages\/52\/revisions"}],"predecessor-version":[{"id":558600,"href":"https:\/\/riodejaneiro.wordcamp.org\/2016\/wp-json\/wp\/v2\/pages\/52\/revisions\/558600"}],"up":[{"embeddable":true,"href":"https:\/\/riodejaneiro.wordcamp.org\/2016\/wp-json\/wp\/v2\/pages\/554679"}],"wp:attachment":[{"href":"https:\/\/riodejaneiro.wordcamp.org\/2016\/wp-json\/wp\/v2\/media?parent=52"}],"curies":[{"name":"wp","href":"https:\/\/api.w.org\/{rel}","templated":true}]}}