{"id":53,"date":"2015-07-13T14:50:36","date_gmt":"2015-07-13T14:50:36","guid":{"rendered":"https:\/\/riodejaneiro.wordcamp.org\/2014\/?page_id=6"},"modified":"2016-08-05T21:34:50","modified_gmt":"2016-08-06T00:34:50","slug":"organizacao","status":"publish","type":"page","link":"https:\/\/riodejaneiro.wordcamp.org\/2016\/sobre\/organizacao\/","title":{"rendered":"Organiza\u00e7\u00e3o"},"content":{"rendered":"<p>Depois de participarem de v\u00e1rios eventos, seja como palestrantes ou como espectadores, esse pequeno grupo de amigos apaixonados pelo WordPress resolveu arrega\u00e7ar as mangas e criar a terceira\u00a0edi\u00e7\u00e3o carioca do WordCamp.<\/p>\n<p><strong>Conhe\u00e7a o nosso time:<\/strong><\/p>\n\t<div class=\"wcorg-organizers\">\n\n\t\t\n\t\t\t<div class=\"wcorg-organizer\">\n\t\t\t\t<h2>Felipe Pav\u00e3o<\/h2>\n\t\t\t\t<div class=\"wcorg-organizer-description\">\n\t\t\t\t\t\t\t\t\t\t<img alt='' src='https:\/\/secure.gravatar.com\/avatar\/272ad3f64125d455e0d9dd8b4a1aad50d23e9b1b1a85f7b9a7ee482b7f1fbd8c?s=145&#038;d=mm&#038;r=g' srcset='https:\/\/secure.gravatar.com\/avatar\/272ad3f64125d455e0d9dd8b4a1aad50d23e9b1b1a85f7b9a7ee482b7f1fbd8c?s=290&#038;d=mm&#038;r=g 2x' class='avatar avatar-145 photo' height='145' width='145' \/>\t\t\t\t\t<h4>Tecnologia e Infraestrutura<\/h4>\n<p>Empres\u00e1rio, programador e entusiasta de cloud computing, \u00e9 s\u00f3cio-fundador\u00a0da <a href=\"https:\/\/xdevs.com.br\/\" target=\"_blank\">Xdevs<\/a>, especializada em gest\u00e3o de servidores de sites WP de alto tr\u00e1fego. Tem como miss\u00e3o ajudar a fomentar a comunidade carioca de usu\u00e1rios de WP.<\/p>\n\t\t\t\t<\/div>\n\t\t\t<\/div>\n\n\t\t\n\t\t\t<div class=\"wcorg-organizer\">\n\t\t\t\t<h2>Cristiano Santos<\/h2>\n\t\t\t\t<div class=\"wcorg-organizer-description\">\n\t\t\t\t\t\t\t\t\t\t<img alt='' src='https:\/\/secure.gravatar.com\/avatar\/17b64cbe17098ca63a72927a4d779fae739d36650d85599c6e863c795a240098?s=145&#038;d=mm&#038;r=g' srcset='https:\/\/secure.gravatar.com\/avatar\/17b64cbe17098ca63a72927a4d779fae739d36650d85599c6e863c795a240098?s=290&#038;d=mm&#038;r=g 2x' class='avatar avatar-145 photo' height='145' width='145' \/>\t\t\t\t\t<h4>Secret\u00e1rio e Designer<\/h4>\n<p>Designer web, founder da <a href=\"http:\/\/kamus.com.br\/\">Kamus | Hub de profissionais<\/a>, membro da <a href=\"http:\/\/wprio.org\/author\/cristianoweb\">Comunidade Carioca de WordPress<\/a>, podcaster do <a href=\"http:\/\/www.carreirasolo.org\/author\/cristianoweb\">FalaFreela<\/a>, colaborador do site <a href=\"http:\/\/tableless.com.br\/author\/cristianoweb\/\">Tableless<\/a> e <a href=\"http:\/\/tagarela.co\/author\/cristianoweb\/\" rel=\"nofollow\">Tagarela<\/a>.<\/p>\n\t\t\t\t<\/div>\n\t\t\t<\/div>\n\n\t\t\n\t\t\t<div class=\"wcorg-organizer\">\n\t\t\t\t<h2>Cadu de Castro Alves<\/h2>\n\t\t\t\t<div class=\"wcorg-organizer-description\">\n\t\t\t\t\t\t\t\t\t\t<img alt='' src='https:\/\/secure.gravatar.com\/avatar\/9abbedda84eb6eafdda6a9a472701f43c7e34c2f5881386d74905247a5dfcab5?s=145&#038;d=mm&#038;r=g' srcset='https:\/\/secure.gravatar.com\/avatar\/9abbedda84eb6eafdda6a9a472701f43c7e34c2f5881386d74905247a5dfcab5?s=290&#038;d=mm&#038;r=g 2x' class='avatar avatar-145 photo' height='145' width='145' \/>\t\t\t\t\t<h4>WordCamp\u00a0Leader Organizer, Financeiro e Comercial<\/h4>\n<p>CEO e cofundador do <a href=\"http:\/\/deskovery.net\/\" target=\"_blank\">Deskovery<\/a>. Trabalha com internet desde 2001, e com\u00a0WordPress desde a vers\u00e3o 1.2, desenvolvendo\u00a0websites e at\u00e9 aplicativos com WordPress.<\/p>\n<p>Foi palestrante nos WordCamps S\u00e3o Paulo em 2013 e Belo Horizonte em 2014, para quase 300 pessoas. \u00c9 membro ativo da Comunidade Carioca de WordPress, al\u00e9m de organizador do WordCamp Rio de Janeiro em 2014, 2015 e 2016.<\/p>\n\t\t\t\t<\/div>\n\t\t\t<\/div>\n\n\t\t\n\t<\/div><!-- .wcorg-organizers -->\n\t\n","protected":false},"excerpt":{"rendered":"<p>Depois de participarem de v\u00e1rios eventos, seja como palestrantes ou como espectadores, esse pequeno grupo de amigos apaixonados pelo WordPress resolveu arrega\u00e7ar as mangas e criar a terceira\u00a0edi\u00e7\u00e3o carioca do WordCamp. Conhe\u00e7a o nosso time:<\/p>\n","protected":false},"author":12264864,"featured_media":0,"parent":554157,"menu_order":2,"comment_status":"closed","ping_status":"closed","template":"","meta":{"jetpack_post_was_ever_published":false,"footnotes":""},"class_list":["post-53","page","type-page","status-publish","hentry"],"jetpack_sharing_enabled":false,"jetpack_shortlink":"https:\/\/wp.me\/P7Ml29-R","_links":{"self":[{"href":"https:\/\/riodejaneiro.wordcamp.org\/2016\/wp-json\/wp\/v2\/pages\/53","targetHints":{"allow":["GET"]}}],"collection":[{"href":"https:\/\/riodejaneiro.wordcamp.org\/2016\/wp-json\/wp\/v2\/pages"}],"about":[{"href":"https:\/\/riodejaneiro.wordcamp.org\/2016\/wp-json\/wp\/v2\/types\/page"}],"author":[{"embeddable":true,"href":"https:\/\/riodejaneiro.wordcamp.org\/2016\/wp-json\/wp\/v2\/users\/12264864"}],"replies":[{"embeddable":true,"href":"https:\/\/riodejaneiro.wordcamp.org\/2016\/wp-json\/wp\/v2\/comments?post=53"}],"version-history":[{"count":5,"href":"https:\/\/riodejaneiro.wordcamp.org\/2016\/wp-json\/wp\/v2\/pages\/53\/revisions"}],"predecessor-version":[{"id":557181,"href":"https:\/\/riodejaneiro.wordcamp.org\/2016\/wp-json\/wp\/v2\/pages\/53\/revisions\/557181"}],"up":[{"embeddable":true,"href":"https:\/\/riodejaneiro.wordcamp.org\/2016\/wp-json\/wp\/v2\/pages\/554157"}],"wp:attachment":[{"href":"https:\/\/riodejaneiro.wordcamp.org\/2016\/wp-json\/wp\/v2\/media?parent=53"}],"curies":[{"name":"wp","href":"https:\/\/api.w.org\/{rel}","templated":true}]}}