{"id":554250,"date":"2015-07-13T08:04:23","date_gmt":"2015-07-13T08:04:23","guid":{"rendered":"https:\/\/riodejaneiro.wordcamp.org\/2014\/?page_id=554250"},"modified":"2016-09-08T21:58:10","modified_gmt":"2016-09-09T00:58:10","slug":"almoco","status":"publish","type":"page","link":"https:\/\/riodejaneiro.wordcamp.org\/2016\/guia-de-sobrevivencia\/almoco\/","title":{"rendered":"Onde Almo\u00e7ar"},"content":{"rendered":"<p>No mapa abaixo est\u00e3o listadas as recomenda\u00e7\u00f5es da organiza\u00e7\u00e3o do evento de locais para almo\u00e7o.<br \/>\n<div class=\"googlemaps\">\n\t\t\t\t<iframe loading=\"lazy\" width=\"1040\" height=\"550\" frameborder=\"0\" scrolling=\"no\" marginheight=\"0\" marginwidth=\"0\"  src=\"https:\/\/www.google.com\/maps\/d\/embed?mid=1FT1Lu5MYaUNEtkOI5k6p452vomU\"><\/iframe>\n\t\t\t<\/div><\/p>\n","protected":false},"excerpt":{"rendered":"<p>No mapa abaixo est\u00e3o listadas as recomenda\u00e7\u00f5es da organiza\u00e7\u00e3o do evento de locais para almo\u00e7o.<\/p>\n","protected":false},"author":12264864,"featured_media":0,"parent":554679,"menu_order":2,"comment_status":"closed","ping_status":"closed","template":"","meta":{"jetpack_post_was_ever_published":false,"footnotes":""},"class_list":["post-554250","page","type-page","status-publish","hentry"],"jetpack_sharing_enabled":true,"jetpack_shortlink":"https:\/\/wp.me\/P7Ml29-2kbw","_links":{"self":[{"href":"https:\/\/riodejaneiro.wordcamp.org\/2016\/wp-json\/wp\/v2\/pages\/554250","targetHints":{"allow":["GET"]}}],"collection":[{"href":"https:\/\/riodejaneiro.wordcamp.org\/2016\/wp-json\/wp\/v2\/pages"}],"about":[{"href":"https:\/\/riodejaneiro.wordcamp.org\/2016\/wp-json\/wp\/v2\/types\/page"}],"author":[{"embeddable":true,"href":"https:\/\/riodejaneiro.wordcamp.org\/2016\/wp-json\/wp\/v2\/users\/12264864"}],"replies":[{"embeddable":true,"href":"https:\/\/riodejaneiro.wordcamp.org\/2016\/wp-json\/wp\/v2\/comments?post=554250"}],"version-history":[{"count":3,"href":"https:\/\/riodejaneiro.wordcamp.org\/2016\/wp-json\/wp\/v2\/pages\/554250\/revisions"}],"predecessor-version":[{"id":558484,"href":"https:\/\/riodejaneiro.wordcamp.org\/2016\/wp-json\/wp\/v2\/pages\/554250\/revisions\/558484"}],"up":[{"embeddable":true,"href":"https:\/\/riodejaneiro.wordcamp.org\/2016\/wp-json\/wp\/v2\/pages\/554679"}],"wp:attachment":[{"href":"https:\/\/riodejaneiro.wordcamp.org\/2016\/wp-json\/wp\/v2\/media?parent=554250"}],"curies":[{"name":"wp","href":"https:\/\/api.w.org\/{rel}","templated":true}]}}