{"id":554679,"date":"2015-07-13T08:34:07","date_gmt":"2015-07-13T11:34:07","guid":{"rendered":"https:\/\/riodejaneiro.wordcamp.org\/2014\/?page_id=554679"},"modified":"2016-09-12T22:17:45","modified_gmt":"2016-09-13T01:17:45","slug":"guia-de-sobrevivencia","status":"publish","type":"page","link":"https:\/\/riodejaneiro.wordcamp.org\/2016\/guia-de-sobrevivencia\/","title":{"rendered":"Guia de Sobreviv\u00eancia"},"content":{"rendered":"<p>Preparamos um Guia de Sobreviv\u00eancia para voc\u00ea que vem de um bairro mais distante, de outra cidade, ou at\u00e9 mesmo de um outro estado. N\u00e3o tem desculpa para n\u00e3o vir hein!<\/p>\n<h3>Universidade Veiga de Almeida \u2013 <a href=\"https:\/\/goo.gl\/maps\/ZCBfvUMFywm\" target=\"_blank\">Rua Ibituruna, 108 &#8211; Maracan\u00e3, Rio de Janeiro<\/a><\/h3>\n<div class=\"googlemaps\">\n\t\t\t\t<iframe loading=\"lazy\" width=\"1040\" height=\"550\" frameborder=\"0\" scrolling=\"no\" marginheight=\"0\" marginwidth=\"0\"  src=\"https:\/\/www.google.com\/maps\/embed?pb=!1m14!1m8!1m3!1d14700.159135461006!2d-43.2214567!3d-22.9119034!3m2!1i1024!2i768!4f13.1!3m3!1m2!1s0x0:0xaf52199fd71ffebb!2sUniversidade%20Veiga%20de%20Almeida!5e0!3m2!1sen!2sbr!4v1473379339128\"><\/iframe>\n\t\t\t<\/div>\n<div class=\"row\">\n<div class=\"col-md-4 col-sm-12 col-xs-12\">\n<h4><a title=\"Como Chegar\" href=\"https:\/\/2016.riodejaneiro.wordcamp.org\/guia-de-sobrevivencia\/como-chegar\/\">Como chegar<\/a><\/h4>\n<p><a title=\"Como Chegar\" href=\"https:\/\/2016.riodejaneiro.wordcamp.org\/guia-de-sobrevivencia\/como-chegar\/\"><img loading=\"lazy\" decoding=\"async\" class=\"alignnone wp-image-555856 size-full\" src=\"http:\/\/2016.riodejaneiro.wordcamp.org\/files\/2015\/07\/thumb-guia-de-sobrevivencia-como-chegar.png\" alt=\"Guia de Sobreviv\u00eancia - Como chegar\" width=\"240\" height=\"200\" \/><\/a> <\/p>\n<p>Pode vir tranquilo que \u00e9 f\u00e1cil chegar no WordCamp RJ. N\u00f3s ajudamos voc\u00ea a chegar de \u00f4nibus, trem, metr\u00f4, avi\u00e3o, helic\u00f3ptero e at\u00e9 disco voador!<\/p>\n<\/div>\n<div class=\"col-md-4 col-sm-12 col-xs-12\">\n<h4><a title=\"Onde se Hospedar\" href=\"http:\/\/2016.riodejaneiro.wordcamp.org\/guia-de-sobrevivencia\/onde-se-hospedar\/\">Onde se hospedar<\/a><\/h4>\n<p><a title=\"Onde se Hospedar\" href=\"http:\/\/2016.riodejaneiro.wordcamp.org\/guia-de-sobrevivencia\/onde-se-hospedar\/\"><img loading=\"lazy\" decoding=\"async\" class=\"alignnone size-full wp-image-555858\" src=\"http:\/\/2016.riodejaneiro.wordcamp.org\/files\/2015\/07\/thumb-guia-de-sobrevivencia-onde-ficar.png\" alt=\"Guia de Sobreviv\u00eancia - Onde ficar\" width=\"240\" height=\"200\" \/><\/a><\/p>\n<p>Se voc\u00ea vem de outra cidade ou estado (e at\u00e9 de outro pa\u00eds), n\u00e3o se preocupe, ajudamos voc\u00ea encontrar uma \u00f3tima hospedagem.<\/p>\n<\/div>\n<div class=\"col-md-4 col-sm-12 col-xs-12\">\n<h4><a title=\"Locais Indicados para o Almo\u00e7o\" href=\"https:\/\/2016.riodejaneiro.wordcamp.org\/guia-de-sobrevivencia\/almoco\/\">Onde Almo\u00e7ar<\/a><\/h4>\n<p><a title=\"Locais Indicados para o Almo\u00e7o\" href=\"https:\/\/2016.riodejaneiro.wordcamp.org\/guia-de-sobrevivencia\/almoco\/\"><img loading=\"lazy\" decoding=\"async\" class=\"alignnone size-full wp-image-555861\" src=\"http:\/\/2016.riodejaneiro.wordcamp.org\/files\/2015\/07\/thumb-guia-de-sobrevivencia-onde-comer.png\" alt=\"Guia de Sobreviv\u00eancia - Onde comer\" width=\"240\" height=\"200\" \/><\/a><\/p>\n<p>O dia inteiro assistindo v\u00e1rias palestras e claro pensamos tamb\u00e9m onde voc\u00ea pode fazer uma refei\u00e7\u00e3o para aguentar a maratona de conhecimento.<\/p>\n<\/div>\n<\/div>\n<p>D\u00favidas? <a href=\"https:\/\/2016.riodejaneiro.wordcamp.org\/fale-conosco\/\">Fale conosco<\/a>!<\/p>\n","protected":false},"excerpt":{"rendered":"<p>Preparamos um Guia de Sobreviv\u00eancia para voc\u00ea que vem de um bairro mais distante, de outra cidade, ou at\u00e9 mesmo de um outro estado. N\u00e3o tem desculpa para n\u00e3o vir hein! Universidade Veiga de Almeida \u2013 Rua Ibituruna, 108 &#8211; Maracan\u00e3, Rio de Janeiro Como chegar Pode vir tranquilo que \u00e9 f\u00e1cil chegar no WordCamp &hellip; <a href=\"https:\/\/riodejaneiro.wordcamp.org\/2016\/guia-de-sobrevivencia\/\" class=\"more-link\">Continue lendo <span class=\"screen-reader-text\">Guia de Sobreviv\u00eancia<\/span> <span class=\"meta-nav\">&rarr;<\/span><\/a><\/p>\n","protected":false},"author":12264864,"featured_media":0,"parent":0,"menu_order":3,"comment_status":"closed","ping_status":"closed","template":"","meta":{"jetpack_post_was_ever_published":false,"footnotes":""},"class_list":["post-554679","page","type-page","status-publish","hentry"],"jetpack_sharing_enabled":true,"jetpack_shortlink":"https:\/\/wp.me\/P7Ml29-2kir","_links":{"self":[{"href":"https:\/\/riodejaneiro.wordcamp.org\/2016\/wp-json\/wp\/v2\/pages\/554679","targetHints":{"allow":["GET"]}}],"collection":[{"href":"https:\/\/riodejaneiro.wordcamp.org\/2016\/wp-json\/wp\/v2\/pages"}],"about":[{"href":"https:\/\/riodejaneiro.wordcamp.org\/2016\/wp-json\/wp\/v2\/types\/page"}],"author":[{"embeddable":true,"href":"https:\/\/riodejaneiro.wordcamp.org\/2016\/wp-json\/wp\/v2\/users\/12264864"}],"replies":[{"embeddable":true,"href":"https:\/\/riodejaneiro.wordcamp.org\/2016\/wp-json\/wp\/v2\/comments?post=554679"}],"version-history":[{"count":23,"href":"https:\/\/riodejaneiro.wordcamp.org\/2016\/wp-json\/wp\/v2\/pages\/554679\/revisions"}],"predecessor-version":[{"id":558611,"href":"https:\/\/riodejaneiro.wordcamp.org\/2016\/wp-json\/wp\/v2\/pages\/554679\/revisions\/558611"}],"wp:attachment":[{"href":"https:\/\/riodejaneiro.wordcamp.org\/2016\/wp-json\/wp\/v2\/media?parent=554679"}],"curies":[{"name":"wp","href":"https:\/\/api.w.org\/{rel}","templated":true}]}}