{"id":557297,"date":"2016-08-06T20:39:48","date_gmt":"2016-08-06T23:39:48","guid":{"rendered":"http:\/\/2016.riodejaneiro.wordcamp.org\/?page_id=557297"},"modified":"2016-08-06T20:43:31","modified_gmt":"2016-08-06T23:43:31","slug":"local","status":"publish","type":"page","link":"https:\/\/riodejaneiro.wordcamp.org\/2016\/sobre\/local\/","title":{"rendered":"Local"},"content":{"rendered":"<p>Universidade Veiga de Almeida &#8211; Unidade Tijuca<br \/>\nR. Ibituruna, 108 &#8211; Maracan\u00e3, Rio de Janeiro &#8211; RJ, 20271-020<\/p>\n<div class=\"googlemaps\">\n\t\t\t\t<iframe loading=\"lazy\" width=\"800\" height=\"600\" frameborder=\"0\" scrolling=\"no\" marginheight=\"0\" marginwidth=\"0\"  src=\"https:\/\/www.google.com\/maps\/embed?pb=!1m14!1m8!1m3!1d14700.159135461005!2d-43.2214567!3d-22.9119034!3m2!1i1024!2i768!4f13.1!3m3!1m2!1s0x0:0xaf52199fd71ffebb!2sUniversidade%20Veiga%20de%20Almeida!5e0!3m2!1sen!2sbr!4v1470526467206\"><\/iframe>\n\t\t\t<\/div>\n<h3>Como chegar<\/h3>\n<p>N\u00f3s recomendamos que voc\u00ea use transporte p\u00fablico para chegar ao evento, pois n\u00e3o h\u00e1 estacionamento no local.\u00a0As melhores op\u00e7\u00f5es s\u00e3o Metr\u00f4\u00a0e Trem, descendo na\u00a0esta\u00e7\u00e3o S\u00e3o Crist\u00f3v\u00e3o. Tamb\u00e9m h\u00e1 diversas linhas de \u00f4nibus, que podem ser consultadas no site\u00a0<a href=\"http:\/\/www.vadeonibus.com.br\/Vdo\/index.php\">V\u00e1 de \u00d4nibus<\/a>.<\/p>\n","protected":false},"excerpt":{"rendered":"<p>Universidade Veiga de Almeida &#8211; Unidade Tijuca R. Ibituruna, 108 &#8211; Maracan\u00e3, Rio de Janeiro &#8211; RJ, 20271-020 Como chegar N\u00f3s recomendamos que voc\u00ea use transporte p\u00fablico para chegar ao evento, pois n\u00e3o h\u00e1 estacionamento no local.\u00a0As melhores op\u00e7\u00f5es s\u00e3o Metr\u00f4\u00a0e Trem, descendo na\u00a0esta\u00e7\u00e3o S\u00e3o Crist\u00f3v\u00e3o. Tamb\u00e9m h\u00e1 diversas linhas de \u00f4nibus, que podem ser &hellip; <a href=\"https:\/\/riodejaneiro.wordcamp.org\/2016\/sobre\/local\/\" class=\"more-link\">Continue lendo <span class=\"screen-reader-text\">Local<\/span> <span class=\"meta-nav\">&rarr;<\/span><\/a><\/p>\n","protected":false},"author":50344,"featured_media":0,"parent":554157,"menu_order":0,"comment_status":"closed","ping_status":"closed","template":"","meta":{"jetpack_post_was_ever_published":false,"footnotes":""},"class_list":["post-557297","page","type-page","status-publish","hentry"],"jetpack_sharing_enabled":true,"jetpack_shortlink":"https:\/\/wp.me\/P7Ml29-2kYF","_links":{"self":[{"href":"https:\/\/riodejaneiro.wordcamp.org\/2016\/wp-json\/wp\/v2\/pages\/557297","targetHints":{"allow":["GET"]}}],"collection":[{"href":"https:\/\/riodejaneiro.wordcamp.org\/2016\/wp-json\/wp\/v2\/pages"}],"about":[{"href":"https:\/\/riodejaneiro.wordcamp.org\/2016\/wp-json\/wp\/v2\/types\/page"}],"author":[{"embeddable":true,"href":"https:\/\/riodejaneiro.wordcamp.org\/2016\/wp-json\/wp\/v2\/users\/50344"}],"replies":[{"embeddable":true,"href":"https:\/\/riodejaneiro.wordcamp.org\/2016\/wp-json\/wp\/v2\/comments?post=557297"}],"version-history":[{"count":3,"href":"https:\/\/riodejaneiro.wordcamp.org\/2016\/wp-json\/wp\/v2\/pages\/557297\/revisions"}],"predecessor-version":[{"id":557300,"href":"https:\/\/riodejaneiro.wordcamp.org\/2016\/wp-json\/wp\/v2\/pages\/557297\/revisions\/557300"}],"up":[{"embeddable":true,"href":"https:\/\/riodejaneiro.wordcamp.org\/2016\/wp-json\/wp\/v2\/pages\/554157"}],"wp:attachment":[{"href":"https:\/\/riodejaneiro.wordcamp.org\/2016\/wp-json\/wp\/v2\/media?parent=557297"}],"curies":[{"name":"wp","href":"https:\/\/api.w.org\/{rel}","templated":true}]}}