{"id":12,"date":"2024-02-14T21:00:49","date_gmt":"2024-02-15T00:00:49","guid":{"rendered":"https:\/\/riodejaneiro.wordcamp.org\/2024\/organizers\/"},"modified":"2024-08-05T13:49:36","modified_gmt":"2024-08-05T16:49:36","slug":"organizacao","status":"publish","type":"page","link":"https:\/\/riodejaneiro.wordcamp.org\/2024\/organizacao\/","title":{"rendered":"Organiza\u00e7\u00e3o"},"content":{"rendered":"\n<p class=\"has-text-align-center\">Estamos felizes de apresentar a equipe de organiza\u00e7\u00e3o do evento!<\/p>\n\n\n\n<div class=\"wp-block-group has-global-padding is-layout-constrained wp-block-group-is-layout-constrained\">\n<div class=\"wp-block-query alignwide has-global-padding is-content-justification-center is-layout-constrained wp-block-query-is-layout-constrained\"><ul class=\"alignwide wp-block-post-template is-layout-grid wp-container-core-post-template-is-layout-854b4950 wp-block-post-template-is-layout-grid\"><li class=\"wp-block-post post-1764 wcb_organizer type-wcb_organizer status-publish has-post-thumbnail hentry wcb_organizer_team-equipe-complementar\">\n\n<div class=\"wp-block-columns is-not-stacked-on-mobile has-tertiary-background-color has-background is-layout-flex wp-container-core-columns-is-layout-a1536917 wp-block-columns-is-layout-flex\" style=\"padding-top:1em;padding-right:2em;padding-bottom:1em;padding-left:2em\">\n<div class=\"wp-block-column is-vertically-aligned-center is-layout-flow wp-block-column-is-layout-flow\" style=\"flex-basis:112px\"><figure style=\"width:96px;height:96px;\" class=\"is-style-rounded wp-block-wordcamp-avatar\"><a href=\"https:\/\/riodejaneiro.wordcamp.org\/2024\/organizer\/daniel-peres\/\"><img loading=\"lazy\" decoding=\"async\" width=\"96\" height=\"96\" src=\"https:\/\/riodejaneiro.wordcamp.org\/2024\/files\/2024\/05\/organizador-daniel-peres-150x150.png\" class=\"attachment-96x96 size-96x96 wp-post-image\" alt=\"Daniel Peres\" srcset=\"https:\/\/riodejaneiro.wordcamp.org\/2024\/files\/2024\/05\/organizador-daniel-peres-150x150.png 150w, https:\/\/riodejaneiro.wordcamp.org\/2024\/files\/2024\/05\/organizador-daniel-peres-300x300.png 300w, https:\/\/riodejaneiro.wordcamp.org\/2024\/files\/2024\/05\/organizador-daniel-peres.png 650w\" sizes=\"auto, (max-width: 96px) 100vw, 96px\" \/><\/a><\/figure><\/div>\n\n\n\n<div class=\"wp-block-column is-vertically-aligned-center is-layout-flow wp-block-column-is-layout-flow\" style=\"flex-basis:66.66%\"><h2 class=\"has-text-align-left wp-block-post-title has-medium-font-size\"><a href=\"https:\/\/riodejaneiro.wordcamp.org\/2024\/organizer\/daniel-peres\/\" target=\"_self\" >Daniel Peres<\/a><\/h2><\/div>\n<\/div>\n\n<\/li><li class=\"wp-block-post post-1698 wcb_organizer type-wcb_organizer status-publish has-post-thumbnail hentry wcb_organizer_team-lideranca\">\n\n<div class=\"wp-block-columns is-not-stacked-on-mobile has-tertiary-background-color has-background is-layout-flex wp-container-core-columns-is-layout-a1536917 wp-block-columns-is-layout-flex\" style=\"padding-top:1em;padding-right:2em;padding-bottom:1em;padding-left:2em\">\n<div class=\"wp-block-column is-vertically-aligned-center is-layout-flow wp-block-column-is-layout-flow\" style=\"flex-basis:112px\"><figure style=\"width:96px;height:96px;\" class=\"is-style-rounded wp-block-wordcamp-avatar\"><a href=\"https:\/\/riodejaneiro.wordcamp.org\/2024\/organizer\/douglas-oliveira\/\"><img loading=\"lazy\" decoding=\"async\" width=\"96\" height=\"96\" src=\"https:\/\/riodejaneiro.wordcamp.org\/2024\/files\/2024\/05\/douglas_oliveira-150x150.jpg\" class=\"attachment-96x96 size-96x96 wp-post-image\" alt=\"Douglas Oliveira\" \/><\/a><\/figure><\/div>\n\n\n\n<div class=\"wp-block-column is-vertically-aligned-center is-layout-flow wp-block-column-is-layout-flow\" style=\"flex-basis:66.66%\"><h2 class=\"has-text-align-left wp-block-post-title has-medium-font-size\"><a href=\"https:\/\/riodejaneiro.wordcamp.org\/2024\/organizer\/douglas-oliveira\/\" target=\"_self\" >Douglas Oliveira<\/a><\/h2><\/div>\n<\/div>\n\n<\/li><li class=\"wp-block-post post-1778 wcb_organizer type-wcb_organizer status-publish hentry wcb_organizer_team-lideranca\">\n\n<div class=\"wp-block-columns is-not-stacked-on-mobile has-tertiary-background-color has-background is-layout-flex wp-container-core-columns-is-layout-a1536917 wp-block-columns-is-layout-flex\" style=\"padding-top:1em;padding-right:2em;padding-bottom:1em;padding-left:2em\">\n<div class=\"wp-block-column is-vertically-aligned-center is-layout-flow wp-block-column-is-layout-flow\" style=\"flex-basis:112px\"><figure style=\"width:96px;height:96px;\" class=\"is-style-rounded wp-block-wordcamp-avatar\"><a href=\"https:\/\/riodejaneiro.wordcamp.org\/2024\/organizer\/eduardo-zulian\/\"><img decoding=\"async\" src=\"https:\/\/secure.gravatar.com\/avatar\/d2b86b9638463db3ab4fb8ca2c51713befed32c44728e785fc531ec2d1922ffa?s=96&amp;d=mm&amp;r=g\" alt=\"Eduardo Zulian\" \/><\/a><\/figure><\/div>\n\n\n\n<div class=\"wp-block-column is-vertically-aligned-center is-layout-flow wp-block-column-is-layout-flow\" style=\"flex-basis:66.66%\"><h2 class=\"has-text-align-left wp-block-post-title has-medium-font-size\"><a href=\"https:\/\/riodejaneiro.wordcamp.org\/2024\/organizer\/eduardo-zulian\/\" target=\"_self\" >Eduardo Zulian<\/a><\/h2><\/div>\n<\/div>\n\n<\/li><li class=\"wp-block-post post-1767 wcb_organizer type-wcb_organizer status-publish hentry wcb_organizer_team-lideranca\">\n\n<div class=\"wp-block-columns is-not-stacked-on-mobile has-tertiary-background-color has-background is-layout-flex wp-container-core-columns-is-layout-a1536917 wp-block-columns-is-layout-flex\" style=\"padding-top:1em;padding-right:2em;padding-bottom:1em;padding-left:2em\">\n<div class=\"wp-block-column is-vertically-aligned-center is-layout-flow wp-block-column-is-layout-flow\" style=\"flex-basis:112px\"><figure style=\"width:96px;height:96px;\" class=\"is-style-rounded wp-block-wordcamp-avatar\"><a href=\"https:\/\/riodejaneiro.wordcamp.org\/2024\/organizer\/elton-aquino\/\"><img decoding=\"async\" src=\"https:\/\/secure.gravatar.com\/avatar\/bb7ecdf1f923b49609dfacdacbd53b089775002649724297fba5fb6a26fc23e5?s=96&amp;d=mm&amp;r=g\" alt=\"Elton Aquino\" \/><\/a><\/figure><\/div>\n\n\n\n<div class=\"wp-block-column is-vertically-aligned-center is-layout-flow wp-block-column-is-layout-flow\" style=\"flex-basis:66.66%\"><h2 class=\"has-text-align-left wp-block-post-title has-medium-font-size\"><a href=\"https:\/\/riodejaneiro.wordcamp.org\/2024\/organizer\/elton-aquino\/\" target=\"_self\" >Elton Aquino<\/a><\/h2><\/div>\n<\/div>\n\n<\/li><li class=\"wp-block-post post-1769 wcb_organizer type-wcb_organizer status-publish hentry wcb_organizer_team-lideranca\">\n\n<div class=\"wp-block-columns is-not-stacked-on-mobile has-tertiary-background-color has-background is-layout-flex wp-container-core-columns-is-layout-a1536917 wp-block-columns-is-layout-flex\" style=\"padding-top:1em;padding-right:2em;padding-bottom:1em;padding-left:2em\">\n<div class=\"wp-block-column is-vertically-aligned-center is-layout-flow wp-block-column-is-layout-flow\" style=\"flex-basis:112px\"><figure style=\"width:96px;height:96px;\" class=\"is-style-rounded wp-block-wordcamp-avatar\"><a href=\"https:\/\/riodejaneiro.wordcamp.org\/2024\/organizer\/felipe-santos\/\"><img decoding=\"async\" src=\"https:\/\/secure.gravatar.com\/avatar\/a456ef03cbe00c97550679fb264b6e51da93c8443aa1114069ddd49f3d0e8f8d?s=96&amp;d=mm&amp;r=g\" alt=\"Felipe Santos\" \/><\/a><\/figure><\/div>\n\n\n\n<div class=\"wp-block-column is-vertically-aligned-center is-layout-flow wp-block-column-is-layout-flow\" style=\"flex-basis:66.66%\"><h2 class=\"has-text-align-left wp-block-post-title has-medium-font-size\"><a href=\"https:\/\/riodejaneiro.wordcamp.org\/2024\/organizer\/felipe-santos\/\" target=\"_self\" >Felipe Santos<\/a><\/h2><\/div>\n<\/div>\n\n<\/li><li class=\"wp-block-post post-1634 wcb_organizer type-wcb_organizer status-publish has-post-thumbnail hentry wcb_organizer_team-lideranca\">\n\n<div class=\"wp-block-columns is-not-stacked-on-mobile has-tertiary-background-color has-background is-layout-flex wp-container-core-columns-is-layout-a1536917 wp-block-columns-is-layout-flex\" style=\"padding-top:1em;padding-right:2em;padding-bottom:1em;padding-left:2em\">\n<div class=\"wp-block-column is-vertically-aligned-center is-layout-flow wp-block-column-is-layout-flow\" style=\"flex-basis:112px\"><figure style=\"width:96px;height:96px;\" class=\"is-style-rounded wp-block-wordcamp-avatar\"><a href=\"https:\/\/riodejaneiro.wordcamp.org\/2024\/organizer\/hans-mosl\/\"><img loading=\"lazy\" decoding=\"async\" width=\"96\" height=\"96\" src=\"https:\/\/riodejaneiro.wordcamp.org\/2024\/files\/2024\/05\/perfil-hans-2023-150x150.jpg\" class=\"attachment-96x96 size-96x96 wp-post-image\" alt=\"Hans M\u00f6sl\" srcset=\"https:\/\/riodejaneiro.wordcamp.org\/2024\/files\/2024\/05\/perfil-hans-2023-150x150.jpg 150w, https:\/\/riodejaneiro.wordcamp.org\/2024\/files\/2024\/05\/perfil-hans-2023-300x300.jpg 300w, https:\/\/riodejaneiro.wordcamp.org\/2024\/files\/2024\/05\/perfil-hans-2023.jpg 640w\" sizes=\"auto, (max-width: 96px) 100vw, 96px\" \/><\/a><\/figure><\/div>\n\n\n\n<div class=\"wp-block-column is-vertically-aligned-center is-layout-flow wp-block-column-is-layout-flow\" style=\"flex-basis:66.66%\"><h2 class=\"has-text-align-left wp-block-post-title has-medium-font-size\"><a href=\"https:\/\/riodejaneiro.wordcamp.org\/2024\/organizer\/hans-mosl\/\" target=\"_self\" >Hans M\u00f6sl<\/a><\/h2><\/div>\n<\/div>\n\n<\/li><li class=\"wp-block-post post-1760 wcb_organizer type-wcb_organizer status-publish has-post-thumbnail hentry wcb_organizer_team-equipe-complementar\">\n\n<div class=\"wp-block-columns is-not-stacked-on-mobile has-tertiary-background-color has-background is-layout-flex wp-container-core-columns-is-layout-a1536917 wp-block-columns-is-layout-flex\" style=\"padding-top:1em;padding-right:2em;padding-bottom:1em;padding-left:2em\">\n<div class=\"wp-block-column is-vertically-aligned-center is-layout-flow wp-block-column-is-layout-flow\" style=\"flex-basis:112px\"><figure style=\"width:96px;height:96px;\" class=\"is-style-rounded wp-block-wordcamp-avatar\"><a href=\"https:\/\/riodejaneiro.wordcamp.org\/2024\/organizer\/inez\/\"><img loading=\"lazy\" decoding=\"async\" width=\"96\" height=\"96\" src=\"https:\/\/riodejaneiro.wordcamp.org\/2024\/files\/2024\/05\/foto-perfil-inez-150x150.jpg\" class=\"attachment-96x96 size-96x96 wp-post-image\" alt=\"Inez Oliveira\" \/><\/a><\/figure><\/div>\n\n\n\n<div class=\"wp-block-column is-vertically-aligned-center is-layout-flow wp-block-column-is-layout-flow\" style=\"flex-basis:66.66%\"><h2 class=\"has-text-align-left wp-block-post-title has-medium-font-size\"><a href=\"https:\/\/riodejaneiro.wordcamp.org\/2024\/organizer\/inez\/\" target=\"_self\" >Inez Oliveira<\/a><\/h2><\/div>\n<\/div>\n\n<\/li><li class=\"wp-block-post post-1771 wcb_organizer type-wcb_organizer status-publish hentry wcb_organizer_team-equipe-complementar\">\n\n<div class=\"wp-block-columns is-not-stacked-on-mobile has-tertiary-background-color has-background is-layout-flex wp-container-core-columns-is-layout-a1536917 wp-block-columns-is-layout-flex\" style=\"padding-top:1em;padding-right:2em;padding-bottom:1em;padding-left:2em\">\n<div class=\"wp-block-column is-vertically-aligned-center is-layout-flow wp-block-column-is-layout-flow\" style=\"flex-basis:112px\"><figure style=\"width:96px;height:96px;\" class=\"is-style-rounded wp-block-wordcamp-avatar\"><a href=\"https:\/\/riodejaneiro.wordcamp.org\/2024\/organizer\/leilane-lessa\/\"><img decoding=\"async\" src=\"https:\/\/secure.gravatar.com\/avatar\/?s=96&amp;d=mm&amp;f=y&amp;r=g\" alt=\"Leilane Lessa\" \/><\/a><\/figure><\/div>\n\n\n\n<div class=\"wp-block-column is-vertically-aligned-center is-layout-flow wp-block-column-is-layout-flow\" style=\"flex-basis:66.66%\"><h2 class=\"has-text-align-left wp-block-post-title has-medium-font-size\"><a href=\"https:\/\/riodejaneiro.wordcamp.org\/2024\/organizer\/leilane-lessa\/\" target=\"_self\" >Leilane Lessa<\/a><\/h2><\/div>\n<\/div>\n\n<\/li><li class=\"wp-block-post post-1762 wcb_organizer type-wcb_organizer status-publish hentry wcb_organizer_team-lideranca\">\n\n<div class=\"wp-block-columns is-not-stacked-on-mobile has-tertiary-background-color has-background is-layout-flex wp-container-core-columns-is-layout-a1536917 wp-block-columns-is-layout-flex\" style=\"padding-top:1em;padding-right:2em;padding-bottom:1em;padding-left:2em\">\n<div class=\"wp-block-column is-vertically-aligned-center is-layout-flow wp-block-column-is-layout-flow\" style=\"flex-basis:112px\"><figure style=\"width:96px;height:96px;\" class=\"is-style-rounded wp-block-wordcamp-avatar\"><a href=\"https:\/\/riodejaneiro.wordcamp.org\/2024\/organizer\/luanna-lisboa\/\"><img decoding=\"async\" src=\"https:\/\/secure.gravatar.com\/avatar\/d2230cff6b63152cae037a01b49a5b99473c02003351a1a8263af8ad190ba96b?s=96&amp;d=mm&amp;r=g\" alt=\"Luanna Lisboa\" \/><\/a><\/figure><\/div>\n\n\n\n<div class=\"wp-block-column is-vertically-aligned-center is-layout-flow wp-block-column-is-layout-flow\" style=\"flex-basis:66.66%\"><h2 class=\"has-text-align-left wp-block-post-title has-medium-font-size\"><a href=\"https:\/\/riodejaneiro.wordcamp.org\/2024\/organizer\/luanna-lisboa\/\" target=\"_self\" >Luanna Lisboa<\/a><\/h2><\/div>\n<\/div>\n\n<\/li><li class=\"wp-block-post post-1703 wcb_organizer type-wcb_organizer status-publish has-post-thumbnail hentry wcb_organizer_team-lideranca\">\n\n<div class=\"wp-block-columns is-not-stacked-on-mobile has-tertiary-background-color has-background is-layout-flex wp-container-core-columns-is-layout-a1536917 wp-block-columns-is-layout-flex\" style=\"padding-top:1em;padding-right:2em;padding-bottom:1em;padding-left:2em\">\n<div class=\"wp-block-column is-vertically-aligned-center is-layout-flow wp-block-column-is-layout-flow\" style=\"flex-basis:112px\"><figure style=\"width:96px;height:96px;\" class=\"is-style-rounded wp-block-wordcamp-avatar\"><a href=\"https:\/\/riodejaneiro.wordcamp.org\/2024\/organizer\/ricardo-filipo\/\"><img loading=\"lazy\" decoding=\"async\" width=\"96\" height=\"96\" src=\"https:\/\/riodejaneiro.wordcamp.org\/2024\/files\/2024\/05\/ricardo-filipo-monsenhor-150x150.webp\" class=\"attachment-96x96 size-96x96 wp-post-image\" alt=\"Ricardo Filipo\" srcset=\"https:\/\/riodejaneiro.wordcamp.org\/2024\/files\/2024\/05\/ricardo-filipo-monsenhor-150x150.webp 150w, https:\/\/riodejaneiro.wordcamp.org\/2024\/files\/2024\/05\/ricardo-filipo-monsenhor.webp 260w\" sizes=\"auto, (max-width: 96px) 100vw, 96px\" \/><\/a><\/figure><\/div>\n\n\n\n<div class=\"wp-block-column is-vertically-aligned-center is-layout-flow wp-block-column-is-layout-flow\" style=\"flex-basis:66.66%\"><h2 class=\"has-text-align-left wp-block-post-title has-medium-font-size\"><a href=\"https:\/\/riodejaneiro.wordcamp.org\/2024\/organizer\/ricardo-filipo\/\" target=\"_self\" >Ricardo Filipo<\/a><\/h2><\/div>\n<\/div>\n\n<\/li><\/ul><\/div>\n<\/div>\n\n\n\n<h2 class=\"wp-block-heading\">Mentores<\/h2>\n\n\n\n<p>Al\u00e9m dos organizadores do evento, tamb\u00e9m gostar\u00edamos de usar esse espa\u00e7o para agradecer \u00e0 pessoas que ofereceram alguma mentoria ou assist\u00eancia para equipe.<\/p>\n\n\n\n<p>Muito obrigado, <a href=\"https:\/\/profiles.wordpress.org\/gugaalves\/\">Guga Alves<\/a>, <a href=\"https:\/\/profiles.wordpress.org\/cristianoweb\/\">Cristiano Santos<\/a>, <a href=\"https:\/\/profiles.wordpress.org\/peiraisotta\/\">Isotta Peira<\/a>, <a href=\"https:\/\/profiles.wordpress.org\/rodrigodonini\/\">Rodrigo Donini<\/a> e <a href=\"https:\/\/profiles.wordpress.org\/kossmann\/\">Daniel Kossmann<\/a>.<\/p>\n","protected":false},"excerpt":{"rendered":"<p>Estamos felizes de apresentar a equipe de organiza\u00e7\u00e3o do evento! Mentores Al\u00e9m dos organizadores do evento, tamb\u00e9m gostar\u00edamos de usar esse espa\u00e7o para agradecer \u00e0 pessoas que ofereceram alguma mentoria ou assist\u00eancia para equipe. Muito obrigado, Guga Alves, Cristiano Santos, Isotta Peira, Rodrigo Donini e Daniel Kossmann.<\/p>\n","protected":false},"author":16234840,"featured_media":0,"parent":0,"menu_order":0,"comment_status":"closed","ping_status":"closed","template":"","meta":{"jetpack_post_was_ever_published":true,"footnotes":""},"class_list":["post-12","page","type-page","status-publish","hentry"],"jetpack_sharing_enabled":true,"_links":{"self":[{"href":"https:\/\/riodejaneiro.wordcamp.org\/2024\/wp-json\/wp\/v2\/pages\/12","targetHints":{"allow":["GET"]}}],"collection":[{"href":"https:\/\/riodejaneiro.wordcamp.org\/2024\/wp-json\/wp\/v2\/pages"}],"about":[{"href":"https:\/\/riodejaneiro.wordcamp.org\/2024\/wp-json\/wp\/v2\/types\/page"}],"author":[{"embeddable":true,"href":"https:\/\/riodejaneiro.wordcamp.org\/2024\/wp-json\/wp\/v2\/users\/16234840"}],"replies":[{"embeddable":true,"href":"https:\/\/riodejaneiro.wordcamp.org\/2024\/wp-json\/wp\/v2\/comments?post=12"}],"version-history":[{"count":16,"href":"https:\/\/riodejaneiro.wordcamp.org\/2024\/wp-json\/wp\/v2\/pages\/12\/revisions"}],"predecessor-version":[{"id":2798,"href":"https:\/\/riodejaneiro.wordcamp.org\/2024\/wp-json\/wp\/v2\/pages\/12\/revisions\/2798"}],"wp:attachment":[{"href":"https:\/\/riodejaneiro.wordcamp.org\/2024\/wp-json\/wp\/v2\/media?parent=12"}],"curies":[{"name":"wp","href":"https:\/\/api.w.org\/{rel}","templated":true}]}}