{"id":13,"date":"2024-05-08T09:10:10","date_gmt":"2024-05-08T12:10:10","guid":{"rendered":"https:\/\/riodejaneiro.wordcamp.org\/2024\/?page_id=13"},"modified":"2024-08-17T10:03:22","modified_gmt":"2024-08-17T13:03:22","slug":"ingressos","status":"publish","type":"page","link":"https:\/\/riodejaneiro.wordcamp.org\/2024\/ingressos\/","title":{"rendered":"Ingressos"},"content":{"rendered":"\n<div style=\"height:40px\" aria-hidden=\"true\" class=\"wp-block-spacer\"><\/div>\n\n\n\n<p>Todos os ingressos incluem admiss\u00e3o para os dois dias do evento (16 a 17 de agosto de 2024). O dia de colabora\u00e7\u00e3o tamb\u00e9m est\u00e1 inclu\u00eddo, mas \u00e9 necess\u00e1rio registro separado (vamos enviar mais detalhes cerca de um m\u00eas antes do evento). Alimenta\u00e7\u00e3o inclu\u00edda, caf\u00e9 da manh\u00e3, almo\u00e7o e coffee break.<\/p>\n\n\n\n<p><\/p>\n\n\n<a href=\"https:\/\/riodejaneiro.wordcamp.org\/2024\/ingressos\/\">Please view this page in a browser to purchase or manage tickets.<\/a>\n\n\n\n<p><\/p>\n","protected":false},"excerpt":{"rendered":"<p>Todos os ingressos incluem admiss\u00e3o para os dois dias do evento (16 a 17 de agosto de 2024). O dia de colabora\u00e7\u00e3o tamb\u00e9m est\u00e1 inclu\u00eddo, mas \u00e9 necess\u00e1rio registro separado (vamos enviar mais detalhes cerca de um m\u00eas antes do evento). Alimenta\u00e7\u00e3o inclu\u00edda, caf\u00e9 da manh\u00e3, almo\u00e7o e coffee break.<\/p>\n","protected":false},"author":16234840,"featured_media":0,"parent":0,"menu_order":0,"comment_status":"closed","ping_status":"closed","template":"","meta":{"jetpack_post_was_ever_published":false,"footnotes":""},"class_list":["post-13","page","type-page","status-publish","hentry"],"jetpack_sharing_enabled":true,"_links":{"self":[{"href":"https:\/\/riodejaneiro.wordcamp.org\/2024\/wp-json\/wp\/v2\/pages\/13","targetHints":{"allow":["GET"]}}],"collection":[{"href":"https:\/\/riodejaneiro.wordcamp.org\/2024\/wp-json\/wp\/v2\/pages"}],"about":[{"href":"https:\/\/riodejaneiro.wordcamp.org\/2024\/wp-json\/wp\/v2\/types\/page"}],"author":[{"embeddable":true,"href":"https:\/\/riodejaneiro.wordcamp.org\/2024\/wp-json\/wp\/v2\/users\/16234840"}],"replies":[{"embeddable":true,"href":"https:\/\/riodejaneiro.wordcamp.org\/2024\/wp-json\/wp\/v2\/comments?post=13"}],"version-history":[{"count":7,"href":"https:\/\/riodejaneiro.wordcamp.org\/2024\/wp-json\/wp\/v2\/pages\/13\/revisions"}],"predecessor-version":[{"id":2252,"href":"https:\/\/riodejaneiro.wordcamp.org\/2024\/wp-json\/wp\/v2\/pages\/13\/revisions\/2252"}],"wp:attachment":[{"href":"https:\/\/riodejaneiro.wordcamp.org\/2024\/wp-json\/wp\/v2\/media?parent=13"}],"curies":[{"name":"wp","href":"https:\/\/api.w.org\/{rel}","templated":true}]}}