{"id":1382,"date":"2024-05-08T09:10:21","date_gmt":"2024-05-08T12:10:21","guid":{"rendered":"https:\/\/riodejaneiro.wordcamp.org\/2024\/?page_id=1382"},"modified":"2024-06-27T10:30:29","modified_gmt":"2024-06-27T13:30:29","slug":"inscreva-se","status":"publish","type":"page","link":"https:\/\/riodejaneiro.wordcamp.org\/2024\/inscreva-se\/","title":{"rendered":"Inscreva-se"},"content":{"rendered":"\n<figure class=\"wp-block-image alignfull size-full negative-top-margin figure-text-center\"><img loading=\"lazy\" decoding=\"async\" width=\"2104\" height=\"1709\" src=\"https:\/\/riodejaneiro.wordcamp.org\/2024\/files\/2024\/05\/male-business-executive-giving-speech-copy.jpg\" alt=\"Homem sobre um audit\u00f3rio realiza uma palestra\" class=\"wp-image-1386\" srcset=\"https:\/\/riodejaneiro.wordcamp.org\/2024\/files\/2024\/05\/male-business-executive-giving-speech-copy.jpg 2104w, https:\/\/riodejaneiro.wordcamp.org\/2024\/files\/2024\/05\/male-business-executive-giving-speech-copy-300x244.jpg 300w, https:\/\/riodejaneiro.wordcamp.org\/2024\/files\/2024\/05\/male-business-executive-giving-speech-copy-1024x832.jpg 1024w, https:\/\/riodejaneiro.wordcamp.org\/2024\/files\/2024\/05\/male-business-executive-giving-speech-copy-768x624.jpg 768w, https:\/\/riodejaneiro.wordcamp.org\/2024\/files\/2024\/05\/male-business-executive-giving-speech-copy-369x300.jpg 369w, https:\/\/riodejaneiro.wordcamp.org\/2024\/files\/2024\/05\/male-business-executive-giving-speech-copy-1536x1248.jpg 1536w, https:\/\/riodejaneiro.wordcamp.org\/2024\/files\/2024\/05\/male-business-executive-giving-speech-copy-2048x1664.jpg 2048w\" sizes=\"auto, (max-width: 2104px) 100vw, 2104px\" \/><figcaption class=\"wp-element-caption\">Inscri\u00e7\u00e3o de palestras<br>para o <strong>WordCamp Rio 2024<\/strong><\/figcaption><\/figure>\n\n\n\n<div class=\"wp-block-group alignfull has-contrast-color has-text-color has-link-color wp-elements-b14c050ea6e7c81674c4ade9f5cf0998 is-vertical is-content-justification-center is-layout-flex wp-container-core-group-is-layout-45523c7d wp-block-group-is-layout-flex\" style=\"min-height:100vh;margin-top:0;margin-bottom:0;padding-top:var(--wp--preset--spacing--30);padding-right:var(--wp--preset--spacing--30);padding-bottom:var(--wp--preset--spacing--30);padding-left:var(--wp--preset--spacing--30)\">\n<div class=\"wp-block-group has-global-padding is-layout-constrained wp-block-group-is-layout-constrained\">\n<p>O WordCamp Rio  \u00e9 um encontro presencial e todo o evento ser\u00e1 gravado em v\u00eddeo e as palestras ser\u00e3o publicadas  para acesso global a\u00f3s o evento.<\/p>\n\n\n\n<h2 class=\"wp-block-heading has-large-font-size\">Diretrizes de submiss\u00e3o<\/h2>\n\n\n\n<p><em>Limite de inscri\u00e7\u00f5es: <\/em>Para garantir uma considera\u00e7\u00e3o completa, envie no m\u00e1ximo duas propostas de palestra.<\/p>\n\n\n\n<p>Id\u00e9ias criativas s\u00e3o incentivadas. O objetivo \u00e9 que os participantes obtenham novas habilidades e insights.<\/p>\n\n\n\n<h3 class=\"wp-block-heading has-large-font-size\">Formatos de sess\u00e3o<\/h3>\n\n\n\n<h4 class=\"wp-block-heading\"><strong>Sess\u00e3o Tradicional (45 minutos): <\/strong><\/h4>\n\n\n\n<p>Mergulhe nas \u00faltimas tend\u00eancias, habilidades, estrat\u00e9gias e conceitos em desenvolvimento web, design, na empresa, com\u00e9rcio eletr\u00f4nico, cultura e neg\u00f3cios.<\/p>\n\n\n\n<h4 class=\"wp-block-heading\"><strong>Workshop (90 minutos): <\/strong><\/h4>\n\n\n\n<p>Experi\u00eancias de aprendizagem interativas e pr\u00e1ticas projetadas para envolvimento profundo e aplica\u00e7\u00e3o pr\u00e1tica. A dura\u00e7\u00e3o varia de acordo com o tema.<\/p>\n\n\n\n<h4 class=\"wp-block-heading\"><strong>Tem uma ideia \u00fanica? <\/strong><\/h4>\n\n\n\n<p>Se o conceito da sua sess\u00e3o n\u00e3o se enquadra nesses formatos, ainda estamos ansiosos para ouvi-lo! A criatividade \u00e9 a chave para um programa diversificado e din\u00e2mico.<\/p>\n\n\n\n<p><strong>Procurando inspira\u00e7\u00e3o?<br><\/strong>Considere estas \u00e1reas populares:<\/p>\n\n\n\n<ul class=\"wp-block-list\">\n<li>Entrando na profiss\u00e3o WordPress<\/li>\n\n\n\n<li>Construindo um conjunto de habilidades focado em WordPress<\/li>\n\n\n\n<li>Oportunidades de aprendizagem cont\u00ednua<\/li>\n\n\n\n<li>Mercados emergentes<\/li>\n\n\n\n<li>WordPress para empresas<\/li>\n\n\n\n<li>Crescimento e escalabilidade<\/li>\n\n\n\n<li>WordPress Headless<\/li>\n\n\n\n<li>Melhores pr\u00e1ticas de seguran\u00e7a para empresas<\/li>\n\n\n\n<li>Desenvolvimento personalizado e plug-ins corporativos<\/li>\n\n\n\n<li>O futuro do WordPress<\/li>\n\n\n\n<li>Habilidades de API de interatividade<\/li>\n\n\n\n<li>Recursos futuros do WordPress Core<\/li>\n\n\n\n<li>Tend\u00eancias de mercado<\/li>\n\n\n\n<li>WordPress e Intelig\u00eancia Artificial<\/li>\n\n\n\n<li>Habilidades essenciais em WordPress<\/li>\n\n\n\n<li>Acessibilidade (a11y)<\/li>\n\n\n\n<li>Blocos<\/li>\n\n\n\n<li>Seguran\u00e7a<\/li>\n<\/ul>\n\n\n\n<p><strong>Libera\u00e7\u00e3o de dados (leia mais em w.org)<\/strong><\/p>\n\n\n\n<h2 class=\"wp-block-heading has-large-font-size\">Todos t\u00eam algo a oferecer<\/h2>\n\n\n\n<p>Acreditamos no poder de diversas experi\u00eancias e perspectivas. Independentemente da sua forma\u00e7\u00e3o, sua voz pode contribuir para a riqueza do programa WordCamp. Se voc\u00ea estiver hesitante, considere os recursos do WordPress Diverse Speaker Training Group, dispon\u00edveis para refor\u00e7ar sua confian\u00e7a e habilidades:<\/p>\n\n\n\n<p>Links para p\u00e1ginas que podem ajudar a se preparar para a sua apresenta\u00e7\u00e3o:<\/p>\n\n\n\n<h3 class=\"wp-block-heading\"><strong>Seu envio \u00e9 importante<\/strong><\/h3>\n\n\n\n<p>Cada proposta enriquece a nossa compreens\u00e3o dos interesses e realiza\u00e7\u00f5es da comunidade. Embora n\u00e3o possamos aceitar todas as palestras, o seu envio desempenha um papel crucial na defini\u00e7\u00e3o do nosso evento. A equipe organizadora da WordCampRio \u00e9 formada por volunt\u00e1rios no Rio de Janeiro e outros locais no mundo que desejam fomentar a colabora\u00e7\u00e3o com o uso do WordPress e fortalecer a comunidade de usu\u00e1rios.<\/p>\n\n\n\n<h3 class=\"wp-block-heading\"><strong>Permane\u00e7a conectado<\/strong><\/h3>\n\n\n\n<p>Tem perguntas? Sinta-se \u00e0 vontade para fazer perguntas no canal Making WordPress Slack #WCRio e um membro da equipe responder\u00e1 o mais r\u00e1pido poss\u00edvel. Aqui est\u00e1 um guia \u00fatil para ingressar no Making WordPress Slack.<\/p>\n\n\n\n<h3 class=\"wp-block-heading\"><strong>Datas importantes<\/strong><\/h3>\n\n\n\n<ul class=\"wp-block-list\">\n<li><em>10 de Maio de 2024<\/em> Abertura da chamada para palestrantes<\/li>\n\n\n\n<li><em>6 de Julho de 2024<\/em> Encerramento da chamada para palestrantes<\/li>\n<\/ul>\n\n\n\n<p>Ao longo do m\u00eas de Julho, a equipe de programa\u00e7\u00e3o do WordCampRio analisar\u00e1 as inscri\u00e7\u00f5es, tomar\u00e1 decis\u00f5es sobre os palestrantes e entrar\u00e1 em contato com os candidatos.<\/p>\n\n\n\n<p>Estamos entusiasmados em ouvir de voc\u00ea! Juntos, vamos fazer do WordCamp Rio 2024 um evento inesquec\u00edvel com oportunidades de classe mundial para aprendizagem e crescimento!<\/p>\n\n\n\n<div style=\"height:var(--wp--preset--spacing--10)\" aria-hidden=\"true\" class=\"wp-block-spacer\"><\/div>\n\n\n\n<div class=\"wp-block-buttons is-content-justification-center is-layout-flex wp-container-core-buttons-is-layout-a89b3969 wp-block-buttons-is-layout-flex\">\n<div class=\"wp-block-button\"><a class=\"wp-block-button__link wp-element-button\">Increva-se<\/a><\/div>\n\n\n\n<div class=\"wp-block-button\"><a class=\"wp-block-button__link wp-element-button\">Envie um T\u00f3pico<\/a><\/div>\n<\/div>\n<\/div>\n<\/div>\n","protected":false},"excerpt":{"rendered":"<p>O WordCamp Rio \u00e9 um encontro presencial e todo o evento ser\u00e1 gravado em v\u00eddeo e as palestras ser\u00e3o publicadas para acesso global a\u00f3s o evento. Diretrizes de submiss\u00e3o Limite de inscri\u00e7\u00f5es: Para garantir uma considera\u00e7\u00e3o completa, envie no m\u00e1ximo duas propostas de palestra. Id\u00e9ias criativas s\u00e3o incentivadas. O objetivo \u00e9 que os participantes obtenham [&hellip;]<\/p>\n","protected":false},"author":14360163,"featured_media":1386,"parent":0,"menu_order":0,"comment_status":"closed","ping_status":"closed","template":"page-no-title","meta":{"jetpack_post_was_ever_published":true,"footnotes":""},"class_list":["post-1382","page","type-page","status-publish","has-post-thumbnail","hentry"],"jetpack_sharing_enabled":true,"_links":{"self":[{"href":"https:\/\/riodejaneiro.wordcamp.org\/2024\/wp-json\/wp\/v2\/pages\/1382","targetHints":{"allow":["GET"]}}],"collection":[{"href":"https:\/\/riodejaneiro.wordcamp.org\/2024\/wp-json\/wp\/v2\/pages"}],"about":[{"href":"https:\/\/riodejaneiro.wordcamp.org\/2024\/wp-json\/wp\/v2\/types\/page"}],"author":[{"embeddable":true,"href":"https:\/\/riodejaneiro.wordcamp.org\/2024\/wp-json\/wp\/v2\/users\/14360163"}],"replies":[{"embeddable":true,"href":"https:\/\/riodejaneiro.wordcamp.org\/2024\/wp-json\/wp\/v2\/comments?post=1382"}],"version-history":[{"count":20,"href":"https:\/\/riodejaneiro.wordcamp.org\/2024\/wp-json\/wp\/v2\/pages\/1382\/revisions"}],"predecessor-version":[{"id":2127,"href":"https:\/\/riodejaneiro.wordcamp.org\/2024\/wp-json\/wp\/v2\/pages\/1382\/revisions\/2127"}],"wp:featuredmedia":[{"embeddable":true,"href":"https:\/\/riodejaneiro.wordcamp.org\/2024\/wp-json\/wp\/v2\/media\/1386"}],"wp:attachment":[{"href":"https:\/\/riodejaneiro.wordcamp.org\/2024\/wp-json\/wp\/v2\/media?parent=1382"}],"curies":[{"name":"wp","href":"https:\/\/api.w.org\/{rel}","templated":true}]}}