{"id":1435,"date":"2024-05-08T09:02:56","date_gmt":"2024-05-08T12:02:56","guid":{"rendered":"https:\/\/riodejaneiro.wordcamp.org\/2024\/?page_id=1435"},"modified":"2024-05-23T20:21:09","modified_gmt":"2024-05-23T23:21:09","slug":"privacidade","status":"publish","type":"page","link":"https:\/\/riodejaneiro.wordcamp.org\/2024\/privacidade\/","title":{"rendered":"Pol\u00edtica de Privacidade"},"content":{"rendered":"\n<p class=\"has-background\" style=\"background-color:#fff0bc\">Voc\u00ea pode ver <a href=\"https:\/\/wordpress.org\/about\/privacy\/\">a nossa pol\u00edtica de privacidade oficial para mais detalhes<\/a>. Fizemos um resumo abaixo com expectativas gerais.<\/p>\n\n\n\n<p>Informa\u00e7\u00f5es e dados pessoais fornecidos \u00e0 organiza\u00e7\u00e3o do <strong>WordCamp Rio 2024<\/strong> \u2013 cuja veracidade e exatid\u00e3o s\u00e3o de total responsabilidade do inscrito \u2013 ser\u00e3o coletados e guardados em conformidade com padr\u00f5es r\u00edgidos de confidencialidade e de seguran\u00e7a, e utilizados para as seguintes finalidades:<\/p>\n\n\n\n<ul class=\"wp-block-list\">\n<li>comunicar o inscrito a respeito de novos produtos, promo\u00e7\u00f5es e not\u00edcias relacionadas ao evento;<\/li>\n\n\n\n<li>manter atualizados os cadastros dos inscritos para fins de contato;<\/li>\n\n\n\n<li>elaborar estat\u00edsticas gerais, sem que haja identifica\u00e7\u00e3o dos inscritos;<\/li>\n\n\n\n<li>responder \u00e0s d\u00favidas e solicita\u00e7\u00f5es dos inscritos no evento.<\/li>\n<\/ul>\n\n\n\n<p>O acesso \u00e0s informa\u00e7\u00f5es recebidas \u00e9 restrito apenas aos integrantes da organiza\u00e7\u00e3o do <strong>WordCamp Rio 2024<\/strong>, autorizados para o uso adequado dessas informa\u00e7\u00f5es. Se o inscrito desejar que seu cadastro seja exclu\u00eddo, ele poder\u00e1 solicitar a exclus\u00e3o a qualquer momento, o que ser\u00e1 feito imediatamente. Feita tal exclus\u00e3o, seu cadastro ser\u00e1 desativado da base de dados do <strong>WordCamp Rio 2024<\/strong>.<\/p>\n\n\n\n<p>A organiza\u00e7\u00e3o do <strong>WordCamp Rio 2024<\/strong> n\u00e3o vender\u00e1 ou alugar\u00e1 quaisquer dados pessoais dos usu\u00e1rios cadastrados a quaisquer terceiros.<\/p>\n","protected":false},"excerpt":{"rendered":"<p>Voc\u00ea pode ver a nossa pol\u00edtica de privacidade oficial para mais detalhes. Fizemos um resumo abaixo com expectativas gerais. Informa\u00e7\u00f5es e dados pessoais fornecidos \u00e0 organiza\u00e7\u00e3o do WordCamp Rio 2024 \u2013 cuja veracidade e exatid\u00e3o s\u00e3o de total responsabilidade do inscrito \u2013 ser\u00e3o coletados e guardados em conformidade com padr\u00f5es r\u00edgidos de confidencialidade e de [&hellip;]<\/p>\n","protected":false},"author":13917967,"featured_media":0,"parent":0,"menu_order":0,"comment_status":"closed","ping_status":"closed","template":"","meta":{"jetpack_post_was_ever_published":false,"footnotes":""},"class_list":["post-1435","page","type-page","status-publish","hentry"],"jetpack_sharing_enabled":true,"_links":{"self":[{"href":"https:\/\/riodejaneiro.wordcamp.org\/2024\/wp-json\/wp\/v2\/pages\/1435","targetHints":{"allow":["GET"]}}],"collection":[{"href":"https:\/\/riodejaneiro.wordcamp.org\/2024\/wp-json\/wp\/v2\/pages"}],"about":[{"href":"https:\/\/riodejaneiro.wordcamp.org\/2024\/wp-json\/wp\/v2\/types\/page"}],"author":[{"embeddable":true,"href":"https:\/\/riodejaneiro.wordcamp.org\/2024\/wp-json\/wp\/v2\/users\/13917967"}],"replies":[{"embeddable":true,"href":"https:\/\/riodejaneiro.wordcamp.org\/2024\/wp-json\/wp\/v2\/comments?post=1435"}],"version-history":[{"count":3,"href":"https:\/\/riodejaneiro.wordcamp.org\/2024\/wp-json\/wp\/v2\/pages\/1435\/revisions"}],"predecessor-version":[{"id":1719,"href":"https:\/\/riodejaneiro.wordcamp.org\/2024\/wp-json\/wp\/v2\/pages\/1435\/revisions\/1719"}],"wp:attachment":[{"href":"https:\/\/riodejaneiro.wordcamp.org\/2024\/wp-json\/wp\/v2\/media?parent=1435"}],"curies":[{"name":"wp","href":"https:\/\/api.w.org\/{rel}","templated":true}]}}