{"id":1438,"date":"2024-05-08T09:05:30","date_gmt":"2024-05-08T12:05:30","guid":{"rendered":"https:\/\/riodejaneiro.wordcamp.org\/2024\/?page_id=1438"},"modified":"2024-06-25T15:37:09","modified_gmt":"2024-06-25T18:37:09","slug":"sobre","status":"publish","type":"page","link":"https:\/\/riodejaneiro.wordcamp.org\/2024\/sobre\/","title":{"rendered":"O que \u00e9 o WordCamp?"},"content":{"rendered":"\n<div class=\"wp-block-group is-content-justification-center is-nowrap is-layout-flex wp-container-core-group-is-layout-23441af8 wp-block-group-is-layout-flex\">\n<div class=\"wp-block-group has-global-padding is-content-justification-center is-layout-constrained wp-block-group-is-layout-constrained\">\n<p>O <strong><a href=\"https:\/\/central.wordcamp.org\/\">WordCamp<\/a><\/strong> \u00e9 uma confer\u00eancia global sem fins lucrativos focada em promover e compartilhar conhecimento sobre o WordPress.&nbsp;<\/p>\n\n\n\n<p>Este evento,  organizado por comunidades de usu\u00e1rios do WordPress ao redor do mundo, que desejam trocar ideias e se conhecer em um&nbsp;ambiente informal, re\u00fane desenvolvedores, designers, publicit\u00e1rios, jornalistas, influenciadores e interessados em assitir palestras, trabalhar colaborativamente e em discutir os avan\u00e7os, t\u00e9cnicas, tend\u00eancias, inclus\u00e3o, usabilidade, as ferramentas e o c\u00f3digo do WordPress. Originado nos Estados Unidos, o WordCamp \u00e9 apoiado pela <strong>Funda\u00e7\u00e3o WordPress<\/strong>.&nbsp;Desde sua primeira edi\u00e7\u00e3o em S\u00e3o Francisco, em julho de 2006, organizada por <a href=\"https:\/\/ma.tt\/\"><strong>Matt Mullenweg<\/strong><\/a>, o criador do WordPress, o WordCamp se <strong><a href=\"https:\/\/central.wordcamp.org\/schedule\/past-wordcamps\/\">expandiu internacionalmente<\/a><\/strong>, chegando a cidades como Paris, Mil\u00e3o, T\u00f3quio e muitas outras.<\/p>\n<\/div>\n\n\n\n<figure class=\"wp-block-image size-full is-resized\"><img loading=\"lazy\" decoding=\"async\" width=\"2048\" height=\"1767\" src=\"https:\/\/riodejaneiro.wordcamp.org\/2024\/files\/2024\/05\/mesa_entrevista.jpg\" alt=\"\" class=\"wp-image-1817\" style=\"aspect-ratio:2\/3;object-fit:contain;width:519px;height:auto\" srcset=\"https:\/\/riodejaneiro.wordcamp.org\/2024\/files\/2024\/05\/mesa_entrevista.jpg 2048w, https:\/\/riodejaneiro.wordcamp.org\/2024\/files\/2024\/05\/mesa_entrevista-300x259.jpg 300w, https:\/\/riodejaneiro.wordcamp.org\/2024\/files\/2024\/05\/mesa_entrevista-1024x884.jpg 1024w, https:\/\/riodejaneiro.wordcamp.org\/2024\/files\/2024\/05\/mesa_entrevista-768x663.jpg 768w, https:\/\/riodejaneiro.wordcamp.org\/2024\/files\/2024\/05\/mesa_entrevista-348x300.jpg 348w, https:\/\/riodejaneiro.wordcamp.org\/2024\/files\/2024\/05\/mesa_entrevista-1536x1325.jpg 1536w\" sizes=\"auto, (max-width: 2048px) 100vw, 2048px\" \/><\/figure>\n<\/div>\n\n\n\n<div style=\"height:40px\" aria-hidden=\"true\" class=\"wp-block-spacer\"><\/div>\n\n\n\n<div class=\"wp-block-group is-horizontal is-content-justification-center is-nowrap is-layout-flex wp-container-core-group-is-layout-f24223ec wp-block-group-is-layout-flex\">\n<figure class=\"wp-block-image is-resized\"><a href=\"https:\/\/i0.wp.com\/2012.saopaulo.wordcamp.org\/files\/2012\/06\/matt4.jpg\"><img decoding=\"async\" src=\"https:\/\/i0.wp.com\/2012.saopaulo.wordcamp.org\/files\/2012\/06\/matt4-199x300.jpg?resize=199%2C300\" alt=\"Matt Mullenweg no WordCamp Brasil\" class=\"wp-image-10\" style=\"aspect-ratio:0.5625;object-fit:contain;width:399px;height:auto\" \/><\/a><\/figure>\n\n\n\n<p class=\"custom-paragraph\">Em 2009 foi realizado o primeiro WordCamp Brasil, na cidade de S\u00e3o Paulo, com a presen\u00e7a de Matt Mullenweg. Desde ent\u00e3o outros 6 WordCamps foram realizados em S\u00e3o Paulo. Esse ano realizaremos novamente o WordCamp S\u00e3o Paulo, em parceria com a UNINOVE, em um evento para cerca de 600 pessoas.<\/p>\n<\/div>\n\n\n\n<div style=\"height:40px\" aria-hidden=\"true\" class=\"wp-block-spacer\"><\/div>\n\n\n\n<div class=\"wp-block-group is-vertical is-content-justification-center is-nowrap is-layout-flex wp-container-core-group-is-layout-54be60bd wp-block-group-is-layout-flex\">\n<h3 class=\"wp-block-heading\">WordPress no Brasil<\/h3>\n\n\n\n<div class=\"wp-block-group is-nowrap is-layout-flex wp-container-core-group-is-layout-6c531013 wp-block-group-is-layout-flex\">\n<div class=\"wp-block-group has-global-padding is-layout-constrained wp-block-group-is-layout-constrained\">\n<p>Atualmente a lista de eventos exclusivos de WordPress est\u00e1 dividida em WordCamps e Meetups:<\/p>\n\n\n\n<p>Depois do primeiro WordCamp Brasil a comunidade come\u00e7ou a se organizar para descentralizar a a\u00e7\u00e3o de S\u00e3o Paulo e v\u00e1rias cidades como Rio de Janeiro, Curitiba, Salvador, Porto Alegre e Belo Horizonte come\u00e7aram a articular Meetups e a falar sobre novos WordCamps.<\/p>\n<\/div>\n\n\n\n<figure class=\"wp-block-image size-full is-resized\"><img loading=\"lazy\" decoding=\"async\" width=\"665\" height=\"676\" src=\"https:\/\/riodejaneiro.wordcamp.org\/2024\/files\/2024\/05\/image-1.png\" alt=\"\" class=\"wp-image-1818\" style=\"width:487px;height:auto\" srcset=\"https:\/\/riodejaneiro.wordcamp.org\/2024\/files\/2024\/05\/image-1.png 665w, https:\/\/riodejaneiro.wordcamp.org\/2024\/files\/2024\/05\/image-1-295x300.png 295w\" sizes=\"auto, (max-width: 665px) 100vw, 665px\" \/><\/figure>\n<\/div>\n<\/div>\n\n\n\n<div class=\"wp-block-group is-horizontal is-content-justification-center is-nowrap is-layout-flex wp-container-core-group-is-layout-2373f1c6 wp-block-group-is-layout-flex\">\n<div class=\"wp-block-group is-vertical is-content-justification-left is-layout-flex wp-container-core-group-is-layout-dd225191 wp-block-group-is-layout-flex\">\n<h4 class=\"wp-block-heading\">WordCamps<\/h4>\n\n\n\n<ul class=\"wp-block-list\">\n<li><a href=\"http:\/\/belohorizonte.wordcamp.org\/\">WordCamp Belo Horizonte<\/a><\/li>\n\n\n\n<li><a href=\"http:\/\/curitiba.wordcamp.org\/\">WordCamp Curitiba<\/a><\/li>\n\n\n\n<li><a href=\"https:\/\/floripa.wordcamp.org\/\">WordCamp Floripa<\/a><\/li>\n\n\n\n<li><a href=\"https:\/\/fortaleza.wordcamp.org\/2016\/\">WordCamp Fortaleza<\/a><\/li>\n\n\n\n<li><a href=\"http:\/\/portoalegre.wordcamp.org\/\">WordCamp Porto Alegre<\/a><\/li>\n\n\n\n<li><a href=\"http:\/\/riodejaneiro.wordcamp.org\/\">WordCamp Rio de Janeiro<\/a><\/li>\n\n\n\n<li><a href=\"http:\/\/salvador.wordcamp.org\/\">WordCamp Salvador<\/a><\/li>\n\n\n\n<li><a href=\"https:\/\/saopaulo.wordcamp.org\/\">WordCamp S\u00e3o Paulo<\/a><\/li>\n<\/ul>\n<\/div>\n\n\n\n<div style=\"height:91px;width:78px\" aria-hidden=\"true\" class=\"wp-block-spacer wp-container-content-dd35d730\"><\/div>\n\n\n\n<div class=\"wp-block-group is-vertical is-layout-flex wp-container-core-group-is-layout-fe9cc265 wp-block-group-is-layout-flex\">\n<h4 class=\"wp-block-heading\">Meetups<\/h4>\n\n\n\n<p>Maps de meetups global: <a href=\"https:\/\/www.meetup.com\/pro\/wordpress\/\">https:\/\/www.meetup.com\/pro\/wordpress\/<\/a><\/p>\n\n\n\n<ul class=\"wp-block-list\">\n<li><a href=\"https:\/\/www.meetup.com\/pt-BR\/Meetup-de-WordPress-Balneario-Camboriu\/\">Balne\u00e1rio Cambori\u00fa<\/a><\/li>\n\n\n\n<li><a href=\"http:\/\/www.meetup.com\/WordPressBeloHorizonte\">Belo Horizonte<\/a><\/li>\n\n\n\n<li><a href=\"https:\/\/www.meetup.com\/pt-BR\/Blumenau-WordPress-Meetup\/\">Blumenau<\/a><\/li>\n\n\n\n<li><a href=\"https:\/\/www.meetup.com\/WordPress-Brasilia\/\">Bras\u00edlia<\/a><\/li>\n\n\n\n<li><a href=\"https:\/\/www.meetup.com\/pt-BR\/wpcampinas\/\">Campinas<\/a><\/li>\n\n\n\n<li><a href=\"http:\/\/www.meetup.com\/wpcuritiba\/\">Curitiba<\/a><\/li>\n\n\n\n<li><a href=\"http:\/\/www.meetup.com\/WordPress-Meetup-Cariri\/\">Cariri (Regi\u00e3o do Cariri Cearense)<\/a><\/li>\n\n\n\n<li><a href=\"https:\/\/www.meetup.com\/Meetup-Wordpress-Floripa\/\">Florian\u00f3polis<\/a><\/li>\n\n\n\n<li><a href=\"https:\/\/www.meetup.com\/wpfortaleza\/\">Fortaleza<\/a><\/li>\n\n\n\n<li><a href=\"https:\/\/www.meetup.com\/pt-BR\/WordPressGyn\/\">Goi\u00e2nia<\/a><\/li>\n\n\n\n<li><a href=\"http:\/\/www.meetup.com\/wpJoaoPessoa\/\">Jo\u00e3o Pessoa<\/a><\/li>\n\n\n\n<li><a href=\"http:\/\/www.meetup.com\/wpjoinville\/\">Joinville<\/a><\/li>\n\n\n\n<li><a href=\"https:\/\/www.meetup.com\/pt-BR\/Comunidade-WordPress-Juiz-de-Fora\/\">Juiz de Fora<\/a><\/li>\n\n\n\n<li><a href=\"https:\/\/www.meetup.com\/Natal-WordPress\/\">Natal<\/a><\/li>\n\n\n\n<li><a href=\"http:\/\/www.meetup.com\/baixada-rio\/\">Nova Igua\u00e7u (Baixada Rio)<\/a><\/li>\n\n\n\n<li><a href=\"http:\/\/www.meetup.com\/wp-poa\/\">Porto Alegre<\/a><\/li>\n\n\n\n<li><a href=\"https:\/\/www.meetup.com\/Rio-Branco-WordPress-Meetup\/\">Rio Branco<\/a><\/li>\n\n\n\n<li><a href=\"http:\/\/www.meetup.com\/wp-rio\" target=\"_blank\" rel=\"noreferrer noopener\">Rio de Janeiro<\/a><\/li>\n\n\n\n<li><a href=\"https:\/\/www.meetup.com\/pt-BR\/wpsaobento\/\">S\u00e3o Bento do Sul<\/a><\/li>\n\n\n\n<li><a href=\"https:\/\/www.meetup.com\/wpsanca\">S\u00e3o Carlos<\/a><\/li>\n\n\n\n<li><a href=\"https:\/\/www.meetup.com\/pt-BR\/Sao-Jose-dos-Campos-WordPress-Meetup\/\" target=\"_blank\" rel=\"noreferrer noopener\">S\u00e3o Jos\u00e9 dos Campos<\/a><\/li>\n\n\n\n<li><a href=\"http:\/\/www.meetup.com\/wpsampa\/\" target=\"_blank\" rel=\"noreferrer noopener\">S\u00e3o Paulo<\/a><\/li>\n\n\n\n<li><a href=\"http:\/\/www.meetup.com\/wpsorocaba\/\">Sorocaba<\/a><\/li>\n\n\n\n<li><a href=\"https:\/\/www.meetup.com\/pt-BR\/Tiradentes-WordPress-Meetup\/\">Tiradentes<\/a><\/li>\n\n\n\n<li><a href=\"https:\/\/www.meetup.com\/Vitoria-WordPress-Meetup-WordCampVitoria\/\">Vit\u00f3ria<\/a><\/li>\n<\/ul>\n<\/div>\n<\/div>\n","protected":false},"excerpt":{"rendered":"<p>O WordCamp \u00e9 uma confer\u00eancia global sem fins lucrativos focada em promover e compartilhar conhecimento sobre o WordPress.&nbsp; Este evento, organizado por comunidades de usu\u00e1rios do WordPress ao redor do mundo, que desejam trocar ideias e se conhecer em um&nbsp;ambiente informal, re\u00fane desenvolvedores, designers, publicit\u00e1rios, jornalistas, influenciadores e interessados em assitir palestras, trabalhar colaborativamente e [&hellip;]<\/p>\n","protected":false},"author":13917967,"featured_media":0,"parent":0,"menu_order":0,"comment_status":"closed","ping_status":"closed","template":"","meta":{"jetpack_post_was_ever_published":false,"footnotes":""},"class_list":["post-1438","page","type-page","status-publish","hentry"],"jetpack_sharing_enabled":true,"_links":{"self":[{"href":"https:\/\/riodejaneiro.wordcamp.org\/2024\/wp-json\/wp\/v2\/pages\/1438","targetHints":{"allow":["GET"]}}],"collection":[{"href":"https:\/\/riodejaneiro.wordcamp.org\/2024\/wp-json\/wp\/v2\/pages"}],"about":[{"href":"https:\/\/riodejaneiro.wordcamp.org\/2024\/wp-json\/wp\/v2\/types\/page"}],"author":[{"embeddable":true,"href":"https:\/\/riodejaneiro.wordcamp.org\/2024\/wp-json\/wp\/v2\/users\/13917967"}],"replies":[{"embeddable":true,"href":"https:\/\/riodejaneiro.wordcamp.org\/2024\/wp-json\/wp\/v2\/comments?post=1438"}],"version-history":[{"count":7,"href":"https:\/\/riodejaneiro.wordcamp.org\/2024\/wp-json\/wp\/v2\/pages\/1438\/revisions"}],"predecessor-version":[{"id":2009,"href":"https:\/\/riodejaneiro.wordcamp.org\/2024\/wp-json\/wp\/v2\/pages\/1438\/revisions\/2009"}],"wp:attachment":[{"href":"https:\/\/riodejaneiro.wordcamp.org\/2024\/wp-json\/wp\/v2\/media?parent=1438"}],"curies":[{"name":"wp","href":"https:\/\/api.w.org\/{rel}","templated":true}]}}