{"id":2352,"date":"2024-07-23T13:47:10","date_gmt":"2024-07-23T16:47:10","guid":{"rendered":"https:\/\/riodejaneiro.wordcamp.org\/2024\/?page_id=2352"},"modified":"2024-07-23T14:05:28","modified_gmt":"2024-07-23T17:05:28","slug":"seja-voluntario","status":"publish","type":"page","link":"https:\/\/riodejaneiro.wordcamp.org\/2024\/seja-voluntario\/","title":{"rendered":"Seja Volunt\u00e1rio"},"content":{"rendered":"\n<div style=\"height:50px\" aria-hidden=\"true\" class=\"wp-block-spacer\"><\/div>\n\n\n\n<div class=\"wp-block-columns are-vertically-aligned-center is-layout-flex wp-container-core-columns-is-layout-28f84493 wp-block-columns-is-layout-flex\">\n<div class=\"wp-block-column is-vertically-aligned-center is-layout-flow wp-block-column-is-layout-flow\" style=\"flex-basis:40%\">\n<figure class=\"wp-block-image size-full\"><img loading=\"lazy\" decoding=\"async\" width=\"1280\" height=\"848\" src=\"https:\/\/riodejaneiro.wordcamp.org\/2024\/files\/2024\/04\/wordpress-589121_1280.jpg\" alt=\"WordPress\" class=\"wp-image-1374\" srcset=\"https:\/\/riodejaneiro.wordcamp.org\/2024\/files\/2024\/04\/wordpress-589121_1280.jpg 1280w, https:\/\/riodejaneiro.wordcamp.org\/2024\/files\/2024\/04\/wordpress-589121_1280-300x199.jpg 300w, https:\/\/riodejaneiro.wordcamp.org\/2024\/files\/2024\/04\/wordpress-589121_1280-1024x678.jpg 1024w, https:\/\/riodejaneiro.wordcamp.org\/2024\/files\/2024\/04\/wordpress-589121_1280-768x509.jpg 768w, https:\/\/riodejaneiro.wordcamp.org\/2024\/files\/2024\/04\/wordpress-589121_1280-453x300.jpg 453w\" sizes=\"auto, (max-width: 1280px) 100vw, 1280px\" \/><\/figure>\n<\/div>\n\n\n\n<div class=\"wp-block-column is-vertically-aligned-center is-layout-flow wp-block-column-is-layout-flow\">\n<h1 class=\"wp-block-heading\">Seja Volunt\u00e1rio<\/h1>\n\n\n\n<p>Deseja colaborar com esse WordCamp como volunt\u00e1rio? Estamos precisando de apoio em diversas \u00e1reas.<br><strong>Os envios ser\u00e3o aceitos at\u00e9 \u00e0s 23h de 31\/07\/24<\/strong> e os resultados v\u00e3o ser divulgados at\u00e9 \u00e0s 23h do dia 02\/08\/24.<\/p>\n\n\n\n<div class=\"wp-block-buttons is-layout-flex wp-block-buttons-is-layout-flex\">\n<div class=\"wp-block-button has-custom-font-size has-medium-font-size\"><a class=\"wp-block-button__link wp-element-button\" href=\"https:\/\/docs.google.com\/forms\/d\/e\/1FAIpQLScf9F-WX094zzYrqeorQYoejTAukFcw_2dg35Xya1im-CRvxA\/viewform\" style=\"border-radius:0px;padding-top:var(--wp--preset--spacing--10);padding-right:var(--wp--preset--spacing--10);padding-bottom:var(--wp--preset--spacing--10);padding-left:var(--wp--preset--spacing--10)\">Quero me inscrever<\/a><\/div>\n<\/div>\n<\/div>\n<\/div>\n\n\n\n<h2 class=\"wp-block-heading\">Como participar?<\/h2>\n\n\n\n<p>Por meio do formul\u00e1rio voc\u00ea ir\u00e1 se cadastrar para uma ou mais \u00e1reas, conforme a sua prefer\u00eancia. As \u00e1reas s\u00e3o:<\/p>\n\n\n\n<h3 class=\"wp-block-heading\">Mestre de Cerim\u00f4nias (MC)<\/h3>\n\n\n\n<p>Apresenta os palestrantes, anuncia sess\u00f5es e mant\u00e9m o cronograma do evento. Garante o bom andamento e engajamento do p\u00fablico.<\/p>\n\n\n\n<h3 class=\"wp-block-heading\">Coordenador de Sala<\/h3>\n\n\n\n<p>Supervisiona uma sala espec\u00edfica, garantindo que os palestrantes tenham tudo o que precisam e que as sess\u00f5es comecem e terminem no hor\u00e1rio. Ponto de contato para quest\u00f5es t\u00e9cnicas ou de p\u00fablico na sala.<\/p>\n\n\n\n<h3 class=\"wp-block-heading\">Equipe de registro<\/h3>\n\n\n\n<p>Equipe de Registro e Credenciais: Realiza o check-in dos participantes, distribui crach\u00e1s e kits de boas-vindas, fornece informa\u00e7\u00f5es gerais sobre o evento, e verifica as credenciais dos participantes para acesso a \u00e1reas restritas.<\/p>\n\n\n\n<h3 class=\"wp-block-heading\">Assistente de Patrocinadores<\/h3>\n\n\n\n<p>Auxilia os patrocinadores, garantindo que tenham o espa\u00e7o e os recursos necess\u00e1rios para suas atividades e exposi\u00e7\u00f5es. Atende solicita\u00e7\u00f5es e necessidades dos patrocinadores durante o evento.<\/p>\n\n\n\n<h3 class=\"wp-block-heading\">Coordenador de Emerg\u00eancias<\/h3>\n\n\n\n<p>Atua como um ponto m\u00f3vel de resolu\u00e7\u00e3o r\u00e1pida de problemas, lidando com quest\u00f5es log\u00edsticas, t\u00e9cnicas ou de participantes que surgirem inesperadamente ao longo do evento.<\/p>\n\n\n\n<h2 class=\"wp-block-heading\">Os benef\u00edcios<\/h2>\n\n\n\n<p>Embora seja um trabalho volunt\u00e1rio, e por tanto n\u00e3o remunerado, o volunt\u00e1rio ter\u00e1 os seguintes benef\u00edcios:<\/p>\n\n\n\n<ul class=\"wp-block-list\">\n<li>Acesso gratuito ao evento;<\/li>\n\n\n\n<li>Participa\u00e7\u00e3o no jantar dos palestrantes;<\/li>\n\n\n\n<li>Kit do volunt\u00e1rio (camiseta, bloco de anota\u00e7\u00f5es, bolsa ecol\u00f3gica e mais);<\/li>\n<\/ul>\n\n\n\n<div class=\"wp-block-cover alignfull has-base-2-color has-text-color has-link-color wp-elements-9d3283f76c4fa7f0646b0f2f4f7a2d96\" style=\"margin-top:var(--wp--preset--spacing--40);margin-bottom:var(--wp--preset--spacing--40);padding-top:var(--wp--preset--spacing--40);padding-right:var(--wp--preset--spacing--40);padding-bottom:var(--wp--preset--spacing--40);padding-left:var(--wp--preset--spacing--40);min-height:50px;aspect-ratio:unset;\"><span aria-hidden=\"true\" class=\"wp-block-cover__background has-accent-4-background-color has-background-dim-100 has-background-dim\"><\/span><div class=\"wp-block-cover__inner-container has-global-padding is-layout-constrained wp-container-core-cover-is-layout-25e910c5 wp-block-cover-is-layout-constrained\">\n<h2 class=\"wp-block-heading has-text-align-center has-large-font-size\">Ficou Interessado?<\/h2>\n\n\n\n<p class=\"has-text-align-center\">Ent\u00e3o n\u00e3o deixe de fazer a sua submiss\u00e3o<\/p>\n\n\n\n<div class=\"wp-block-buttons is-content-justification-center is-layout-flex wp-container-core-buttons-is-layout-a89b3969 wp-block-buttons-is-layout-flex\">\n<div class=\"wp-block-button has-custom-font-size has-medium-font-size\"><a class=\"wp-block-button__link wp-element-button\" href=\"https:\/\/docs.google.com\/forms\/d\/e\/1FAIpQLScf9F-WX094zzYrqeorQYoejTAukFcw_2dg35Xya1im-CRvxA\/viewform\" style=\"border-radius:0px;padding-top:var(--wp--preset--spacing--10);padding-right:var(--wp--preset--spacing--10);padding-bottom:var(--wp--preset--spacing--10);padding-left:var(--wp--preset--spacing--10)\">Quero me inscrever<\/a><\/div>\n<\/div>\n<\/div><\/div>\n","protected":false},"excerpt":{"rendered":"<p>Seja Volunt\u00e1rio Deseja colaborar com esse WordCamp como volunt\u00e1rio? Estamos precisando de apoio em diversas \u00e1reas.Os envios ser\u00e3o aceitos at\u00e9 \u00e0s 23h de 31\/07\/24 e os resultados v\u00e3o ser divulgados at\u00e9 \u00e0s 23h do dia 02\/08\/24. Como participar? Por meio do formul\u00e1rio voc\u00ea ir\u00e1 se cadastrar para uma ou mais \u00e1reas, conforme a sua prefer\u00eancia. [&hellip;]<\/p>\n","protected":false},"author":13917967,"featured_media":1374,"parent":0,"menu_order":0,"comment_status":"closed","ping_status":"closed","template":"page-no-title","meta":{"jetpack_post_was_ever_published":false,"footnotes":""},"class_list":["post-2352","page","type-page","status-publish","has-post-thumbnail","hentry"],"jetpack_sharing_enabled":true,"_links":{"self":[{"href":"https:\/\/riodejaneiro.wordcamp.org\/2024\/wp-json\/wp\/v2\/pages\/2352","targetHints":{"allow":["GET"]}}],"collection":[{"href":"https:\/\/riodejaneiro.wordcamp.org\/2024\/wp-json\/wp\/v2\/pages"}],"about":[{"href":"https:\/\/riodejaneiro.wordcamp.org\/2024\/wp-json\/wp\/v2\/types\/page"}],"author":[{"embeddable":true,"href":"https:\/\/riodejaneiro.wordcamp.org\/2024\/wp-json\/wp\/v2\/users\/13917967"}],"replies":[{"embeddable":true,"href":"https:\/\/riodejaneiro.wordcamp.org\/2024\/wp-json\/wp\/v2\/comments?post=2352"}],"version-history":[{"count":5,"href":"https:\/\/riodejaneiro.wordcamp.org\/2024\/wp-json\/wp\/v2\/pages\/2352\/revisions"}],"predecessor-version":[{"id":2359,"href":"https:\/\/riodejaneiro.wordcamp.org\/2024\/wp-json\/wp\/v2\/pages\/2352\/revisions\/2359"}],"wp:featuredmedia":[{"embeddable":true,"href":"https:\/\/riodejaneiro.wordcamp.org\/2024\/wp-json\/wp\/v2\/media\/1374"}],"wp:attachment":[{"href":"https:\/\/riodejaneiro.wordcamp.org\/2024\/wp-json\/wp\/v2\/media?parent=2352"}],"curies":[{"name":"wp","href":"https:\/\/api.w.org\/{rel}","templated":true}]}}