{"id":3140,"date":"2024-08-26T16:22:58","date_gmt":"2024-08-26T19:22:58","guid":{"rendered":"https:\/\/riodejaneiro.wordcamp.org\/2024\/?page_id=3140"},"modified":"2025-08-04T18:28:40","modified_gmt":"2025-08-04T21:28:40","slug":"o-wordcamp-rio-2024-em-numeros","status":"publish","type":"page","link":"https:\/\/riodejaneiro.wordcamp.org\/2024\/o-wordcamp-rio-2024-em-numeros\/","title":{"rendered":"O WordCamp Rio 2024 em n\u00fameros"},"content":{"rendered":"\n<div class=\"wp-block-media-text is-stacked-on-mobile is-image-fill-element has-base-2-background-color has-background\" style=\"border-radius:5px;grid-template-columns:51% auto\"><figure class=\"wp-block-media-text__media\"><img loading=\"lazy\" decoding=\"async\" width=\"1024\" height=\"576\" src=\"https:\/\/riodejaneiro.wordcamp.org\/2024\/files\/2024\/08\/WordCamp-Rio-2024-Foto-de-encerramento-1024x576.jpg\" alt=\"\" class=\"wp-image-3235 size-full\" style=\"object-position:59% 85%\" srcset=\"https:\/\/riodejaneiro.wordcamp.org\/2024\/files\/2024\/08\/WordCamp-Rio-2024-Foto-de-encerramento-1024x576.jpg 1024w, https:\/\/riodejaneiro.wordcamp.org\/2024\/files\/2024\/08\/WordCamp-Rio-2024-Foto-de-encerramento-300x169.jpg 300w, https:\/\/riodejaneiro.wordcamp.org\/2024\/files\/2024\/08\/WordCamp-Rio-2024-Foto-de-encerramento-768x432.jpg 768w, https:\/\/riodejaneiro.wordcamp.org\/2024\/files\/2024\/08\/WordCamp-Rio-2024-Foto-de-encerramento-500x281.jpg 500w, https:\/\/riodejaneiro.wordcamp.org\/2024\/files\/2024\/08\/WordCamp-Rio-2024-Foto-de-encerramento-1536x864.jpg 1536w, https:\/\/riodejaneiro.wordcamp.org\/2024\/files\/2024\/08\/WordCamp-Rio-2024-Foto-de-encerramento-2048x1152.jpg 2048w\" sizes=\"auto, (max-width: 1024px) 100vw, 1024px\" \/><\/figure><div class=\"wp-block-media-text__content\">\n<p>Este \u00e9 o renascimento da comunidade WP Rio ap\u00f3s tantos anos. Com 83% dos participantes explorando o evento pela primeira vez, ficou claro que o WordPress continua atraindo novos talentos e entusiastas, alimentando a comunidade com novas ideias e muita energia. <\/p>\n\n\n\n<p>Foram 10 anos desde o primeiro WordCamp no Rio, e \u00e9 reconfortante saber que os la\u00e7os de amizade e colabora\u00e7\u00e3o, constru\u00eddos nos WordCamps anteriores, ainda permanecem fortes. <\/p>\n<\/div><\/div>\n\n\n\n<div style=\"height:30px\" aria-hidden=\"true\" class=\"wp-block-spacer\"><\/div>\n\n\n\n<h2 class=\"wp-block-heading\">Como foi?<\/h2>\n\n\n\n<div class=\"wp-block-columns is-layout-flex wp-container-core-columns-is-layout-d2da2050 wp-block-columns-is-layout-flex\" style=\"margin-bottom:0\">\n<div class=\"wp-block-column has-border-color has-accent-2-border-color has-contrast-color has-base-2-background-color has-text-color has-background has-link-color wp-elements-559c6b6b23426c20af31432854f0ae20 is-layout-flow wp-container-core-column-is-layout-27e2cebf wp-block-column-is-layout-flow\" style=\"border-width:1px;border-radius:5px;padding-top:var(--wp--preset--spacing--30);padding-right:var(--wp--preset--spacing--30);padding-bottom:var(--wp--preset--spacing--30);padding-left:var(--wp--preset--spacing--30);flex-basis:50%\">\n<div class=\"wp-block-group has-global-padding is-layout-constrained wp-block-group-is-layout-constrained\">\n<h2 class=\"wp-block-heading has-contrast-color has-text-color has-link-color wp-elements-6d612d5fd7a47b119e5d3689a4995127\" id=\"single\" style=\"font-size:clamp(33.419px, 2.089rem + ((1vw - 3.2px) * 2.769), 60px);\"><strong>116<\/strong><\/h2>\n\n\n\n<p style=\"font-size:clamp(16.293px, 1.018rem + ((1vw - 3.2px) * 0.907), 25px);line-height:1.5\"><strong>Participantes<\/strong><\/p>\n<\/div>\n<\/div>\n\n\n\n<div class=\"wp-block-column is-vertically-aligned-stretch has-border-color has-accent-2-border-color has-base-2-background-color has-background is-layout-flow wp-container-core-column-is-layout-27e2cebf wp-block-column-is-layout-flow\" style=\"border-width:1px;border-radius:5px;padding-top:var(--wp--preset--spacing--30);padding-right:var(--wp--preset--spacing--30);padding-bottom:var(--wp--preset--spacing--30);padding-left:var(--wp--preset--spacing--30);flex-basis:25%\">\n<div class=\"wp-block-group has-global-padding is-layout-constrained wp-block-group-is-layout-constrained\">\n<h2 class=\"wp-block-heading\" id=\"single\" style=\"font-size:clamp(24.034px, 1.502rem + ((1vw - 3.2px) * 1.663), 40px);\"><strong>23<\/strong><\/h2>\n\n\n\n<p class=\"has-normal-font-size\" style=\"line-height:1.5\"><strong>Palestrantes e panelistas<\/strong><\/p>\n<\/div>\n<\/div>\n\n\n\n<div class=\"wp-block-column has-border-color has-accent-2-border-color has-base-2-background-color has-background is-layout-flow wp-container-core-column-is-layout-27e2cebf wp-block-column-is-layout-flow\" style=\"border-width:1px;border-radius:5px;padding-top:var(--wp--preset--spacing--30);padding-right:var(--wp--preset--spacing--30);padding-bottom:var(--wp--preset--spacing--30);padding-left:var(--wp--preset--spacing--30);flex-basis:25%\">\n<div class=\"wp-block-group has-global-padding is-layout-constrained wp-block-group-is-layout-constrained\">\n<h2 class=\"wp-block-heading\" id=\"single\" style=\"font-size:clamp(24.034px, 1.502rem + ((1vw - 3.2px) * 1.663), 40px);\"><strong>18<\/strong><\/h2>\n\n\n\n<p class=\"has-normal-font-size\" style=\"line-height:1.5\"><strong>Sess\u00f5es<\/strong><\/p>\n<\/div>\n<\/div>\n<\/div>\n\n\n\n<div class=\"wp-block-columns is-layout-flex wp-container-core-columns-is-layout-28f84493 wp-block-columns-is-layout-flex\">\n<div class=\"wp-block-column is-vertically-aligned-stretch has-border-color has-accent-2-border-color has-base-2-background-color has-background is-layout-flow wp-container-core-column-is-layout-27e2cebf wp-block-column-is-layout-flow\" style=\"border-width:1px;border-radius:5px;padding-top:var(--wp--preset--spacing--30);padding-right:var(--wp--preset--spacing--30);padding-bottom:var(--wp--preset--spacing--30);padding-left:var(--wp--preset--spacing--30);flex-basis:25%\">\n<div class=\"wp-block-group has-global-padding is-layout-constrained wp-block-group-is-layout-constrained\">\n<h2 class=\"wp-block-heading\" id=\"single\" style=\"font-size:clamp(24.034px, 1.502rem + ((1vw - 3.2px) * 1.663), 40px);\"><strong>11<\/strong><\/h2>\n\n\n\n<p class=\"has-normal-font-size\" style=\"line-height:1.5\"><strong>Patrocinadores e micropatrocinadores<\/strong> <\/p>\n<\/div>\n<\/div>\n\n\n\n<div class=\"wp-block-column is-vertically-aligned-stretch has-border-color has-accent-2-border-color has-base-2-background-color has-background is-layout-flow wp-container-core-column-is-layout-27e2cebf wp-block-column-is-layout-flow\" style=\"border-width:1px;border-radius:5px;padding-top:var(--wp--preset--spacing--30);padding-right:var(--wp--preset--spacing--30);padding-bottom:var(--wp--preset--spacing--30);padding-left:var(--wp--preset--spacing--30);flex-basis:25%\">\n<div class=\"wp-block-group has-global-padding is-layout-constrained wp-block-group-is-layout-constrained\">\n<h2 class=\"wp-block-heading\" id=\"single\" style=\"font-size:clamp(24.034px, 1.502rem + ((1vw - 3.2px) * 1.663), 40px);\"><strong>10<\/strong><\/h2>\n\n\n\n<p class=\"has-normal-font-size\" style=\"line-height:1.5\"><strong>Organizadores<\/strong><\/p>\n<\/div>\n<\/div>\n\n\n\n<div class=\"wp-block-column is-vertically-aligned-stretch has-border-color has-accent-2-border-color has-base-2-background-color has-background is-layout-flow wp-container-core-column-is-layout-27e2cebf wp-block-column-is-layout-flow\" style=\"border-width:1px;border-radius:5px;padding-top:var(--wp--preset--spacing--30);padding-right:var(--wp--preset--spacing--30);padding-bottom:var(--wp--preset--spacing--30);padding-left:var(--wp--preset--spacing--30);flex-basis:25%\">\n<div class=\"wp-block-group has-global-padding is-layout-constrained wp-block-group-is-layout-constrained\">\n<h2 class=\"wp-block-heading\" id=\"single\" style=\"font-size:clamp(24.034px, 1.502rem + ((1vw - 3.2px) * 1.663), 40px);\"><strong>10<\/strong><\/h2>\n\n\n\n<p class=\"has-normal-font-size\" style=\"line-height:1.5\"><strong>Volunt\u00e1rios<\/strong><\/p>\n<\/div>\n<\/div>\n<\/div>\n\n\n\n<div style=\"height:30px\" aria-hidden=\"true\" class=\"wp-block-spacer\"><\/div>\n\n\n\n<h2 class=\"wp-block-heading\">Primeira vez?<\/h2>\n\n\n\n<div class=\"wp-block-group has-global-padding is-layout-constrained wp-block-group-is-layout-constrained\">\n<div class=\"wp-block-columns is-layout-flex wp-container-core-columns-is-layout-28f84493 wp-block-columns-is-layout-flex\">\n<div class=\"wp-block-column has-border-color has-accent-3-border-color has-base-2-background-color has-background is-layout-flow wp-container-core-column-is-layout-27e2cebf wp-block-column-is-layout-flow\" style=\"border-width:1px;border-radius:5px;padding-top:var(--wp--preset--spacing--30);padding-right:var(--wp--preset--spacing--30);padding-bottom:var(--wp--preset--spacing--30);padding-left:var(--wp--preset--spacing--30)\">\n<div class=\"wp-block-group has-global-padding is-layout-constrained wp-block-group-is-layout-constrained\">\n<h2 class=\"wp-block-heading\" id=\"single\" style=\"font-size:clamp(24.034px, 1.502rem + ((1vw - 3.2px) * 1.663), 40px);\"><strong>52%<\/strong><\/h2>\n\n\n\n<p class=\"has-normal-font-size\" style=\"line-height:1.5\"><strong>Foram a um evento WP pela primeira vez<\/strong><\/p>\n<\/div>\n<\/div>\n\n\n\n<div class=\"wp-block-column has-border-color has-accent-3-border-color has-base-2-background-color has-background is-layout-flow wp-container-core-column-is-layout-27e2cebf wp-block-column-is-layout-flow\" style=\"border-width:1px;border-radius:5px;padding-top:var(--wp--preset--spacing--30);padding-right:var(--wp--preset--spacing--30);padding-bottom:var(--wp--preset--spacing--30);padding-left:var(--wp--preset--spacing--30)\">\n<div class=\"wp-block-group has-global-padding is-layout-constrained wp-block-group-is-layout-constrained\">\n<h2 class=\"wp-block-heading\" id=\"single\" style=\"font-size:clamp(24.034px, 1.502rem + ((1vw - 3.2px) * 1.663), 40px);\"><strong>54%<\/strong><\/h2>\n\n\n\n<p class=\"has-normal-font-size\" style=\"line-height:1.5\"><strong>Foram a um WordCamp pela primeira vez<\/strong><\/p>\n<\/div>\n<\/div>\n\n\n\n<div class=\"wp-block-column has-border-color has-accent-3-border-color has-base-2-background-color has-background is-layout-flow wp-container-core-column-is-layout-27e2cebf wp-block-column-is-layout-flow\" style=\"border-width:1px;border-radius:5px;padding-top:var(--wp--preset--spacing--30);padding-right:var(--wp--preset--spacing--30);padding-bottom:var(--wp--preset--spacing--30);padding-left:var(--wp--preset--spacing--30)\">\n<div class=\"wp-block-group has-global-padding is-layout-constrained wp-block-group-is-layout-constrained\">\n<h2 class=\"wp-block-heading\" id=\"single\" style=\"font-size:clamp(24.034px, 1.502rem + ((1vw - 3.2px) * 1.663), 40px);\"><strong>83%<\/strong><\/h2>\n\n\n\n<p class=\"has-normal-font-size\" style=\"line-height:1.5\"><strong>Foram ao WordCamp Rio pela primeira vez<\/strong><\/p>\n<\/div>\n<\/div>\n<\/div>\n<\/div>\n\n\n\n<div style=\"height:30px\" aria-hidden=\"true\" class=\"wp-block-spacer\"><\/div>\n\n\n\n<h2 class=\"wp-block-heading\">Quem veio?<\/h2>\n\n\n\n<div class=\"wp-block-columns is-layout-flex wp-container-core-columns-is-layout-28f84493 wp-block-columns-is-layout-flex\">\n<div class=\"wp-block-column has-border-color has-base-2-background-color has-background is-layout-flow wp-container-core-column-is-layout-27e2cebf wp-block-column-is-layout-flow\" style=\"border-color:#6363632e;border-width:1px;border-radius:5px;padding-top:var(--wp--preset--spacing--30);padding-right:var(--wp--preset--spacing--30);padding-bottom:var(--wp--preset--spacing--30);padding-left:var(--wp--preset--spacing--30)\">\n<div class=\"wp-block-group has-global-padding is-layout-constrained wp-block-group-is-layout-constrained\">\n<h2 class=\"wp-block-heading\" id=\"single\" style=\"font-size:clamp(24.034px, 1.502rem + ((1vw - 3.2px) * 1.663), 40px);\"><strong>66%<\/strong><\/h2>\n\n\n\n<p class=\"has-normal-font-size\" style=\"line-height:1.5\"><strong>De participantes do Estado do Rio<\/strong><\/p>\n<\/div>\n<\/div>\n\n\n\n<div class=\"wp-block-column has-border-color has-base-2-background-color has-background is-layout-flow wp-container-core-column-is-layout-27e2cebf wp-block-column-is-layout-flow\" style=\"border-color:#6363632e;border-width:1px;border-radius:5px;padding-top:var(--wp--preset--spacing--30);padding-right:var(--wp--preset--spacing--30);padding-bottom:var(--wp--preset--spacing--30);padding-left:var(--wp--preset--spacing--30)\">\n<div class=\"wp-block-group has-global-padding is-layout-constrained wp-block-group-is-layout-constrained\">\n<h2 class=\"wp-block-heading\" id=\"single\" style=\"font-size:clamp(24.034px, 1.502rem + ((1vw - 3.2px) * 1.663), 40px);\"><strong>27<\/strong><\/h2>\n\n\n\n<p class=\"has-normal-font-size\" style=\"line-height:1.5\"><strong>De outros Estados: BA, CE, MG, PE, PR, RS, SC, SP<\/strong><\/p>\n<\/div>\n<\/div>\n\n\n\n<div class=\"wp-block-column has-border-color has-base-2-background-color has-background is-layout-flow wp-container-core-column-is-layout-27e2cebf wp-block-column-is-layout-flow\" style=\"border-color:#6363632e;border-width:1px;border-radius:5px;padding-top:var(--wp--preset--spacing--30);padding-right:var(--wp--preset--spacing--30);padding-bottom:var(--wp--preset--spacing--30);padding-left:var(--wp--preset--spacing--30)\">\n<div class=\"wp-block-group has-global-padding is-layout-constrained wp-block-group-is-layout-constrained\">\n<h2 class=\"wp-block-heading\" id=\"single\" style=\"font-size:clamp(24.034px, 1.502rem + ((1vw - 3.2px) * 1.663), 40px);\"><strong>2<\/strong> \ud83c\uddfa\ud83c\uddf8<\/h2>\n\n\n\n<p class=\"has-normal-font-size\" style=\"line-height:1.5\"><strong>Participantes dos Estados Unidos<\/strong><\/p>\n<\/div>\n<\/div>\n\n\n\n<div class=\"wp-block-column has-border-color has-base-2-background-color has-background is-layout-flow wp-container-core-column-is-layout-27e2cebf wp-block-column-is-layout-flow\" style=\"border-color:#6363632e;border-width:1px;border-radius:5px;padding-top:var(--wp--preset--spacing--30);padding-right:var(--wp--preset--spacing--30);padding-bottom:var(--wp--preset--spacing--30);padding-left:var(--wp--preset--spacing--30)\">\n<div class=\"wp-block-group has-global-padding is-layout-constrained wp-block-group-is-layout-constrained\">\n<h2 class=\"wp-block-heading\" id=\"single\" style=\"font-size:clamp(24.034px, 1.502rem + ((1vw - 3.2px) * 1.663), 40px);\"><strong>1<\/strong> <strong>\ud83c\udde6\ud83c\uddf7<\/strong><\/h2>\n\n\n\n<p class=\"has-normal-font-size\" style=\"line-height:1.5\"><strong>Participante da Argentina <\/strong><\/p>\n<\/div>\n<\/div>\n<\/div>\n","protected":false},"excerpt":{"rendered":"<p>Este \u00e9 o renascimento da comunidade WP Rio ap\u00f3s tantos anos. Com 83% dos participantes explorando o evento pela primeira vez, ficou claro que o WordPress continua atraindo novos talentos e entusiastas, alimentando a comunidade com novas ideias e muita energia. Foram 10 anos desde o primeiro WordCamp no Rio, e \u00e9 reconfortante saber que [&hellip;]<\/p>\n","protected":false},"author":587564,"featured_media":0,"parent":0,"menu_order":0,"comment_status":"closed","ping_status":"closed","template":"","meta":{"jetpack_post_was_ever_published":false,"footnotes":""},"class_list":["post-3140","page","type-page","status-publish","hentry"],"jetpack_sharing_enabled":true,"_links":{"self":[{"href":"https:\/\/riodejaneiro.wordcamp.org\/2024\/wp-json\/wp\/v2\/pages\/3140","targetHints":{"allow":["GET"]}}],"collection":[{"href":"https:\/\/riodejaneiro.wordcamp.org\/2024\/wp-json\/wp\/v2\/pages"}],"about":[{"href":"https:\/\/riodejaneiro.wordcamp.org\/2024\/wp-json\/wp\/v2\/types\/page"}],"author":[{"embeddable":true,"href":"https:\/\/riodejaneiro.wordcamp.org\/2024\/wp-json\/wp\/v2\/users\/587564"}],"replies":[{"embeddable":true,"href":"https:\/\/riodejaneiro.wordcamp.org\/2024\/wp-json\/wp\/v2\/comments?post=3140"}],"version-history":[{"count":93,"href":"https:\/\/riodejaneiro.wordcamp.org\/2024\/wp-json\/wp\/v2\/pages\/3140\/revisions"}],"predecessor-version":[{"id":3547,"href":"https:\/\/riodejaneiro.wordcamp.org\/2024\/wp-json\/wp\/v2\/pages\/3140\/revisions\/3547"}],"wp:attachment":[{"href":"https:\/\/riodejaneiro.wordcamp.org\/2024\/wp-json\/wp\/v2\/media?parent=3140"}],"curies":[{"name":"wp","href":"https:\/\/api.w.org\/{rel}","templated":true}]}}